{"id":1097,"date":"2024-11-16T12:56:10","date_gmt":"2024-11-16T12:56:10","guid":{"rendered":"https:\/\/marblancsolar.com\/calculadora-solar\/"},"modified":"2026-03-03T15:42:50","modified_gmt":"2026-03-03T15:42:50","slug":"calculadora-solar","status":"publish","type":"page","link":"https:\/\/marblancsolar.ludeni.dev\/es\/calculadora-solar\/","title":{"rendered":"Calculadora del punto de equilibrio solar"},"content":{"rendered":"<div class=\"gb-container gb-container-dc9395b4\">\n\n<video loop=\"\" muted=\"\" autoplay=\"\" playsinline=\"\" poster=\"https:\/\/marblancsolar.ludeni.dev\/wp-content\/uploads\/2025\/05\/Benahavis-Solar-Install-1.webp\" class=\"background-video\">\n<source src=\"https:\/\/player.vimeo.com\/progressive_redirect\/playback\/1087825926\/rendition\/1080p\/file.mp4?loc=external&#038;signature=5c0bc495ccaeaf7e97f48552b674b57ac27ce5eb50b9199463eb5fb9ee590101\" type=\"video\/mp4\">\n<\/source><\/video>\n<div class=\"background-video-content\">\nEl contenido de tu Elemento aqu\u00ed.\n<\/div>\n\n\n<div class=\"gb-container gb-container-25b16727\">\n<div class=\"gb-container gb-container-23ed7c7e\">\n<div class=\"gb-container gb-container-123dfc85\">\n\n<h1 class=\"gb-headline gb-headline-464eca5a gb-headline-text\">#1 <strong>Solar Break-Even Calculator<\/strong> for Homes on Spain&#8217;s Costa del Sol &amp; Costa Blanca<\/h1>\n\n\n\n<p class=\"gb-headline gb-headline-d43ad4d4 gb-headline-text\">Una de nuestras instalaciones de <a href=\"https:\/\/marblancsolar.ludeni.dev\/es\/18-paneles-solares-bateria-10-kwh-nueva-andalucia-marbella\/\" title=\"\"><mark style=\"background-color:rgba(0, 0, 0, 0)\" class=\"has-inline-color has-base-3-color\"><strong>18 paneles solares en Nueva Andaluc\u00eda<\/strong><\/mark><\/a>Marbella, est\u00e1 en v\u00edas de amortizarse en 3\u00bd a\u00f1os. \u00bfPodr\u00eda tu instalaci\u00f3n amortizarse a\u00fan m\u00e1s r\u00e1pido? <\/p>\n\n<\/div>\n<\/div>\n<div class=\"gb-shapes\"><div class=\"gb-shape gb-shape-1\"><svg preserveAspectRatio=\"none\" viewBox=\"0 0 1200 350\" xmlns=\"http:\/\/www.w3.org\/2000\/svg\">\n  <defs>\n    \n    \n    <linearGradient y2=\"0%\" x2=\"0%\" y1=\"0%\" x1=\"100%\" id=\"myShapeGradient\">\n      \n      <stop stop-color=\"#052c64\" offset=\"0%\"><\/stop>\n      <stop stop-color=\"#5785e8\" offset=\"100%\"><\/stop>\n    <\/linearGradient>\n  <\/defs>\n\n  \n  <path d=\"M1200 350V0C22.4 60.3 0 336.7 0 336.7V350h1200z\" fill=\"url(#myShapeGradient)\"><\/path>\n<\/svg><\/div><\/div><\/div>\n<\/div><section class=\"gb-container gb-container-562aef2a\">\n<div class=\"gb-container gb-container-8128fcd8\">\n<div class=\"gb-container gb-container-aad7b4c8\">\n\n<h2 class=\"gb-headline gb-headline-d3d7bfe7 gb-headline-text\">Acerca de la Calculadora del Punto de Equilibrio Solar<\/h2>\n\n<\/div>\n\n<div class=\"gb-container gb-container-876eb6e4\">\n\n<p class=\"gb-headline gb-headline-fdd1e650 gb-headline-text\">\u00bfQuieres saber cu\u00e1l es el periodo de equilibrio o de amortizaci\u00f3n de una instalaci\u00f3n solar en tu propiedad de la Costa del Sol?<\/p>\n\n\n\n<p class=\"gb-headline gb-headline-09e93f1f gb-headline-text\">El equipo de <a href=\"https:\/\/marblancsolar.ludeni.dev\/es\/\" title=\"Inicio\">Marblanc<\/a> Solar ha creado esta calculadora online del umbral de rentabilidad para ayudarte a responder a esa pregunta. En s\u00f3lo 2-3 minutos te dir\u00e1 tu: <\/p>\n\n\n\n<p class=\"gb-headline gb-headline-e8143062\"><span class=\"gb-icon\"><svg xmlns=\"http:\/\/www.w3.org\/2000\/svg\" aria-hidden=\"true\" role=\"img\" height=\"1em\" width=\"1em\" viewbox=\"0 0 512 512\"><path fill=\"currentColor\" d=\"M173.898 439.404l-166.4-166.4c-9.997-9.997-9.997-26.206 0-36.204l36.203-36.204c9.997-9.998 26.207-9.998 36.204 0L192 312.69 432.095 72.596c9.997-9.997 26.207-9.997 36.204 0l36.203 36.204c9.997 9.997 9.997 26.206 0 36.204l-294.4 294.401c-9.998 9.997-26.207 9.997-36.204-.001z\"><\/path><\/svg><\/span><span class=\"gb-headline-text\">Periodo de equilibrio estimado<\/span><\/p>\n\n\n\n<p class=\"gb-headline gb-headline-15dd6191\"><span class=\"gb-icon\"><svg xmlns=\"http:\/\/www.w3.org\/2000\/svg\" aria-hidden=\"true\" role=\"img\" height=\"1em\" width=\"1em\" viewbox=\"0 0 512 512\"><path fill=\"currentColor\" d=\"M173.898 439.404l-166.4-166.4c-9.997-9.997-9.997-26.206 0-36.204l36.203-36.204c9.997-9.998 26.207-9.998 36.204 0L192 312.69 432.095 72.596c9.997-9.997 26.207-9.997 36.204 0l36.203 36.204c9.997 9.997 9.997 26.206 0 36.204l-294.4 294.401c-9.998 9.997-26.207 9.997-36.204-.001z\"><\/path><\/svg><\/span><span class=\"gb-headline-text\">Ahorro anual de electricidad estimado para los pr\u00f3ximos 10 a\u00f1os<\/span><\/p>\n\n\n\n<p class=\"gb-headline gb-headline-fc152d89\"><span class=\"gb-icon\"><svg xmlns=\"http:\/\/www.w3.org\/2000\/svg\" aria-hidden=\"true\" role=\"img\" height=\"1em\" width=\"1em\" viewbox=\"0 0 512 512\"><path fill=\"currentColor\" d=\"M173.898 439.404l-166.4-166.4c-9.997-9.997-9.997-26.206 0-36.204l36.203-36.204c9.997-9.998 26.207-9.998 36.204 0L192 312.69 432.095 72.596c9.997-9.997 26.207-9.997 36.204 0l36.203 36.204c9.997 9.997 9.997 26.206 0 36.204l-294.4 294.401c-9.998 9.997-26.207 9.997-36.204-.001z\"><\/path><\/svg><\/span><span class=\"gb-headline-text\">Reducci\u00f3n estimada del IBI (impuesto sobre bienes inmuebles)<\/span><\/p>\n\n\n\n<p class=\"gb-headline gb-headline-79c903ab\"><span class=\"gb-icon\"><svg xmlns=\"http:\/\/www.w3.org\/2000\/svg\" aria-hidden=\"true\" role=\"img\" height=\"1em\" width=\"1em\" viewbox=\"0 0 512 512\"><path fill=\"currentColor\" d=\"M173.898 439.404l-166.4-166.4c-9.997-9.997-9.997-26.206 0-36.204l36.203-36.204c9.997-9.998 26.207-9.998 36.204 0L192 312.69 432.095 72.596c9.997-9.997 26.207-9.997 36.204 0l36.203 36.204c9.997 9.997 9.997 26.206 0 36.204l-294.4 294.401c-9.998 9.997-26.207 9.997-36.204-.001z\"><\/path><\/svg><\/span><span class=\"gb-headline-text\">Reducci\u00f3n estimada del IRPF<\/span><\/p>\n\n\n\n<p class=\"gb-headline gb-headline-e73dfcda gb-headline-text\">The calculator is adjusted for average peak solar hours on the Costa del Sol in Spain. Break-even estimations are based on 100+ proposals via our <a href=\"https:\/\/marblancsolar.ludeni.dev\/free-solar-survey\/\" title=\"Free solar survey\">free solar survey<\/a> service for homeowners in the area.<\/p>\n\n<\/div>\n<\/div>\n<\/section><div class=\"gb-container gb-container-a545d068\">\n<div class=\"gb-container gb-container-458af321\">\n<div class=\"gb-container gb-container-ec9bc90c\">\n<div class=\"gb-grid-wrapper gb-grid-wrapper-f1d610e8\">\n<div class=\"gb-grid-column gb-grid-column-01cc02b0\"><div class=\"gb-container gb-container-01cc02b0\">\n\n<h3 class=\"gb-headline gb-headline-8a1562b9 gb-headline-text\">Prueba ahora la calculadora<\/h3>\n\n<\/div><\/div>\n\n<div class=\"gb-grid-column gb-grid-column-1c6411f1\"><div class=\"gb-container gb-container-1c6411f1\">\n\n<p class=\"gb-headline gb-headline-760e172d gb-headline-text\">Haz clic abajo para probar la calculadora del umbral de rentabilidad solar. Se abrir\u00e1 en una nueva ventana. <\/p>\n\n\n\n<a class=\"gb-button gb-button-01a578fa gb-button-text\" href=\"https:\/\/marblancsolar.ludeni.dev\/es\/calculadora-solar\/version-2\/\" target=\"_blank\" rel=\"nofollow noopener noreferrer\">Calculadora del umbral de rentabilidad solar<\/a>\n\n<\/div><\/div>\n<\/div>\n<\/div>\n<\/div>\n<\/div><div class=\"gb-container gb-container-a00a6d44\">\n<div class=\"gb-grid-wrapper gb-grid-wrapper-cec4bd47\">\n<div class=\"gb-grid-column gb-grid-column-589fb47f\"><div class=\"gb-container gb-container-589fb47f\"><\/div><\/div>\n\n<div class=\"gb-grid-column gb-grid-column-b64d7cd5\"><div class=\"gb-container gb-container-b64d7cd5\">\n\n<p class=\"gb-headline gb-headline-16128234 gb-headline-text\">\u00b7<\/p>\n\n<\/div><\/div>\n\n<div class=\"gb-grid-column gb-grid-column-5b72b4db\"><div class=\"gb-container gb-container-5b72b4db\"><\/div><\/div>\n<\/div>\n<\/div><section class=\"gb-container gb-container-d8924d82\">\n\n<h2 class=\"gb-headline gb-headline-e831ee2a gb-headline-text\">Preguntas frecuentes<\/h2>\n\n\n<div class=\"gb-container gb-container-494fbdb4\">\n\n<h4 class=\"gb-headline gb-headline-ef80f98f gb-headline-text\">\u00bfCu\u00e1nto tarda la calculadora?<\/h4>\n\n\n\n<p class=\"gb-headline gb-headline-8abc190a gb-headline-text\">Hay 5 pasos cuya respuesta no deber\u00eda llevar m\u00e1s de 2-3 minutos.<\/p>\n\n\n\n<p class=\"gb-headline gb-headline-423ed938 gb-headline-text\">El resultado se genera instant\u00e1neamente.<\/p>\n\n<\/div>\n\n<div class=\"gb-container gb-container-2c5fdfce\">\n\n<h4 class=\"gb-headline gb-headline-9af65be5 gb-headline-text\">\u00bfQu\u00e9 necesito para utilizar la calculadora?<\/h4>\n\n\n\n<p class=\"has-text-align-left\">Necesitas una copia de una factura reciente de electricidad de tu vivienda en Espa\u00f1a.<\/p>\n\n\n\n<p class=\"has-text-align-left\">La calculadora requiere informaci\u00f3n sobre tu consumo medio mensual (en kWh) y tu consumo medio diario (en \u20ac).<\/p>\n\n<\/div>\n\n<div class=\"gb-container gb-container-3a164766\">\n\n<h4 class=\"gb-headline gb-headline-9c09586e gb-headline-text\">\u00bfY si no tengo factura de la luz?<\/h4>\n\n\n\n<p class=\"has-text-align-left\">If you don&#8217;t have an electricity bill or if you can&#8217;t figure out your average and annual consumption, then you can ask one of our survey engineers for help. Click here to request a <a href=\"https:\/\/marblancsolar.ludeni.dev\/free-solar-survey\/\" title=\"Free Solar Survey\">free solar survey<\/a> and we&#8217;ll call you back within one working day to find a suitable time.<\/p>\n\n<\/div>\n\n<div class=\"gb-container gb-container-9e77d76b\">\n\n<h4 class=\"gb-headline gb-headline-052359cd gb-headline-text\">\u00bfY si mi consumo de electricidad es bajo?<\/h4>\n\n\n\n<p class=\"has-text-align-left\">Si tu consumo medio mensual es inferior a 450 kWh (unos 90 euros al mes), el periodo de equilibrio podr\u00eda ser m\u00e1s largo que los 3-5 a\u00f1os habituales.<\/p>\n\n\n\n<p class=\"has-text-align-left\">Pero eso no significa que la energ\u00eda solar no tenga sentido para ti. Hemos realizado <a href=\"https:\/\/marblancsolar.ludeni.dev\/solar-installations\/marbella\/\" title=\"\">instalaciones solares<\/a> para clientes que acaban de adquirir un <a href=\"https:\/\/marblancsolar.ludeni.dev\/es\/servicios\/cargadores-de-ve\/\" title=\"Cargadores de VE\">cargador EV<\/a> o una bomba de calor, por lo que los <a href=\"https:\/\/marblancsolar.ludeni.dev\/es\/servicios\/paneles-solares\/\" title=\"Paneles solares\">paneles solares<\/a> mantendr\u00e1n m\u00e1s bajas sus facturas futuras. <\/p>\n\n<\/div>\n\n<div class=\"gb-container gb-container-12c638a9\">\n\n<h4 class=\"gb-headline gb-headline-2756ed92 gb-headline-text\">\u00bfTengo que dar mi informaci\u00f3n de contacto?<\/h4>\n\n\n\n<p class=\"has-text-align-left\">Tienes que facilitar una direcci\u00f3n de correo electr\u00f3nico. La calculadora env\u00eda un resultado a tu correo electr\u00f3nico para que lo conserves.<\/p>\n\n\n\n<p class=\"has-text-align-left\">After completing the calculation, you have the option to request a <a href=\"https:\/\/marblancsolar.ludeni.dev\/free-solar-survey\/\" title=\"Free Solar Survey\">free solar survey<\/a> from Marblanc Solar. This is optional.<\/p>\n\n\n\n<p class=\"has-text-align-left\">Si aceptas, tendr\u00e1s que facilitar un n\u00famero de tel\u00e9fono.  <\/p>\n\n\n\n<p class=\"has-text-align-left\">Si te niegas, este sitio web no conservar\u00e1 ninguno de tus datos.<\/p>\n\n<\/div>\n\n<div class=\"gb-container gb-container-c71c0820\">\n\n<h4 class=\"gb-headline gb-headline-8d78deab gb-headline-text\">\u00bfCu\u00e1l es la precisi\u00f3n de la Calculadora del Punto de Equilibrio Solar?<\/h4>\n\n\n\n<p class=\"has-text-align-left\">La calculadora es la m\u00e1s precisa que conocemos en la Costa del Sol en Espa\u00f1a.<\/p>\n\n\n\n<p class=\"has-text-align-left\">Esto se debe a que:  <\/p>\n\n\n\n<ul class=\"wp-block-list\">\n<li>Utiliza datos clim\u00e1ticos localizados de la Costa del Sol para calcular el <a href=\"https:\/\/marblancsolar.ludeni.dev\/es\/guia-3-pasos-dimensionar-instalacion-fotovoltaica-en-costa-del-sol\/\" title=\"Gu&#xED;a en 3 pasos: Dimensionar una instalaci&#xF3;n solar para ahorrar un 80% en la Costa del Sol\">tama\u00f1o del sistema<\/a> que necesitas<\/li>\n\n\n\n<li>Utiliza cotizaciones recientes en 2025 para estimar el umbral de rentabilidad de sistemas del mismo tama\u00f1o<\/li>\n\n\n\n<li>Contiene informaci\u00f3n sobre reducciones del impuesto sobre bienes inmuebles y deducciones del impuesto sobre la renta<\/li>\n\n\n\n<li>Basa la estimaci\u00f3n del umbral de rentabilidad calculando un ahorro del 80% en tu factura anual de electricidad &#8211; no es realista que consigas un ahorro del 100% debido a las cargas permanentes y al consumo nocturno<\/li>\n<\/ul>\n\n<\/div>\n<\/section><div class=\"gb-container gb-container-d39ff845\">\n<div class=\"gb-container gb-container-92652506\">\n<div class=\"gb-container gb-container-c8f256df\">\n<div class=\"gb-grid-wrapper gb-grid-wrapper-1c6c8ea4\">\n<div class=\"gb-grid-column gb-grid-column-389c3fb6\"><div class=\"gb-container gb-container-389c3fb6\">\n\n<h3 class=\"gb-headline gb-headline-aa60672f gb-headline-text\">Prueba ahora la calculadora<\/h3>\n\n<\/div><\/div>\n\n<div class=\"gb-grid-column gb-grid-column-4fe66eaa\"><div class=\"gb-container gb-container-4fe66eaa\">\n\n<p class=\"gb-headline gb-headline-b56919d4 gb-headline-text\">Haz clic abajo para probar la calculadora del umbral de rentabilidad solar. Se abrir\u00e1 en una nueva ventana. <\/p>\n\n\n\n<a class=\"gb-button gb-button-fea64859 gb-button-text\" href=\"https:\/\/marblancsolar.ludeni.dev\/es\/calculadora-solar\/version-2\/\" target=\"_blank\" rel=\"nofollow noopener noreferrer\">Calculadora del umbral de rentabilidad solar<\/a>\n\n<\/div><\/div>\n<\/div>\n<\/div>\n<\/div>\n<\/div>","protected":false},"excerpt":{"rendered":"","protected":false},"author":4,"featured_media":15,"parent":0,"menu_order":0,"comment_status":"closed","ping_status":"closed","template":"","meta":{"_acf_changed":false,"footnotes":""},"class_list":{"0":"post-1097","1":"page","2":"type-page","3":"status-publish","4":"has-post-thumbnail","6":"no-featured-image-padding"},"acf":[],"aioseo_notices":[],"_links":{"self":[{"href":"https:\/\/marblancsolar.ludeni.dev\/es\/wp-json\/wp\/v2\/pages\/1097","targetHints":{"allow":["GET"]}}],"collection":[{"href":"https:\/\/marblancsolar.ludeni.dev\/es\/wp-json\/wp\/v2\/pages"}],"about":[{"href":"https:\/\/marblancsolar.ludeni.dev\/es\/wp-json\/wp\/v2\/types\/page"}],"author":[{"embeddable":true,"href":"https:\/\/marblancsolar.ludeni.dev\/es\/wp-json\/wp\/v2\/users\/4"}],"replies":[{"embeddable":true,"href":"https:\/\/marblancsolar.ludeni.dev\/es\/wp-json\/wp\/v2\/comments?post=1097"}],"version-history":[{"count":9,"href":"https:\/\/marblancsolar.ludeni.dev\/es\/wp-json\/wp\/v2\/pages\/1097\/revisions"}],"predecessor-version":[{"id":7405,"href":"https:\/\/marblancsolar.ludeni.dev\/es\/wp-json\/wp\/v2\/pages\/1097\/revisions\/7405"}],"wp:featuredmedia":[{"embeddable":true,"href":"https:\/\/marblancsolar.ludeni.dev\/es\/wp-json\/wp\/v2\/media\/15"}],"wp:attachment":[{"href":"https:\/\/marblancsolar.ludeni.dev\/es\/wp-json\/wp\/v2\/media?parent=1097"}],"curies":[{"name":"wp","href":"https:\/\/api.w.org\/{rel}","templated":true}]}}