{"id":1115,"date":"2024-11-16T12:49:37","date_gmt":"2024-11-16T12:49:37","guid":{"rendered":"https:\/\/marblancsolar.com\/servicios\/bateria-virtual\/"},"modified":"2025-10-20T20:24:20","modified_gmt":"2025-10-20T20:24:20","slug":"bateria-virtual","status":"publish","type":"page","link":"https:\/\/marblancsolar.ludeni.dev\/es\/servicios\/bateria-virtual\/","title":{"rendered":"Bater\u00eda virtual"},"content":{"rendered":"<section class=\"gb-container gb-container-562aef2a\">\n<div class=\"gb-container gb-container-8128fcd8\">\n<div class=\"gb-container gb-container-aad7b4c8\">\n\n<h2 class=\"gb-headline gb-headline-d3d7bfe7 gb-headline-text\">Servicios de conmutaci\u00f3n virtual de bater\u00edas<\/h2>\n\n<\/div>\n\n<div class=\"gb-container gb-container-876eb6e4\">\n\n<p class=\"gb-headline gb-headline-fdd1e650 gb-headline-text\"><a href=\"https:\/\/marblancsolar.ludeni.dev\/es\/\" title=\"Inicio\">Marblanc Solar<\/a> es el instalador solar mejor valorado de Marbella y alrededores, en la Costa del Sol (Espa\u00f1a).<\/p>\n\n\n\n<p class=\"gb-headline gb-headline-49fd911e gb-headline-text\"><a href=\"https:\/\/marblancsolar.ludeni.dev\/es\/nuestro-equipo\/\" title=\"Nuestro equipo\">Nuestro equipo<\/a> te ayuda a reducir tus facturas de electricidad hasta un 80% y m\u00e1s, incluso hasta que s\u00f3lo pagues la tarifa fija en tu factura. Para conseguirlo, te pasamos a la tarifa de alimentaci\u00f3n solar con una bater\u00eda virtual que te permite vender el exceso de energ\u00eda a la red. Legalizamos tu sistema y nos encargamos del cambio desde el primer mes de tu instalaci\u00f3n solar.  <\/p>\n\n\n\n<p class=\"gb-headline gb-headline-4476cba4 gb-headline-text\">\u00bfQuieres saber m\u00e1s sobre la energ\u00eda solar con Marblanc Solar?<\/p>\n\n\n\n<p class=\"gb-headline gb-headline-e73dfcda gb-headline-text\">Pedir <a href=\"https:\/\/marblancsolar.ludeni.dev\/es\/pedir-presupuesto\/\" title=\"Pedir presupuesto\">presupuesto<\/a> hoy te ofrecer\u00e1 una visita gratuita a tu casa, una inspecci\u00f3n con dron, un modelo de rendimiento en 3D, dos propuestas personalizadas y una estimaci\u00f3n del umbral de rentabilidad para cada una.<\/p>\n\n<\/div>\n<\/div>\n<\/section><div class=\"gb-container gb-container-f8e9cf74\">\n<div class=\"gb-grid-wrapper gb-grid-wrapper-2d0a2122\">\n<div class=\"gb-grid-column gb-grid-column-f9dcd14e\"><div class=\"gb-container gb-container-f9dcd14e\"><\/div><\/div>\n\n<div class=\"gb-grid-column gb-grid-column-7b0f31a8\"><div class=\"gb-container gb-container-7b0f31a8\">\n\n<p class=\"gb-headline gb-headline-ac3882aa gb-headline-text\">&#8220;\u00a2<\/p>\n\n<\/div><\/div>\n\n<div class=\"gb-grid-column gb-grid-column-7da620dc\"><div class=\"gb-container gb-container-7da620dc\"><\/div><\/div>\n<\/div>\n<\/div><div class=\"gb-container gb-container-d9a3d49e\">\n<div class=\"gb-container gb-container-421c7073\">\n<div class=\"gb-container gb-container-05cd33a0\">\n\n<h2 class=\"gb-headline gb-headline-bdf6d29f gb-headline-text\">Bater\u00eda virtual<\/h2>\n\n\n<div class=\"gb-container gb-container-47b42ae3\">\n\n<p class=\"gb-headline gb-headline-6b44bb91 gb-headline-text\">M\u00e1s informaci\u00f3n sobre nuestros servicios de cambio de bater\u00eda virtual.<\/p>\n\n<\/div>\n<\/div>\n<\/div>\n<\/div><div class=\"gb-container gb-container-edee0d6c\">\n<div class=\"gb-container gb-container-62650607\">\n<div class=\"gb-grid-wrapper gb-grid-wrapper-34c870cc\">\n<div class=\"gb-grid-column gb-grid-column-b2037456\"><div class=\"gb-container gb-container-b2037456\">\n<div class=\"gb-container gb-container-eee3455a\"><\/div>\n\n\n<h3 class=\"gb-headline gb-headline-85e2f650 gb-headline-text\">Legal<\/h3>\n\n\n\n<p class=\"gb-headline gb-headline-883941f2 gb-headline-text\">Nuestros electricistas titulados se encargan de todos los permisos y requisitos legales, garantizando que tu sistema cumpla todos los requisitos desde el primer d\u00eda. Esto es esencial para cambiarte a una tarifa de alimentaci\u00f3n solar lo antes posible.<\/p>\n\n<\/div><\/div>\n\n<div class=\"gb-grid-column gb-grid-column-5ac1e6ca\"><div class=\"gb-container gb-container-5ac1e6ca\">\n<div class=\"gb-container gb-container-17971490\"><\/div>\n\n\n<h3 class=\"gb-headline gb-headline-eab7d5b5 gb-headline-text\">Supervisi\u00f3n<\/h3>\n\n\n\n<p class=\"gb-headline gb-headline-b8c48246 gb-headline-text\">Durante las dos primeras semanas tras tu instalaci\u00f3n, controlamos tu consumo el\u00e9ctrico y te ayudamos a configurar temporizadores de enchufes y circuitos optimizados para un mayor ahorro.  <\/p>\n\n<\/div><\/div>\n<\/div>\n<\/div>\n<\/div>","protected":false},"excerpt":{"rendered":"<p>Inf\u00f3rmate sobre nuestros servicios de cambio de bater\u00eda virtual para ayudarte a maximizar tus ahorros.<\/p>\n","protected":false},"author":4,"featured_media":1755,"parent":1071,"menu_order":0,"comment_status":"closed","ping_status":"closed","template":"","meta":{"_acf_changed":false,"footnotes":""},"class_list":{"0":"post-1115","1":"page","2":"type-page","3":"status-publish","4":"has-post-thumbnail","6":"no-featured-image-padding"},"acf":[],"aioseo_notices":[],"_links":{"self":[{"href":"https:\/\/marblancsolar.ludeni.dev\/es\/wp-json\/wp\/v2\/pages\/1115","targetHints":{"allow":["GET"]}}],"collection":[{"href":"https:\/\/marblancsolar.ludeni.dev\/es\/wp-json\/wp\/v2\/pages"}],"about":[{"href":"https:\/\/marblancsolar.ludeni.dev\/es\/wp-json\/wp\/v2\/types\/page"}],"author":[{"embeddable":true,"href":"https:\/\/marblancsolar.ludeni.dev\/es\/wp-json\/wp\/v2\/users\/4"}],"replies":[{"embeddable":true,"href":"https:\/\/marblancsolar.ludeni.dev\/es\/wp-json\/wp\/v2\/comments?post=1115"}],"version-history":[{"count":12,"href":"https:\/\/marblancsolar.ludeni.dev\/es\/wp-json\/wp\/v2\/pages\/1115\/revisions"}],"predecessor-version":[{"id":5450,"href":"https:\/\/marblancsolar.ludeni.dev\/es\/wp-json\/wp\/v2\/pages\/1115\/revisions\/5450"}],"up":[{"embeddable":true,"href":"https:\/\/marblancsolar.ludeni.dev\/es\/wp-json\/wp\/v2\/pages\/1071"}],"wp:featuredmedia":[{"embeddable":true,"href":"https:\/\/marblancsolar.ludeni.dev\/es\/wp-json\/wp\/v2\/media\/1755"}],"wp:attachment":[{"href":"https:\/\/marblancsolar.ludeni.dev\/es\/wp-json\/wp\/v2\/media?parent=1115"}],"curies":[{"name":"wp","href":"https:\/\/api.w.org\/{rel}","templated":true}]}}