{"id":1118,"date":"2024-12-16T12:47:43","date_gmt":"2024-12-16T12:47:43","guid":{"rendered":"https:\/\/marblancsolar.com\/servicios\/paneles-solares\/"},"modified":"2025-10-20T20:24:19","modified_gmt":"2025-10-20T20:24:19","slug":"paneles-solares","status":"publish","type":"page","link":"https:\/\/marblancsolar.ludeni.dev\/es\/servicios\/paneles-solares\/","title":{"rendered":"Paneles solares"},"content":{"rendered":"<section class=\"gb-container gb-container-562aef2a\">\n<div class=\"gb-container gb-container-8128fcd8\">\n<div class=\"gb-container gb-container-aad7b4c8\">\n\n<h2 class=\"gb-headline gb-headline-d3d7bfe7 gb-headline-text\">Instalaciones de paneles solares totalmente legalizadas<\/h2>\n\n<\/div>\n\n<div class=\"gb-container gb-container-876eb6e4\">\n\n<p class=\"gb-headline gb-headline-fdd1e650 gb-headline-text\"><a href=\"https:\/\/marblancsolar.ludeni.dev\/es\/\" title=\"Inicio\">Marblanc Solar<\/a> es el instalador solar mejor valorado de Marbella y alrededores, en la Costa del Sol (Espa\u00f1a).<\/p>\n\n\n\n<p class=\"gb-headline gb-headline-49fd911e gb-headline-text\"><a href=\"https:\/\/marblancsolar.ludeni.dev\/es\/nuestro-equipo\/\" title=\"Nuestro equipo\">Nuestro equipo<\/a> dise\u00f1a e instala sistemas solares que maximizan tu ahorro a largo plazo. Evaluamos cuidadosamente tu consumo el\u00e9ctrico, el espacio del tejado y tus objetivos econ\u00f3micos para seleccionar el mejor equipo para tus necesidades. Tanto si tu tejado es plano, de tejas o tiene requisitos de construcci\u00f3n estrictos, nuestra experiencia garantiza una instalaci\u00f3n impecable en todo momento.  <\/p>\n\n\n\n<p class=\"gb-headline gb-headline-4476cba4 gb-headline-text\">\u00bfQuieres saber m\u00e1s sobre la energ\u00eda solar con Marblanc Solar?<\/p>\n\n\n\n<p class=\"gb-headline gb-headline-e73dfcda gb-headline-text\">Pedir <a href=\"https:\/\/marblancsolar.ludeni.dev\/es\/pedir-presupuesto\/\">presupuesto<\/a> hoy te ofrecer\u00e1 una visita gratuita a tu casa, una inspecci\u00f3n con dron, un modelo de rendimiento en 3D, dos propuestas personalizadas y una estimaci\u00f3n del umbral de rentabilidad para cada una.<\/p>\n\n<\/div>\n<\/div>\n<\/section><div class=\"gb-container gb-container-f8e9cf74\">\n<div class=\"gb-grid-wrapper gb-grid-wrapper-2d0a2122\">\n<div class=\"gb-grid-column gb-grid-column-f9dcd14e\"><div class=\"gb-container gb-container-f9dcd14e\"><\/div><\/div>\n\n<div class=\"gb-grid-column gb-grid-column-7b0f31a8\"><div class=\"gb-container gb-container-7b0f31a8\">\n\n<p class=\"gb-headline gb-headline-ac3882aa gb-headline-text\">&#8220;\u00a2<\/p>\n\n<\/div><\/div>\n\n<div class=\"gb-grid-column gb-grid-column-7da620dc\"><div class=\"gb-container gb-container-7da620dc\"><\/div><\/div>\n<\/div>\n<\/div><div class=\"gb-container gb-container-d9a3d49e\">\n<div class=\"gb-container gb-container-421c7073\">\n<div class=\"gb-container gb-container-05cd33a0\">\n\n<h2 class=\"gb-headline gb-headline-bdf6d29f gb-headline-text\">Paneles solares<\/h2>\n\n\n<div class=\"gb-container gb-container-47b42ae3\">\n\n<p class=\"gb-headline gb-headline-6b44bb91 gb-headline-text\">M\u00e1s informaci\u00f3n sobre nuestros servicios de instalaci\u00f3n de paneles solares.<\/p>\n\n<\/div>\n<\/div>\n<\/div>\n<\/div><div class=\"gb-container gb-container-edee0d6c\">\n<div class=\"gb-container gb-container-62650607\">\n<div class=\"gb-grid-wrapper gb-grid-wrapper-34c870cc\">\n<div class=\"gb-grid-column gb-grid-column-b2037456\"><div class=\"gb-container gb-container-b2037456\">\n<div class=\"gb-container gb-container-eee3455a\"><\/div>\n\n\n<h3 class=\"gb-headline gb-headline-85e2f650 gb-headline-text\">Equipo<\/h3>\n\n\n\n<p class=\"gb-headline gb-headline-883941f2 gb-headline-text\">S\u00f3lo instalamos tecnolog\u00eda l\u00edder del sector de marcas como Huawei, Enphase, Tesla, SolarEdge, Solaskirt, Suner y Schneider Electric.<\/p>\n\n<\/div><\/div>\n\n<div class=\"gb-grid-column gb-grid-column-257a6841\"><div class=\"gb-container gb-container-257a6841\">\n<div class=\"gb-container gb-container-b7ed9c6e\"><\/div>\n\n\n<h3 class=\"gb-headline gb-headline-12ce4bad gb-headline-text\">Garant\u00edas<\/h3>\n\n\n\n<p class=\"gb-headline gb-headline-88845541 gb-headline-text\">Para maximizar tu ahorro y tu tranquilidad, ampliamos las garant\u00edas de los equipos a 25 a\u00f1os y ofrecemos una garant\u00eda de mano de obra de 25 a\u00f1os, asegur\u00e1ndonos de que tu sistema ofrezca valor a largo plazo.<\/p>\n\n<\/div><\/div>\n\n<div class=\"gb-grid-column gb-grid-column-5ac1e6ca\"><div class=\"gb-container gb-container-5ac1e6ca\">\n<div class=\"gb-container gb-container-17971490\"><\/div>\n\n\n<h3 class=\"gb-headline gb-headline-eab7d5b5 gb-headline-text\">Legal<\/h3>\n\n\n\n<p class=\"gb-headline gb-headline-b8c48246 gb-headline-text\">Nuestros electricistas titulados se encargan de todos los permisos y requisitos legales, garantizando que tu sistema cumpla todos los requisitos desde el primer d\u00eda. Esto es esencial para acceder a los incentivos y conseguir la mejor tarifa de alimentaci\u00f3n solar lo antes posible.<\/p>\n\n<\/div><\/div>\n\n<div class=\"gb-grid-column gb-grid-column-a5d35809\"><div class=\"gb-container gb-container-a5d35809\">\n<div class=\"gb-container gb-container-e580cb2b\"><\/div>\n\n\n<h3 class=\"gb-headline gb-headline-2f7c14f6 gb-headline-text\">Asistencia posterior a la instalaci\u00f3n<\/h3>\n\n\n\n<p class=\"gb-headline gb-headline-82e6b10c gb-headline-text\">Ofrecemos mantenimiento gratuito durante los tres primeros a\u00f1os, adem\u00e1s de asistencia directa por WhatsApp disponible los siete d\u00edas de la semana.<\/p>\n\n<\/div><\/div>\n<\/div>\n<\/div>\n<\/div>","protected":false},"excerpt":{"rendered":"<p>M\u00e1s informaci\u00f3n sobre nuestros servicios de instalaci\u00f3n de paneles solares para clientes residenciales y comerciales.  <\/p>\n","protected":false},"author":4,"featured_media":1565,"parent":1071,"menu_order":0,"comment_status":"closed","ping_status":"closed","template":"","meta":{"_acf_changed":false,"footnotes":""},"class_list":{"0":"post-1118","1":"page","2":"type-page","3":"status-publish","4":"has-post-thumbnail","6":"no-featured-image-padding"},"acf":[],"aioseo_notices":[],"_links":{"self":[{"href":"https:\/\/marblancsolar.ludeni.dev\/es\/wp-json\/wp\/v2\/pages\/1118","targetHints":{"allow":["GET"]}}],"collection":[{"href":"https:\/\/marblancsolar.ludeni.dev\/es\/wp-json\/wp\/v2\/pages"}],"about":[{"href":"https:\/\/marblancsolar.ludeni.dev\/es\/wp-json\/wp\/v2\/types\/page"}],"author":[{"embeddable":true,"href":"https:\/\/marblancsolar.ludeni.dev\/es\/wp-json\/wp\/v2\/users\/4"}],"replies":[{"embeddable":true,"href":"https:\/\/marblancsolar.ludeni.dev\/es\/wp-json\/wp\/v2\/comments?post=1118"}],"version-history":[{"count":14,"href":"https:\/\/marblancsolar.ludeni.dev\/es\/wp-json\/wp\/v2\/pages\/1118\/revisions"}],"predecessor-version":[{"id":5449,"href":"https:\/\/marblancsolar.ludeni.dev\/es\/wp-json\/wp\/v2\/pages\/1118\/revisions\/5449"}],"up":[{"embeddable":true,"href":"https:\/\/marblancsolar.ludeni.dev\/es\/wp-json\/wp\/v2\/pages\/1071"}],"wp:featuredmedia":[{"embeddable":true,"href":"https:\/\/marblancsolar.ludeni.dev\/es\/wp-json\/wp\/v2\/media\/1565"}],"wp:attachment":[{"href":"https:\/\/marblancsolar.ludeni.dev\/es\/wp-json\/wp\/v2\/media?parent=1118"}],"curies":[{"name":"wp","href":"https:\/\/api.w.org\/{rel}","templated":true}]}}