{"id":2005,"date":"2024-02-16T01:07:28","date_gmt":"2024-02-16T01:07:28","guid":{"rendered":"https:\/\/marblancsolar.com\/sobre-nosotros\/"},"modified":"2026-03-30T15:18:00","modified_gmt":"2026-03-30T15:18:00","slug":"nuestro-equipo","status":"publish","type":"page","link":"https:\/\/marblancsolar.ludeni.dev\/es\/nuestro-equipo\/","title":{"rendered":"Nuestro equipo"},"content":{"rendered":"<section class=\"gb-container gb-container-562aef2a\">\n<div class=\"gb-container gb-container-8128fcd8\">\n<div class=\"gb-container gb-container-aad7b4c8\">\n\n<h2 class=\"gb-headline gb-headline-d3d7bfe7 gb-headline-text\">Equipo cualificado de energ\u00eda solar de habla inglesa<\/h2>\n\n<\/div>\n\n<div class=\"gb-container gb-container-876eb6e4\">\n\n<p class=\"gb-headline gb-headline-fdd1e650 gb-headline-text\">Marblanc Solar es una empresa instaladora de energ\u00eda solar con sede en <a href=\"https:\/\/marblancsolar.ludeni.dev\/es\/?page_id=3705\" title=\"Marbella\">Marbella<\/a>, en la Costa del Sol, al sur de Espa\u00f1a. Tambi\u00e9n tenemos una <a href=\"https:\/\/marblancsolar.ludeni.dev\/es\/oficinas\/javea\/\" title=\"Javea\">oficina en J\u00e1vea<\/a> que da servicio a la Costa Blanca y Valencia.<\/p>\n\n\n\n<p class=\"gb-headline gb-headline-09e93f1f gb-headline-text\">Nuestro equipo interno incluye electricistas cualificados, as\u00ed como un electricista espa\u00f1ol certificado (<em><a href=\"https:\/\/www.juntadeandalucia.es\/educacion\/portals\/web\/formacion-profesional-andaluza\/fp-grado-medio\/detalle-titulo?idTitulo=18\" title=\"\">Montaje y Mantenimiento de Instalaciones El\u00e9ctricas de Baja Tensi\u00f3n<\/a><\/em>), que es un requisito para registrar legalmente los sistemas solares en Andaluc\u00eda. Esto significa menos costes para nuestros clientes y un cambio m\u00e1s r\u00e1pido a una <a href=\"https:\/\/marblancsolar.ludeni.dev\/es\/servicios\/bateria-virtual\/\" title=\"Bater\u00eda virtual\">tarifa de alimentaci\u00f3n solar y un acuerdo de bater\u00eda virtual<\/a>.   <\/p>\n\n\n\n<p class=\"gb-headline gb-headline-4476cba4 gb-headline-text\">Como parte de nuestro <a href=\"https:\/\/marblancsolar.ludeni.dev\/es\/pedir-presupuesto\/\" title=\"Pedir presupuesto\">proceso de presupuesto<\/a>, enviamos a un ingeniero top\u00f3grafo certificado a tu propiedad para realizar un escaneado profesional con dron y una propuesta de sistema.  <\/p>\n\n<\/div>\n<\/div>\n<\/section><div class=\"gb-container gb-container-a00a6d44\">\n<div class=\"gb-grid-wrapper gb-grid-wrapper-cec4bd47\">\n<div class=\"gb-grid-column gb-grid-column-589fb47f\"><div class=\"gb-container gb-container-589fb47f\"><\/div><\/div>\n\n<div class=\"gb-grid-column gb-grid-column-b64d7cd5\"><div class=\"gb-container gb-container-b64d7cd5\">\n\n<p class=\"gb-headline gb-headline-16128234 gb-headline-text\">\u00b7<\/p>\n\n<\/div><\/div>\n\n<div class=\"gb-grid-column gb-grid-column-5b72b4db\"><div class=\"gb-container gb-container-5b72b4db\"><\/div><\/div>\n<\/div>\n<\/div><div class=\"gb-container gb-container-d9a3d49e\">\n<div class=\"gb-container gb-container-421c7073\">\n<div class=\"gb-container gb-container-05cd33a0\">\n\n<h2 class=\"gb-headline gb-headline-bdf6d29f gb-headline-text\">M\u00e1s de 30 profesionales de la energ\u00eda solar  <\/h2>\n\n\n<div class=\"gb-container gb-container-47b42ae3\">\n\n<p class=\"gb-headline gb-headline-6b44bb91 gb-headline-text\">El equipo de Marblanc Solar est\u00e1 formado por m\u00e1s de 30 electricistas cualificados, ingenieros civiles y top\u00f3grafos certificados, instaladores solares experimentados y representantes solares. A continuaci\u00f3n puedes ver a los principales miembros del equipo de Marblanc Solar.   <\/p>\n\n<\/div>\n<\/div>\n<\/div>\n<\/div><div class=\"gb-container gb-container-edee0d6c\">\n<div class=\"gb-container gb-container-62650607\">\n<div class=\"gb-grid-wrapper gb-grid-wrapper-34c870cc\">\n<div class=\"gb-grid-column gb-grid-column-b2037456\"><div class=\"gb-container gb-container-b2037456\">\n<div class=\"gb-container gb-container-eee3455a\"><a class=\"gb-container-link\" href=\"https:\/\/marblancsolar.ludeni.dev\/our-team\/adam-millington\/\"><\/a><\/div>\n\n\n<h3 class=\"gb-headline gb-headline-85e2f650 gb-headline-text\">Adam Millington<\/h3>\n\n\n\n<p class=\"gb-headline gb-headline-883941f2 gb-headline-text\"><a href=\"https:\/\/marblancsolar.ludeni.dev\/es\/nuestro-equipo\/adam-millington\/\" title=\"Adam Millington\">Adam Millington<\/a> es el fundador de Marblanc Solar. Es electricista titulado con un <em><a href=\"https:\/\/www.tudublin.ie\/study\/apprenticeships\/apprenticeship-courses\/electrical\/\">QQI Nivel 6 Certificado Avanzado Artesan\u00eda &#8211; El\u00e9ctrico<\/a><\/em> y un <a href=\"https:\/\/www.tudublin.ie\/study\/postgraduate\/courses\/sustainable-electrical-energy-systems\/\"><em>M\u00e1ster en Sistemas de Energ\u00eda El\u00e9ctrica Sostenibles<\/em><\/a> en la Universidad Tecnol\u00f3gica de Dubl\u00edn. <\/p>\n\n\n<div class=\"gb-container gb-container-f89c6d6d\">\n\n<a class=\"gb-button gb-button-bbbbc36b\" href=\"https:\/\/www.linkedin.com\/in\/adam-millington-2bb290285\/\" aria-label=\"instagram link\"><span class=\"gb-icon\"><svg xmlns=\"http:\/\/www.w3.org\/2000\/svg\" aria-hidden=\"true\" role=\"img\" height=\"1em\" width=\"1em\" viewbox=\"0 0 448 512\"><path fill=\"currentColor\" d=\"M100.28 448H7.4V148.9h92.88zM53.79 108.1C24.09 108.1 0 83.5 0 53.8a53.79 53.79 0 0 1 107.58 0c0 29.7-24.1 54.3-53.79 54.3zM447.9 448h-92.68V302.4c0-34.7-.7-79.2-48.29-79.2-48.29 0-55.69 37.7-55.69 76.7V448h-92.78V148.9h89.08v40.8h1.3c12.4-23.5 42.69-48.3 87.88-48.3 94 0 111.28 61.9 111.28 142.3V448z\"><\/path><\/svg><\/span><\/a>\n\n<\/div>\n<\/div><\/div>\n\n<div class=\"gb-grid-column gb-grid-column-257a6841\"><div class=\"gb-container gb-container-257a6841\">\n<div class=\"gb-container gb-container-b7ed9c6e\"><a class=\"gb-container-link\" href=\"https:\/\/marblancsolar.ludeni.dev\/our-team\/roman-mitchell\/\"><\/a><\/div>\n\n\n<h3 class=\"gb-headline gb-headline-12ce4bad gb-headline-text\">Roman Mitchell<\/h3>\n\n\n\n<p class=\"gb-headline gb-headline-88845541 gb-headline-text\"><a href=\"https:\/\/marblancsolar.ludeni.dev\/es\/nuestro-equipo\/roman-mitchell\/\" title=\"Roman Mitchell\">Roman Mitchell<\/a> es el director general de Marblanc Solar. Es ingeniero civil acreditado con un BEng (Hons) tras cuatro a\u00f1os de formaci\u00f3n en ingenier\u00eda civil, estructural, del suelo y de la construcci\u00f3n en <a href=\"https:\/\/www.uws.ac.uk\/study\/undergraduate\/undergraduate-course-search\/civil-engineering\" title=\"\">la Universidad del Oeste de Escocia<\/a>.  <\/p>\n\n\n<div class=\"gb-container gb-container-c4eed923\">\n\n<a class=\"gb-button gb-button-e88d5719\" href=\"https:\/\/www.linkedin.com\/in\/roman-mitchell-5744a3357\/\" aria-label=\"instagram link\"><span class=\"gb-icon\"><svg xmlns=\"http:\/\/www.w3.org\/2000\/svg\" aria-hidden=\"true\" role=\"img\" height=\"1em\" width=\"1em\" viewbox=\"0 0 448 512\"><path fill=\"currentColor\" d=\"M100.28 448H7.4V148.9h92.88zM53.79 108.1C24.09 108.1 0 83.5 0 53.8a53.79 53.79 0 0 1 107.58 0c0 29.7-24.1 54.3-53.79 54.3zM447.9 448h-92.68V302.4c0-34.7-.7-79.2-48.29-79.2-48.29 0-55.69 37.7-55.69 76.7V448h-92.78V148.9h89.08v40.8h1.3c12.4-23.5 42.69-48.3 87.88-48.3 94 0 111.28 61.9 111.28 142.3V448z\"><\/path><\/svg><\/span><\/a>\n\n<\/div>\n<\/div><\/div>\n<\/div>\n<\/div>\n<\/div><div class=\"gb-container gb-container-dc1517c4\">\n<div class=\"gb-container gb-container-e129f50d\">\n<div class=\"gb-grid-wrapper gb-grid-wrapper-3ffa3aa5\">\n<div class=\"gb-grid-column gb-grid-column-410c9c71\"><div class=\"gb-container gb-container-410c9c71\">\n<div class=\"gb-container gb-container-bd596e5d\"><\/div>\n\n\n<h3 class=\"gb-headline gb-headline-09de3b1c gb-headline-text\">Alan Manning<\/h3>\n\n\n\n<p class=\"gb-headline gb-headline-a38910d7 gb-headline-text\"><a href=\"https:\/\/marblancsolar.ludeni.dev\/es\/nuestro-equipo\/alan-manning\/\" title=\"\">Alan Manning<\/a> es ingeniero top\u00f3grafo de Marblanc Solar. Es electricista titulado con un &nbsp;<em><a href=\"https:\/\/www.tudublin.ie\/study\/apprenticeships\/apprenticeship-courses\/electrical\/\">QQI Nivel 6 Certificado Avanzado Artesan\u00eda &#8211; El\u00e9ctrico<\/a><\/em> de la Universidad Tecnol\u00f3gica de Dubl\u00edn.<\/p>\n\n<\/div><\/div>\n\n<div class=\"gb-grid-column gb-grid-column-dda10339\"><div class=\"gb-container gb-container-dda10339\">\n<div class=\"gb-container gb-container-3cd5c4c9\"><\/div>\n\n\n<h3 class=\"gb-headline gb-headline-51265184 gb-headline-text\">Miguel \u00c1ngel Ruiz Zapardiel<\/h3>\n\n\n\n<p class=\"gb-headline gb-headline-47b149ce gb-headline-text\">Miguel \u00c1ngel Ruiz Zapardiel es ingeniero top\u00f3grafo de Marblanc Solar. Es <a href=\"https:\/\/www.todofp.es\/que-estudiar\/familias-profesionales\/energia-agua\/eficiencia-energetica-solar-termica.html\" title=\"\"><em>T\u00e9cnico Superior en Eficiencia Energ\u00e9tica y Energ\u00eda Solar T\u00e9rmica<\/em>.<\/a> <\/p>\n\n\n<div class=\"gb-container gb-container-0678ba6a\">\n\n<a class=\"gb-button gb-button-99ce454a\" href=\"https:\/\/www.linkedin.com\/in\/miguel-angel-ruiz-zapardiel-03635a2b1\/\" aria-label=\"instagram link\"><span class=\"gb-icon\"><svg xmlns=\"http:\/\/www.w3.org\/2000\/svg\" aria-hidden=\"true\" role=\"img\" height=\"1em\" width=\"1em\" viewbox=\"0 0 448 512\"><path fill=\"currentColor\" d=\"M100.28 448H7.4V148.9h92.88zM53.79 108.1C24.09 108.1 0 83.5 0 53.8a53.79 53.79 0 0 1 107.58 0c0 29.7-24.1 54.3-53.79 54.3zM447.9 448h-92.68V302.4c0-34.7-.7-79.2-48.29-79.2-48.29 0-55.69 37.7-55.69 76.7V448h-92.78V148.9h89.08v40.8h1.3c12.4-23.5 42.69-48.3 87.88-48.3 94 0 111.28 61.9 111.28 142.3V448z\"><\/path><\/svg><\/span><\/a>\n\n<\/div>\n<\/div><\/div>\n<\/div>\n<\/div>\n<\/div><div class=\"gb-container gb-container-69f2cdb3\">\n<div class=\"gb-container gb-container-b204634e\">\n<div class=\"gb-grid-wrapper gb-grid-wrapper-d19dbde8\">\n<div class=\"gb-grid-column gb-grid-column-801a4376\"><div class=\"gb-container gb-container-801a4376\">\n<div class=\"gb-container gb-container-713cb302\"><\/div>\n\n\n<h3 class=\"gb-headline gb-headline-c2919575 gb-headline-text\">Arturo Perea Bigwood<\/h3>\n\n\n\n<p class=\"gb-headline gb-headline-f5472b85 gb-headline-text\">Arturo Perea Bigwood es ingeniero top\u00f3grafo de Marblanc Solar y se encarga de concertar y supervisar las citas de los clientes para nuestro <a href=\"https:\/\/marblancsolar.ludeni.dev\/es\/pedir-presupuesto\/\">estudio solar gratuito<\/a>. Tambi\u00e9n gestiona nuestro <a href=\"https:\/\/marblancsolar.ludeni.dev\/es\/programa-de-afiliacion\/\" title=\"Programa de Afiliaci\u00f3n\">programa de afiliados inmobiliarios<\/a>.   <\/p>\n\n\n<div class=\"gb-container gb-container-116f610c\">\n\n<a class=\"gb-button gb-button-d5eaf613\" href=\"https:\/\/www.linkedin.com\/in\/arturo-perea-bigwood-54b794312\" aria-label=\"instagram link\"><span class=\"gb-icon\"><svg xmlns=\"http:\/\/www.w3.org\/2000\/svg\" aria-hidden=\"true\" role=\"img\" height=\"1em\" width=\"1em\" viewbox=\"0 0 448 512\"><path fill=\"currentColor\" d=\"M100.28 448H7.4V148.9h92.88zM53.79 108.1C24.09 108.1 0 83.5 0 53.8a53.79 53.79 0 0 1 107.58 0c0 29.7-24.1 54.3-53.79 54.3zM447.9 448h-92.68V302.4c0-34.7-.7-79.2-48.29-79.2-48.29 0-55.69 37.7-55.69 76.7V448h-92.78V148.9h89.08v40.8h1.3c12.4-23.5 42.69-48.3 87.88-48.3 94 0 111.28 61.9 111.28 142.3V448z\"><\/path><\/svg><\/span><\/a>\n\n<\/div>\n<\/div><\/div>\n\n<div class=\"gb-grid-column gb-grid-column-94422252\"><div class=\"gb-container gb-container-94422252\">\n<div class=\"gb-container gb-container-140b1bac\"><\/div>\n\n\n<h3 class=\"gb-headline gb-headline-382351cf gb-headline-text\">Emilio Gamaza<\/h3>\n\n\n\n<p class=\"gb-headline gb-headline-7938da2f gb-headline-text\">Emilio Gamaza es instalador solar de Marblanc Solar y cuenta con cuatro a\u00f1os de experiencia en la instalaci\u00f3n de <a href=\"https:\/\/marblancsolar.ludeni.dev\/es\/servicios\/paneles-solares\/\" title=\"Paneles solares\">paneles solares<\/a>, soportes y sistemas de energ\u00eda solar.<\/p>\n\n<\/div><\/div>\n<\/div>\n<\/div>\n<\/div><div class=\"gb-container gb-container-849ce93f\">\n<div class=\"gb-container gb-container-8680a0b3\">\n<div class=\"gb-grid-wrapper gb-grid-wrapper-080bf8eb\">\n<div class=\"gb-grid-column gb-grid-column-04f999ff\"><div class=\"gb-container gb-container-04f999ff\">\n<div class=\"gb-container gb-container-ac28904c\"><\/div>\n\n\n<h3 class=\"gb-headline gb-headline-602110c7 gb-headline-text\">Enrique Ferreiro<\/h3>\n\n\n\n<p class=\"gb-headline gb-headline-913f4f15 gb-headline-text\">Enrique Ferreiro es ingeniero top\u00f3grafo de Marblanc Solar, encargado de realizar nuestro <a href=\"https:\/\/marblancsolar.ludeni.dev\/es\/pedir-presupuesto\/\">estudio solar gratuito<\/a>.<\/p>\n\n<\/div><\/div>\n\n<div class=\"gb-grid-column gb-grid-column-64223fda\"><div class=\"gb-container gb-container-64223fda\">\n<div class=\"gb-container gb-container-117ef92e\"><\/div>\n\n\n<h3 class=\"gb-headline gb-headline-cf770f3b gb-headline-text\">Phelim Clutson<\/h3>\n\n\n\n<p class=\"gb-headline gb-headline-a7a34133 gb-headline-text\">Phelim Clutson es representante solar de Marblanc Solar y se encarga de concertar y supervisar las citas de los clientes para nuestro <a href=\"https:\/\/marblancsolar.ludeni.dev\/es\/pedir-presupuesto\/\">estudio solar gratuito<\/a>. Aporta una s\u00f3lida trayectoria de varios a\u00f1os en ventas al puesto.<\/p>\n\n<\/div><\/div>\n<\/div>\n<\/div>\n<\/div><div class=\"gb-container gb-container-21c0dd4d\">\n<div class=\"gb-container gb-container-a9420265\">\n<div class=\"gb-grid-wrapper gb-grid-wrapper-42debe4f\">\n<div class=\"gb-grid-column gb-grid-column-bf6c647c\"><div class=\"gb-container gb-container-bf6c647c\">\n<div class=\"gb-container gb-container-63bc3270\"><\/div>\n\n\n<h3 class=\"gb-headline gb-headline-cdc223a2 gb-headline-text\">John Bradley<\/h3>\n\n\n\n<p class=\"gb-headline gb-headline-800e20e2 gb-headline-text\">John Bradley es gestor de proyectos encargado de la garant\u00eda de calidad en Marblanc Solar. Es un electricista totalmente cualificado con un&nbsp;<em><a href=\"https:\/\/www.tudublin.ie\/study\/apprenticeships\/apprenticeship-courses\/electrical\/\">QQI Nivel 6 Certificado Avanzado Artesan\u00eda &#8211; El\u00e9ctrico<\/a><\/em> de la Universidad Tecnol\u00f3gica de Dubl\u00edn.<\/p>\n\n<\/div><\/div>\n\n<div class=\"gb-grid-column gb-grid-column-32323a1a\"><div class=\"gb-container gb-container-32323a1a\">\n<div class=\"gb-container gb-container-f7d277ff\"><\/div>\n\n\n<h3 class=\"gb-headline gb-headline-aa0fdce9 gb-headline-text\">Juan Jes\u00fas Sarmiento Oliva<\/h3>\n\n\n\n<p class=\"gb-headline gb-headline-598a33fa gb-headline-text\">Juan Jes\u00fas Sarmiento Oliva es ingeniero top\u00f3grafo de Marblanc Solar, encargado de contactar con clientes potenciales para nuestro <a href=\"https:\/\/marblancsolar.ludeni.dev\/es\/pedir-presupuesto\/\">estudio solar gratuito<\/a>.<\/p>\n\n<\/div><\/div>\n<\/div>\n<\/div>\n<\/div><div class=\"gb-container gb-container-e1ff4534\">\n<div class=\"gb-grid-wrapper gb-grid-wrapper-41536aa2\">\n<div class=\"gb-grid-column gb-grid-column-bc6e4901\"><div class=\"gb-container gb-container-bc6e4901\"><\/div><\/div>\n\n<div class=\"gb-grid-column gb-grid-column-656e6324\"><div class=\"gb-container gb-container-656e6324\">\n\n<p class=\"gb-headline gb-headline-810c16af gb-headline-text\">&#8220;\u00a2<\/p>\n\n<\/div><\/div>\n\n<div class=\"gb-grid-column gb-grid-column-1f11614c\"><div class=\"gb-container gb-container-1f11614c\"><\/div><\/div>\n<\/div>\n<\/div><div class=\"gb-container gb-container-68be63f9\">\n<div class=\"gb-container gb-container-b74630bd\">\n<div class=\"gb-container gb-container-9eaf295e\">\n<div class=\"gb-container gb-container-0b610781\">\n\n<figure class=\"wp-block-embed is-type-video is-provider-vimeo wp-block-embed-vimeo wp-embed-aspect-16-9 wp-has-aspect-ratio\"><div class=\"wp-block-embed__wrapper\">\n<iframe loading=\"lazy\" title=\"Timelapse: John Bradley Installing Battery, Inverter, Backup Box\" src=\"https:\/\/player.vimeo.com\/video\/1087790198?dnt=1&amp;app_id=122963\" width=\"1200\" height=\"675\" frameborder=\"0\" allow=\"autoplay; fullscreen; picture-in-picture; clipboard-write; encrypted-media; web-share\"><\/iframe>\n<\/div><\/figure>\n\n<\/div>\n\n<div class=\"gb-container gb-container-484a9965\">\n<div class=\"gb-grid-wrapper gb-grid-wrapper-94c4829e\">\n<div class=\"gb-grid-column gb-grid-column-3da0256b\"><div class=\"gb-container gb-container-3da0256b\">\n\n<h3 class=\"gb-headline gb-headline-a005ade9 gb-headline-text\">Instalaciones <mark class=\"gb-highlight\">de alta calidad<\/mark> <\/h3>\n\n<\/div><\/div>\n\n<div class=\"gb-grid-column gb-grid-column-3bf6df18\"><div class=\"gb-container gb-container-3bf6df18\">\n\n<p class=\"gb-headline gb-headline-b5fc96f1 gb-headline-text\">Mira un time-lapse de nuestro jefe de obra, John Bradley, instalando una <a href=\"https:\/\/marblancsolar.ludeni.dev\/es\/servicios\/baterias-solares\/\" title=\"Bater\u00eda solar\">bater\u00eda solar<\/a>, un inversor solar y <a href=\"https:\/\/marblancsolar.ludeni.dev\/es\/servicios\/cajas-de-seguridad\/\" title=\"\u00bfQuieres energ\u00eda solar en un apag\u00f3n? Utiliza una caja de seguridad\">una caja de respaldo<\/a> en una propiedad de la Costa del Sol.<\/p>\n\n<\/div><\/div>\n<\/div>\n<\/div>\n<\/div>\n\n<div class=\"gb-container gb-container-f0f29701\">\n<div class=\"gb-container gb-container-abf6c664\">\n\n<figure class=\"wp-block-embed is-type-video is-provider-youtube wp-block-embed-youtube wp-embed-aspect-16-9 wp-has-aspect-ratio\"><div class=\"wp-block-embed__wrapper\">\n<iframe loading=\"lazy\" title=\"Client success interview\" width=\"1200\" height=\"675\" src=\"https:\/\/www.youtube.com\/embed\/jTa1YzFAUc8?feature=oembed&#038;enablejsapi=1&#038;origin=https:\/\/marblancsolar.ludeni.dev\" frameborder=\"0\" allow=\"accelerometer; autoplay; clipboard-write; encrypted-media; gyroscope; picture-in-picture; web-share\" referrerpolicy=\"strict-origin-when-cross-origin\" allowfullscreen><\/iframe>\n<\/div><\/figure>\n\n<\/div>\n\n<div class=\"gb-container gb-container-cdbe1f03\">\n<div class=\"gb-grid-wrapper gb-grid-wrapper-cd9a3359\">\n<div class=\"gb-grid-column gb-grid-column-a4921f17\"><div class=\"gb-container gb-container-a4921f17\">\n\n<h3 class=\"gb-headline gb-headline-e45d993e gb-headline-text\"><mark style=\"background-color:rgba(0, 0, 0, 0)\" class=\"has-inline-color has-accent-color\">El mejor<\/mark> instalador<\/h3>\n\n<\/div><\/div>\n\n<div class=\"gb-grid-column gb-grid-column-50befa8f\"><div class=\"gb-container gb-container-50befa8f\">\n\n<p class=\"gb-headline gb-headline-aa89b3f8 gb-headline-text\">Mira el v\u00eddeo para ver lo que dicen nuestros clientes sobre los servicios de instalaci\u00f3n solar de Marblanc Solar.<\/p>\n\n<\/div><\/div>\n<\/div>\n<\/div>\n<\/div>\n<\/div>\n<\/div><div class=\"gb-container gb-container-a00a6d44\">\n<div class=\"gb-grid-wrapper gb-grid-wrapper-cec4bd47\">\n<div class=\"gb-grid-column gb-grid-column-589fb47f\"><div class=\"gb-container gb-container-589fb47f\"><\/div><\/div>\n\n<div class=\"gb-grid-column gb-grid-column-b64d7cd5\"><div class=\"gb-container gb-container-b64d7cd5\">\n\n<p class=\"gb-headline gb-headline-16128234 gb-headline-text\">\u00b7<\/p>\n\n<\/div><\/div>\n\n<div class=\"gb-grid-column gb-grid-column-5b72b4db\"><div class=\"gb-container gb-container-5b72b4db\"><\/div><\/div>\n<\/div>\n<\/div><section class=\"gb-container gb-container-5cc36979\">\n<div class=\"gb-container gb-container-a6dcdd75\">\n<div class=\"gb-container gb-container-b158198c\">\n\n<h2 class=\"gb-headline gb-headline-c49b4e40 gb-headline-text\">Apoyo a nuestra comunidad local<\/h2>\n\n<\/div>\n\n<div class=\"gb-container gb-container-67091940\">\n\n<p class=\"gb-headline gb-headline-faa559d6 gb-headline-text\">Marblanc Solar es un orgulloso patrocinador de los <a href=\"https:\/\/costagaels.com\/\" title=\"\">Costa Gaels<\/a>, nuestro club local de f\u00fatbol ga\u00e9lico aqu\u00ed en la Costa del Sol. Creemos que hay que devolver algo a la comunidad que nos apoya, y no hay mejor forma de hacerlo que apoyando a los equipos locales que unen a la gente. Ya sea en el campo o en el tejado, estamos aqu\u00ed para ayudar a impulsar un futuro mejor.  <\/p>\n\n<\/div>\n<\/div>\n<\/section><div class=\"gb-container gb-container-a00a6d44\">\n<div class=\"gb-grid-wrapper gb-grid-wrapper-cec4bd47\">\n<div class=\"gb-grid-column gb-grid-column-589fb47f\"><div class=\"gb-container gb-container-589fb47f\"><\/div><\/div>\n\n<div class=\"gb-grid-column gb-grid-column-b64d7cd5\"><div class=\"gb-container gb-container-b64d7cd5\">\n\n<p class=\"gb-headline gb-headline-16128234 gb-headline-text\">\u00b7<\/p>\n\n<\/div><\/div>\n\n<div class=\"gb-grid-column gb-grid-column-5b72b4db\"><div class=\"gb-container gb-container-5b72b4db\"><\/div><\/div>\n<\/div>\n<\/div>","protected":false},"excerpt":{"rendered":"<p>En Marblanc Solar, nuestro equipo est\u00e1 formado por m\u00e1s de 30 electricistas cualificados, ingenieros top\u00f3grafos e ingenieros civiles certificados e instaladores de energ\u00eda solar experimentados.<\/p>\n","protected":false},"author":4,"featured_media":5879,"parent":0,"menu_order":0,"comment_status":"closed","ping_status":"closed","template":"","meta":{"_acf_changed":false,"footnotes":""},"class_list":{"0":"post-2005","1":"page","2":"type-page","3":"status-publish","4":"has-post-thumbnail","6":"no-featured-image-padding"},"acf":[],"aioseo_notices":[],"_links":{"self":[{"href":"https:\/\/marblancsolar.ludeni.dev\/es\/wp-json\/wp\/v2\/pages\/2005","targetHints":{"allow":["GET"]}}],"collection":[{"href":"https:\/\/marblancsolar.ludeni.dev\/es\/wp-json\/wp\/v2\/pages"}],"about":[{"href":"https:\/\/marblancsolar.ludeni.dev\/es\/wp-json\/wp\/v2\/types\/page"}],"author":[{"embeddable":true,"href":"https:\/\/marblancsolar.ludeni.dev\/es\/wp-json\/wp\/v2\/users\/4"}],"replies":[{"embeddable":true,"href":"https:\/\/marblancsolar.ludeni.dev\/es\/wp-json\/wp\/v2\/comments?post=2005"}],"version-history":[{"count":42,"href":"https:\/\/marblancsolar.ludeni.dev\/es\/wp-json\/wp\/v2\/pages\/2005\/revisions"}],"predecessor-version":[{"id":8105,"href":"https:\/\/marblancsolar.ludeni.dev\/es\/wp-json\/wp\/v2\/pages\/2005\/revisions\/8105"}],"wp:featuredmedia":[{"embeddable":true,"href":"https:\/\/marblancsolar.ludeni.dev\/es\/wp-json\/wp\/v2\/media\/5879"}],"wp:attachment":[{"href":"https:\/\/marblancsolar.ludeni.dev\/es\/wp-json\/wp\/v2\/media?parent=2005"}],"curies":[{"name":"wp","href":"https:\/\/api.w.org\/{rel}","templated":true}]}}