{"id":2177,"date":"2025-05-02T08:01:19","date_gmt":"2025-05-02T08:01:19","guid":{"rendered":"https:\/\/marblancsolar.com\/aviso-legal\/"},"modified":"2025-10-20T20:12:09","modified_gmt":"2025-10-20T20:12:09","slug":"aviso-legal","status":"publish","type":"page","link":"https:\/\/marblancsolar.ludeni.dev\/es\/aviso-legal\/","title":{"rendered":"Aviso legal"},"content":{"rendered":"<div class=\"gb-container gb-container-f5e04879\">\n\n<p><strong>Aviso Legal<\/strong><br\/>Este sitio web, marblancsolar.com, es propiedad y est\u00e1 gestionado por Marblanc Electrical Group S.L.<\/p>\n\n\n\n<p><strong>Datos de la empresa<\/strong><br\/>Raz\u00f3n social: Marblanc Electrical Group S.L.<br\/>CIF: B75722314<br\/>Domicilio social: Calle Calvario 8, 29601 Marbella, M\u00e1laga, Espa\u00f1a<br\/>Tel\u00e9fono: +34 951 82 30 83<br\/>Correo electr\u00f3nico: <a class=\"\">enquiries@marblancsolar.com<\/a><\/p>\n\n\n\n<p><strong>Finalidad del sitio web<\/strong><br\/>La finalidad de este sitio web es proporcionar informaci\u00f3n y marketing sobre los servicios ofrecidos por Marblanc Electrical Group S.L., especializada en soluciones de energ\u00eda solar. A trav\u00e9s de este sitio no se realizan ventas online ni contrataciones electr\u00f3nicas. <\/p>\n\n\n\n<p><strong>Cualificaciones profesionales<\/strong><br\/>Marblanc Electrical Group S.L. cuenta con un electricista en plantilla certificado con el &#8220;Certificado de Cualificaci\u00f3n Individual en Baja Tensi\u00f3n&#8221;, necesario para la ejecuci\u00f3n legal y el registro de instalaciones el\u00e9ctricas en Espa\u00f1a.<\/p>\n\n\n\n<p><strong>Propiedad intelectual<\/strong><br\/>Todos los contenidos, dise\u00f1o, textos, im\u00e1genes, logos y dem\u00e1s elementos de este sitio web son propiedad de Marblanc Electrical Group S.L. o de sus licenciantes y est\u00e1n protegidos por la legislaci\u00f3n aplicable en materia de propiedad intelectual e industrial. Queda prohibida su reproducci\u00f3n, distribuci\u00f3n o uso sin autorizaci\u00f3n expresa. <\/p>\n\n\n\n<p><strong>Responsabilidad<\/strong><br\/>Marblanc Electrical Group S.L. no se responsabiliza del mal uso que se realice de los contenidos de este sitio web. Tampoco nos responsabilizamos del contenido de los enlaces externos que conduzcan a p\u00e1ginas de terceros, incluidos \u00fanicamente a efectos informativos. <\/p>\n\n\n\n<p><strong>Ley aplicable y jurisdicci\u00f3n<\/strong><br\/>El presente Aviso Legal se rige por la ley espa\u00f1ola. Para cualquier controversia o cuesti\u00f3n jur\u00eddica relacionada con este sitio web, las partes acuerdan someterse a la jurisdicci\u00f3n de los tribunales de Marbella, M\u00e1laga, Espa\u00f1a, con renuncia a cualquier otro fuero que pudiera corresponderles. <\/p>\n\n<\/div>","protected":false},"excerpt":{"rendered":"","protected":false},"author":4,"featured_media":879,"parent":0,"menu_order":0,"comment_status":"closed","ping_status":"closed","template":"","meta":{"_acf_changed":false,"footnotes":""},"class_list":{"0":"post-2177","1":"page","2":"type-page","3":"status-publish","4":"has-post-thumbnail","6":"no-featured-image-padding"},"acf":[],"aioseo_notices":[],"_links":{"self":[{"href":"https:\/\/marblancsolar.ludeni.dev\/es\/wp-json\/wp\/v2\/pages\/2177","targetHints":{"allow":["GET"]}}],"collection":[{"href":"https:\/\/marblancsolar.ludeni.dev\/es\/wp-json\/wp\/v2\/pages"}],"about":[{"href":"https:\/\/marblancsolar.ludeni.dev\/es\/wp-json\/wp\/v2\/types\/page"}],"author":[{"embeddable":true,"href":"https:\/\/marblancsolar.ludeni.dev\/es\/wp-json\/wp\/v2\/users\/4"}],"replies":[{"embeddable":true,"href":"https:\/\/marblancsolar.ludeni.dev\/es\/wp-json\/wp\/v2\/comments?post=2177"}],"version-history":[{"count":1,"href":"https:\/\/marblancsolar.ludeni.dev\/es\/wp-json\/wp\/v2\/pages\/2177\/revisions"}],"predecessor-version":[{"id":2178,"href":"https:\/\/marblancsolar.ludeni.dev\/es\/wp-json\/wp\/v2\/pages\/2177\/revisions\/2178"}],"wp:featuredmedia":[{"embeddable":true,"href":"https:\/\/marblancsolar.ludeni.dev\/es\/wp-json\/wp\/v2\/media\/879"}],"wp:attachment":[{"href":"https:\/\/marblancsolar.ludeni.dev\/es\/wp-json\/wp\/v2\/media?parent=2177"}],"curies":[{"name":"wp","href":"https:\/\/api.w.org\/{rel}","templated":true}]}}