{"id":2928,"date":"2025-05-16T21:41:22","date_gmt":"2025-05-16T21:41:22","guid":{"rendered":"https:\/\/marblancsolar.com\/?page_id=2928"},"modified":"2025-06-15T05:40:55","modified_gmt":"2025-06-15T05:40:55","slug":"roman-mitchell","status":"publish","type":"page","link":"https:\/\/marblancsolar.ludeni.dev\/es\/nuestro-equipo\/roman-mitchell\/","title":{"rendered":"Roman Mitchell"},"content":{"rendered":"<div class=\"gb-container gb-container-dc9395b4\">\n<div class=\"gb-container gb-container-25b16727\">\n<div class=\"gb-container gb-container-23ed7c7e\">\n<div class=\"gb-container gb-container-123dfc85\">\n<div class=\"gb-container gb-container-b2037456\">\n<div class=\"gb-container gb-container-eee3455a\"><\/div>\n\n\n<h1 class=\"gb-headline gb-headline-85e2f650 gb-headline-text\">Roman Mitchell<\/h1>\n\n\n\n<p class=\"gb-headline gb-headline-883941f2 gb-headline-text\">Roman Mitchell es el co-director de Marblanc Solar. Es ingeniero civil acreditado con una Licenciatura en Ingenier\u00eda Civil (con honores) tras cuatro a\u00f1os de formaci\u00f3n en ingenier\u00eda civil, estructural, de suelos y de construcci\u00f3n en la <a href=\"https:\/\/www.uws.ac.uk\/study\/undergraduate\/undergraduate-course-search\/civil-engineering\" title=\"\">Universidad del Oeste de Escocia<\/a>.<\/p>\n\n\n<div class=\"gb-container gb-container-f89c6d6d\">\n\n<a class=\"gb-button gb-button-bbbbc36b\" href=\"https:\/\/www.linkedin.com\/in\/roman-mitchell-5744a3357\/\" aria-label=\"instagram link\"><span class=\"gb-icon\"><svg aria-hidden=\"true\" role=\"img\" height=\"1em\" width=\"1em\" viewBox=\"0 0 448 512\" xmlns=\"http:\/\/www.w3.org\/2000\/svg\"><path fill=\"currentColor\" d=\"M100.28 448H7.4V148.9h92.88zM53.79 108.1C24.09 108.1 0 83.5 0 53.8a53.79 53.79 0 0 1 107.58 0c0 29.7-24.1 54.3-53.79 54.3zM447.9 448h-92.68V302.4c0-34.7-.7-79.2-48.29-79.2-48.29 0-55.69 37.7-55.69 76.7V448h-92.78V148.9h89.08v40.8h1.3c12.4-23.5 42.69-48.3 87.88-48.3 94 0 111.28 61.9 111.28 142.3V448z\"><\/path><\/svg><\/span><\/a>\n\n<\/div>\n<\/div>\n<\/div>\n<\/div>\n<\/div>\n<div class=\"gb-shapes\"><div class=\"gb-shape gb-shape-1\"><svg preserveAspectRatio=\"none\" viewBox=\"0 0 1200 350\" xmlns=\"http:\/\/www.w3.org\/2000\/svg\">\n  <defs>\n    \n    \n    <linearGradient y2=\"0%\" x2=\"0%\" y1=\"0%\" x1=\"100%\" id=\"myShapeGradient\">\n      \n      <stop stop-color=\"#052c64\" offset=\"0%\"><\/stop>\n      <stop stop-color=\"#5785e8\" offset=\"100%\"><\/stop>\n    <\/linearGradient>\n  <\/defs>\n\n  \n  <path d=\"M1200 350V0C22.4 60.3 0 336.7 0 336.7V350h1200z\" fill=\"url(#myShapeGradient)\"><\/path>\n<\/svg><\/div><\/div><\/div>\n\n<div class=\"gb-container gb-container-0ef2e187\">\n<div class=\"gb-container gb-container-48a7c540\">\n\n<h3 class=\"gb-headline gb-headline-c14f72cd gb-headline-text\">art\u00ed\u00adculos recientes<\/h3>\n\n<\/div>\n<\/div>\n\n<div class=\"gb-container gb-container-27d93a79\">\n<div class=\"gb-container gb-container-241dc8c4\">\n\n<div class=\"gb-grid-wrapper gb-grid-wrapper-5a66c4f7 gb-query-loop-wrapper\">\n<div class=\"gb-grid-column gb-grid-column-650cdda7 gb-query-loop-item post-5563 post type-post status-publish format-standard has-post-thumbnail hentry category-blog-es category-guia\"><div class=\"gb-container gb-container-650cdda7\">\n<figure class=\"gb-block-image gb-block-image-9d2b95a3\"><img loading=\"lazy\" decoding=\"async\" width=\"1800\" height=\"1200\" src=\"https:\/\/marblancsolar.ludeni.dev\/wp-content\/uploads\/2025\/09\/solar-panel-installation-residential-villa-torreblanca-fuengirola-south-east.jpg?wsr\" class=\"gb-image-9d2b95a3\" alt=\"\" srcset=\"https:\/\/marblancsolar.ludeni.dev\/wp-content\/uploads\/2025\/09\/solar-panel-installation-residential-villa-torreblanca-fuengirola-south-east.jpg 1800w, https:\/\/marblancsolar.ludeni.dev\/wp-content\/uploads\/2025\/09\/solar-panel-installation-residential-villa-torreblanca-fuengirola-south-east-300x200.jpg 300w, https:\/\/marblancsolar.ludeni.dev\/wp-content\/uploads\/2025\/09\/solar-panel-installation-residential-villa-torreblanca-fuengirola-south-east-1024x683.jpg 1024w, https:\/\/marblancsolar.ludeni.dev\/wp-content\/uploads\/2025\/09\/solar-panel-installation-residential-villa-torreblanca-fuengirola-south-east-768x512.jpg 768w, https:\/\/marblancsolar.ludeni.dev\/wp-content\/uploads\/2025\/09\/solar-panel-installation-residential-villa-torreblanca-fuengirola-south-east-1536x1024.jpg 1536w\" sizes=\"auto, (max-width: 1800px) 100vw, 1800px\" \/><\/figure>\n\n<h2 class=\"gb-headline gb-headline-c2397258 gb-headline-text\"><a href=\"https:\/\/marblancsolar.ludeni.dev\/es\/ahorra-entre-un-20-50-incentivos-fiscales-por-instalar-paneles-solares-en-andalucia-espana\/\">Ahorra entre un 20-50% &#8211; Incentivos fiscales por instalar paneles solares en Andaluc\u00eda, Espa\u00f1a<\/a><\/h2>\n\n<div class=\"gb-container gb-container-f1567b27\">\n<div class=\"gb-container gb-container-1ee92ed2\">\n<figure class=\"gb-block-image gb-block-image-409ccc41\"><img loading=\"lazy\" decoding=\"async\" src=\"https:\/\/marblancsolar.ludeni.dev\/wp-content\/uploads\/2025\/05\/Roman-Mitchell-150x150.jpg?wsr\" width=\"30\" height=\"30\" srcset=\"https:\/\/marblancsolar.ludeni.dev\/wp-content\/uploads\/2025\/05\/Roman-Mitchell-150x150.jpg?wsr 2x\" alt=\"Roman Mitchell\" class=\"avatar avatar-30 wp-user-avatar wp-user-avatar-30 alignnone photo gb-image-409ccc41\" \/><\/figure>\n<\/div>\n\n<div class=\"gb-container gb-container-3c22c750\">\n<div class=\"gb-headline gb-headline-403a241a gb-headline-text\"><a href=\"https:\/\/marblancsolar.ludeni.dev\/es\/author\/roman-mitchell\/\">Roman Mitchell<\/a><\/div>\n<\/div>\n<\/div>\n\n<p class=\"gb-headline gb-headline-8082861b gb-headline-text\"><time class=\"entry-date published\" datetime=\"2025-09-17T10:45:17+00:00\">17 de September de 2025<\/time><\/p>\n\n<div class=\"gb-headline gb-headline-3f588a2c gb-headline-text\">Conoce c\u00f3mo las reducciones por IRPF, IBI e ICIO pueden ayudarte a recuperar hasta el 50% de los costes de tu instalaci\u00f3n solar en Andaluc\u00eda.<\/div>\n<\/div><\/div>\n\n<div class=\"gb-grid-column gb-grid-column-650cdda7 gb-query-loop-item post-5579 post type-post status-publish format-standard has-post-thumbnail hentry category-blog-es category-guia\"><div class=\"gb-container gb-container-650cdda7\">\n<figure class=\"gb-block-image gb-block-image-9d2b95a3\"><img loading=\"lazy\" decoding=\"async\" width=\"1800\" height=\"1200\" src=\"https:\/\/marblancsolar.ludeni.dev\/wp-content\/uploads\/2025\/08\/solar-panel-installation-residential-finca-mijas-pueblo.jpg?wsr\" class=\"gb-image-9d2b95a3\" alt=\"\" srcset=\"https:\/\/marblancsolar.ludeni.dev\/wp-content\/uploads\/2025\/08\/solar-panel-installation-residential-finca-mijas-pueblo.jpg 1800w, https:\/\/marblancsolar.ludeni.dev\/wp-content\/uploads\/2025\/08\/solar-panel-installation-residential-finca-mijas-pueblo-300x200.jpg 300w, https:\/\/marblancsolar.ludeni.dev\/wp-content\/uploads\/2025\/08\/solar-panel-installation-residential-finca-mijas-pueblo-1024x683.jpg 1024w, https:\/\/marblancsolar.ludeni.dev\/wp-content\/uploads\/2025\/08\/solar-panel-installation-residential-finca-mijas-pueblo-768x512.jpg 768w, https:\/\/marblancsolar.ludeni.dev\/wp-content\/uploads\/2025\/08\/solar-panel-installation-residential-finca-mijas-pueblo-1536x1024.jpg 1536w\" sizes=\"auto, (max-width: 1800px) 100vw, 1800px\" \/><\/figure>\n\n<h2 class=\"gb-headline gb-headline-c2397258 gb-headline-text\"><a href=\"https:\/\/marblancsolar.ludeni.dev\/es\/costes-detallados-de-la-instalacion-de-paneles-solares-en-espana\/\">Costes detallados de la instalaci\u00f3n de paneles solares en Espa\u00f1a<\/a><\/h2>\n\n<div class=\"gb-container gb-container-f1567b27\">\n<div class=\"gb-container gb-container-1ee92ed2\">\n<figure class=\"gb-block-image gb-block-image-409ccc41\"><img loading=\"lazy\" decoding=\"async\" src=\"https:\/\/marblancsolar.ludeni.dev\/wp-content\/uploads\/2025\/05\/Roman-Mitchell-150x150.jpg?wsr\" width=\"30\" height=\"30\" srcset=\"https:\/\/marblancsolar.ludeni.dev\/wp-content\/uploads\/2025\/05\/Roman-Mitchell-150x150.jpg?wsr 2x\" alt=\"Roman Mitchell\" class=\"avatar avatar-30 wp-user-avatar wp-user-avatar-30 alignnone photo gb-image-409ccc41\" \/><\/figure>\n<\/div>\n\n<div class=\"gb-container gb-container-3c22c750\">\n<div class=\"gb-headline gb-headline-403a241a gb-headline-text\"><a href=\"https:\/\/marblancsolar.ludeni.dev\/es\/author\/roman-mitchell\/\">Roman Mitchell<\/a><\/div>\n<\/div>\n<\/div>\n\n<p class=\"gb-headline gb-headline-8082861b gb-headline-text\"><time class=\"entry-date published\" datetime=\"2025-08-27T21:09:13+00:00\">27 de August de 2025<\/time><\/p>\n\n<div class=\"gb-headline gb-headline-3f588a2c gb-headline-text\">Desglosamos los costes desglosados de la instalaci\u00f3n de paneles solares en Espa\u00f1a, bas\u00e1ndonos en presupuestos reales de energ\u00eda solar en 2025.  <\/div>\n<\/div><\/div>\n\n<div class=\"gb-grid-column gb-grid-column-650cdda7 gb-query-loop-item post-4330 post type-post status-publish format-standard has-post-thumbnail hentry category-blog-es category-guia\"><div class=\"gb-container gb-container-650cdda7\">\n<figure class=\"gb-block-image gb-block-image-9d2b95a3\"><img loading=\"lazy\" decoding=\"async\" width=\"1920\" height=\"1080\" src=\"https:\/\/marblancsolar.ludeni.dev\/wp-content\/uploads\/2024\/02\/solar-panel-installation-in-marbella.webp?wsr\" class=\"gb-image-9d2b95a3\" alt=\"Una gran villa blanca y moderna con m\u00faltiples balcones y piscina, rodeada de vegetaci\u00f3n y casas vecinas.\" srcset=\"https:\/\/marblancsolar.ludeni.dev\/wp-content\/uploads\/2024\/02\/solar-panel-installation-in-marbella.webp 1920w, https:\/\/marblancsolar.ludeni.dev\/wp-content\/uploads\/2024\/02\/solar-panel-installation-in-marbella-300x169.webp 300w, https:\/\/marblancsolar.ludeni.dev\/wp-content\/uploads\/2024\/02\/solar-panel-installation-in-marbella-1024x576.webp 1024w, https:\/\/marblancsolar.ludeni.dev\/wp-content\/uploads\/2024\/02\/solar-panel-installation-in-marbella-768x432.webp 768w, https:\/\/marblancsolar.ludeni.dev\/wp-content\/uploads\/2024\/02\/solar-panel-installation-in-marbella-1536x864.webp 1536w\" sizes=\"auto, (max-width: 1920px) 100vw, 1920px\" \/><\/figure>\n\n<h2 class=\"gb-headline gb-headline-c2397258 gb-headline-text\"><a href=\"https:\/\/marblancsolar.ludeni.dev\/es\/guia-5-pasos-instalar-paneles-solares-en-marbella\/\">Gu\u00eda en 5 pasos: Todo lo que hay que saber sobre la instalaci\u00f3n de paneles solares en Marbella<\/a><\/h2>\n\n<div class=\"gb-container gb-container-f1567b27\">\n<div class=\"gb-container gb-container-1ee92ed2\">\n<figure class=\"gb-block-image gb-block-image-409ccc41\"><img loading=\"lazy\" decoding=\"async\" src=\"https:\/\/marblancsolar.ludeni.dev\/wp-content\/uploads\/2025\/05\/Roman-Mitchell-150x150.jpg?wsr\" width=\"30\" height=\"30\" srcset=\"https:\/\/marblancsolar.ludeni.dev\/wp-content\/uploads\/2025\/05\/Roman-Mitchell-150x150.jpg?wsr 2x\" alt=\"Roman Mitchell\" class=\"avatar avatar-30 wp-user-avatar wp-user-avatar-30 alignnone photo gb-image-409ccc41\" \/><\/figure>\n<\/div>\n\n<div class=\"gb-container gb-container-3c22c750\">\n<div class=\"gb-headline gb-headline-403a241a gb-headline-text\"><a href=\"https:\/\/marblancsolar.ludeni.dev\/es\/author\/roman-mitchell\/\">Roman Mitchell<\/a><\/div>\n<\/div>\n<\/div>\n\n<p class=\"gb-headline gb-headline-8082861b gb-headline-text\"><time class=\"entry-date published\" datetime=\"2025-05-16T23:20:34+00:00\">16 de May de 2025<\/time><\/p>\n\n<div class=\"gb-headline gb-headline-3f588a2c gb-headline-text\">Inf\u00f3rmate sobre el tama\u00f1o del sistema, los costes de instalaci\u00f3n, las tarifas de alimentaci\u00f3n, el ahorro y los incentivos gubernamentales en Marbella en 2025.  <\/div>\n<\/div><\/div>\n<\/div>\n\n<\/div>\n<\/div>\n\n<p><\/body><\/html><\/p>\n\n\n<p><\/p>\n","protected":false},"excerpt":{"rendered":"","protected":false},"author":2,"featured_media":2618,"parent":2005,"menu_order":0,"comment_status":"closed","ping_status":"closed","template":"","meta":{"_acf_changed":false,"footnotes":""},"class_list":{"0":"post-2928","1":"page","2":"type-page","3":"status-publish","4":"has-post-thumbnail","6":"no-featured-image-padding"},"acf":[],"aioseo_notices":[],"_links":{"self":[{"href":"https:\/\/marblancsolar.ludeni.dev\/es\/wp-json\/wp\/v2\/pages\/2928","targetHints":{"allow":["GET"]}}],"collection":[{"href":"https:\/\/marblancsolar.ludeni.dev\/es\/wp-json\/wp\/v2\/pages"}],"about":[{"href":"https:\/\/marblancsolar.ludeni.dev\/es\/wp-json\/wp\/v2\/types\/page"}],"author":[{"embeddable":true,"href":"https:\/\/marblancsolar.ludeni.dev\/es\/wp-json\/wp\/v2\/users\/2"}],"replies":[{"embeddable":true,"href":"https:\/\/marblancsolar.ludeni.dev\/es\/wp-json\/wp\/v2\/comments?post=2928"}],"version-history":[{"count":11,"href":"https:\/\/marblancsolar.ludeni.dev\/es\/wp-json\/wp\/v2\/pages\/2928\/revisions"}],"predecessor-version":[{"id":4271,"href":"https:\/\/marblancsolar.ludeni.dev\/es\/wp-json\/wp\/v2\/pages\/2928\/revisions\/4271"}],"up":[{"embeddable":true,"href":"https:\/\/marblancsolar.ludeni.dev\/es\/wp-json\/wp\/v2\/pages\/2005"}],"wp:featuredmedia":[{"embeddable":true,"href":"https:\/\/marblancsolar.ludeni.dev\/es\/wp-json\/wp\/v2\/media\/2618"}],"wp:attachment":[{"href":"https:\/\/marblancsolar.ludeni.dev\/es\/wp-json\/wp\/v2\/media?parent=2928"}],"curies":[{"name":"wp","href":"https:\/\/api.w.org\/{rel}","templated":true}]}}