{"id":2936,"date":"2025-05-16T21:36:14","date_gmt":"2025-05-16T21:36:14","guid":{"rendered":"https:\/\/marblancsolar.com\/?page_id=2936"},"modified":"2025-10-20T20:12:13","modified_gmt":"2025-10-20T20:12:13","slug":"adam-millington","status":"publish","type":"page","link":"https:\/\/marblancsolar.ludeni.dev\/es\/nuestro-equipo\/adam-millington\/","title":{"rendered":"Adam Millington"},"content":{"rendered":"<div class=\"gb-container gb-container-dc9395b4\">\n<div class=\"gb-container gb-container-25b16727\">\n<div class=\"gb-container gb-container-23ed7c7e\">\n<div class=\"gb-container gb-container-123dfc85\">\n<div class=\"gb-container gb-container-b2037456\">\n<div class=\"gb-container gb-container-eee3455a team-container\"><\/div>\n\n\n<h1 class=\"gb-headline gb-headline-85e2f650 gb-headline-text\">Adam Millington<\/h1>\n\n\n\n<p class=\"gb-headline gb-headline-883941f2 gb-headline-text\">Adam Millington es el fundador y copropietario de <a href=\"https:\/\/marblancsolar.ludeni.dev\/es\/\" title=\"Inicio\">Marblanc Solar<\/a>. Es electricista titulado con un <em><a href=\"https:\/\/www.tudublin.ie\/study\/apprenticeships\/apprenticeship-courses\/electrical\/\" title=\"\">QQI Nivel 6 Certificado Avanzado Artesan\u00eda &#8211; El\u00e9ctrico<\/a><\/em> y un <a href=\"https:\/\/www.tudublin.ie\/study\/postgraduate\/courses\/sustainable-electrical-energy-systems\/\" title=\"\"><em>M\u00e1ster en Sistemas de Energ\u00eda El\u00e9ctrica Sostenibles<\/em><\/a> en la Universidad Tecnol\u00f3gica de Dubl\u00edn.   <\/p>\n\n\n<div class=\"gb-container gb-container-f89c6d6d\">\n\n<a class=\"gb-button gb-button-bbbbc36b\" href=\"https:\/\/www.linkedin.com\/in\/adam-millington-2bb290285\/\" aria-label=\"instagram link\"><span class=\"gb-icon\"><svg xmlns=\"http:\/\/www.w3.org\/2000\/svg\" aria-hidden=\"true\" role=\"img\" height=\"1em\" width=\"1em\" viewbox=\"0 0 448 512\"><path fill=\"currentColor\" d=\"M100.28 448H7.4V148.9h92.88zM53.79 108.1C24.09 108.1 0 83.5 0 53.8a53.79 53.79 0 0 1 107.58 0c0 29.7-24.1 54.3-53.79 54.3zM447.9 448h-92.68V302.4c0-34.7-.7-79.2-48.29-79.2-48.29 0-55.69 37.7-55.69 76.7V448h-92.78V148.9h89.08v40.8h1.3c12.4-23.5 42.69-48.3 87.88-48.3 94 0 111.28 61.9 111.28 142.3V448z\"><\/path><\/svg><\/span><\/a>\n\n<\/div>\n<\/div>\n<\/div>\n<\/div>\n<\/div>\n<div class=\"gb-shapes\"><div class=\"gb-shape gb-shape-1\"><svg preserveAspectRatio=\"none\" viewBox=\"0 0 1200 350\" xmlns=\"http:\/\/www.w3.org\/2000\/svg\">\n  <defs>\n    \n    \n    <linearGradient y2=\"0%\" x2=\"0%\" y1=\"0%\" x1=\"100%\" id=\"myShapeGradient\">\n      \n      <stop stop-color=\"#052c64\" offset=\"0%\"><\/stop>\n      <stop stop-color=\"#5785e8\" offset=\"100%\"><\/stop>\n    <\/linearGradient>\n  <\/defs>\n\n  \n  <path d=\"M1200 350V0C22.4 60.3 0 336.7 0 336.7V350h1200z\" fill=\"url(#myShapeGradient)\"><\/path>\n<\/svg><\/div><\/div><\/div><div class=\"gb-container gb-container-0ef2e187\">\n<div class=\"gb-container gb-container-48a7c540\">\n\n<h3 class=\"gb-headline gb-headline-c14f72cd gb-headline-text\">\u00daltimos art\u00edculos<\/h3>\n\n<\/div>\n<\/div><div class=\"gb-container gb-container-27d93a79\">\n<div class=\"gb-container gb-container-241dc8c4\">\n\n<div class=\"gb-grid-wrapper gb-grid-wrapper-5a66c4f7 gb-query-loop-wrapper\">\n<div class=\"gb-grid-column gb-grid-column-650cdda7 gb-query-loop-item post-6396 post type-post status-publish format-standard has-post-thumbnail hentry category-blog-es\"><div class=\"gb-container gb-container-650cdda7\">\n<figure class=\"gb-block-image gb-block-image-9d2b95a3\"><img loading=\"lazy\" decoding=\"async\" width=\"1800\" height=\"1200\" src=\"https:\/\/marblancsolar.ludeni.dev\/wp-content\/uploads\/2025\/11\/14-solar-panel-installation-istan-close.jpg?wsr\" class=\"gb-image-9d2b95a3\" alt=\"\" srcset=\"https:\/\/marblancsolar.ludeni.dev\/wp-content\/uploads\/2025\/11\/14-solar-panel-installation-istan-close.jpg 1800w, https:\/\/marblancsolar.ludeni.dev\/wp-content\/uploads\/2025\/11\/14-solar-panel-installation-istan-close-300x200.jpg 300w, https:\/\/marblancsolar.ludeni.dev\/wp-content\/uploads\/2025\/11\/14-solar-panel-installation-istan-close-1024x683.jpg 1024w, https:\/\/marblancsolar.ludeni.dev\/wp-content\/uploads\/2025\/11\/14-solar-panel-installation-istan-close-768x512.jpg 768w, https:\/\/marblancsolar.ludeni.dev\/wp-content\/uploads\/2025\/11\/14-solar-panel-installation-istan-close-1536x1024.jpg 1536w\" sizes=\"auto, (max-width: 1800px) 100vw, 1800px\" \/><\/figure>\n\n<h2 class=\"gb-headline gb-headline-c2397258 gb-headline-text\"><a href=\"https:\/\/marblancsolar.ludeni.dev\/es\/cuanto-ahorran-los-paneles-solares-en-espana-5-casos-reales\/\">\u00bfCu\u00e1nto ahorran los paneles solares en Espa\u00f1a? 5 casos reales<\/a><\/h2>\n\n<div class=\"gb-container gb-container-f1567b27\">\n<div class=\"gb-container gb-container-1ee92ed2\">\n<figure class=\"gb-block-image gb-block-image-409ccc41\"><img loading=\"lazy\" decoding=\"async\" src=\"https:\/\/marblancsolar.ludeni.dev\/wp-content\/uploads\/2025\/05\/Adam-Millington-150x150.jpg?wsr\" width=\"30\" height=\"30\" srcset=\"https:\/\/marblancsolar.ludeni.dev\/wp-content\/uploads\/2025\/05\/Adam-Millington-150x150.jpg?wsr 2x\" alt=\"Adam Millington\" class=\"avatar avatar-30 wp-user-avatar wp-user-avatar-30 alignnone photo gb-image-409ccc41\" \/><\/figure>\n<\/div>\n\n<div class=\"gb-container gb-container-3c22c750\">\n<div class=\"gb-headline gb-headline-403a241a gb-headline-text\"><a href=\"https:\/\/marblancsolar.ludeni.dev\/es\/author\/adam-millington\/\">Adam Millington<\/a><\/div>\n<\/div>\n<\/div>\n\n<p class=\"gb-headline gb-headline-8082861b gb-headline-text\"><time class=\"entry-date published\" datetime=\"2026-01-02T10:23:03+00:00\">2 de January de 2026<\/time><\/p>\n\n<div class=\"gb-headline gb-headline-3f588a2c gb-headline-text\">Comprueba cu\u00e1nto pueden ahorrar los paneles solares en Espa\u00f1a con 5 casos pr\u00e1cticos reales de Marblanc Solar.<\/div>\n<\/div><\/div>\n\n<div class=\"gb-grid-column gb-grid-column-650cdda7 gb-query-loop-item post-6318 post type-post status-publish format-standard has-post-thumbnail hentry category-blog-es category-guia\"><div class=\"gb-container gb-container-650cdda7\">\n<figure class=\"gb-block-image gb-block-image-9d2b95a3\"><img loading=\"lazy\" decoding=\"async\" width=\"1801\" height=\"1200\" src=\"https:\/\/marblancsolar.ludeni.dev\/wp-content\/uploads\/2025\/11\/solar-installation-11-solar-panels-urbanizacion-riviera-del-sol-mijas-close-scaled.jpg?wsr\" class=\"gb-image-9d2b95a3\" alt=\"\" \/><\/figure>\n\n<h2 class=\"gb-headline gb-headline-c2397258 gb-headline-text\"><a href=\"https:\/\/marblancsolar.ludeni.dev\/es\/mijas-caso-exito-financiacion-sistema-solar\/\">C\u00f3mo un propietario de Mijas carga su VE &#8220;gratis&#8221; con un acuerdo de financiaci\u00f3n solar<\/a><\/h2>\n\n<div class=\"gb-container gb-container-f1567b27\">\n<div class=\"gb-container gb-container-1ee92ed2\">\n<figure class=\"gb-block-image gb-block-image-409ccc41\"><img loading=\"lazy\" decoding=\"async\" src=\"https:\/\/marblancsolar.ludeni.dev\/wp-content\/uploads\/2025\/05\/Adam-Millington-150x150.jpg?wsr\" width=\"30\" height=\"30\" srcset=\"https:\/\/marblancsolar.ludeni.dev\/wp-content\/uploads\/2025\/05\/Adam-Millington-150x150.jpg?wsr 2x\" alt=\"Adam Millington\" class=\"avatar avatar-30 wp-user-avatar wp-user-avatar-30 alignnone photo gb-image-409ccc41\" \/><\/figure>\n<\/div>\n\n<div class=\"gb-container gb-container-3c22c750\">\n<div class=\"gb-headline gb-headline-403a241a gb-headline-text\"><a href=\"https:\/\/marblancsolar.ludeni.dev\/es\/author\/adam-millington\/\">Adam Millington<\/a><\/div>\n<\/div>\n<\/div>\n\n<p class=\"gb-headline gb-headline-8082861b gb-headline-text\"><time class=\"entry-date published\" datetime=\"2025-12-23T09:27:12+00:00\">23 de December de 2025<\/time><\/p>\n\n<div class=\"gb-headline gb-headline-3f588a2c gb-headline-text\">Descubre c\u00f3mo un propietario de Mijas (Espa\u00f1a) cambi\u00f3 una factura el\u00e9ctrica de 208 euros por un acuerdo de financiaci\u00f3n de energ\u00eda solar, que le permiti\u00f3 cargar su coche el\u00e9ctrico &#8220;gratis&#8221;.\n<\/div>\n<\/div><\/div>\n\n<div class=\"gb-grid-column gb-grid-column-650cdda7 gb-query-loop-item post-4313 post type-post status-publish format-standard has-post-thumbnail hentry category-blog-es category-guia\"><div class=\"gb-container gb-container-650cdda7\">\n<figure class=\"gb-block-image gb-block-image-9d2b95a3\"><img loading=\"lazy\" decoding=\"async\" width=\"1800\" height=\"1200\" src=\"https:\/\/marblancsolar.ludeni.dev\/wp-content\/uploads\/2025\/05\/24-Solar-Panels-in-Mijas-Costa-1.jpg?wsr\" class=\"gb-image-9d2b95a3\" alt=\"Vista a\u00e9rea del tejado de una casa con paneles solares instalados en un lado y rodeada de vegetaci\u00f3n.\" srcset=\"https:\/\/marblancsolar.ludeni.dev\/wp-content\/uploads\/2025\/05\/24-Solar-Panels-in-Mijas-Costa-1.jpg 1800w, https:\/\/marblancsolar.ludeni.dev\/wp-content\/uploads\/2025\/05\/24-Solar-Panels-in-Mijas-Costa-1-300x200.jpg 300w, https:\/\/marblancsolar.ludeni.dev\/wp-content\/uploads\/2025\/05\/24-Solar-Panels-in-Mijas-Costa-1-1024x683.jpg 1024w, https:\/\/marblancsolar.ludeni.dev\/wp-content\/uploads\/2025\/05\/24-Solar-Panels-in-Mijas-Costa-1-768x512.jpg 768w, https:\/\/marblancsolar.ludeni.dev\/wp-content\/uploads\/2025\/05\/24-Solar-Panels-in-Mijas-Costa-1-1536x1024.jpg 1536w\" sizes=\"auto, (max-width: 1800px) 100vw, 1800px\" \/><\/figure>\n\n<h2 class=\"gb-headline gb-headline-c2397258 gb-headline-text\"><a href=\"https:\/\/marblancsolar.ludeni.dev\/es\/quieres-energia-solar-en-un-apagon-utiliza-un-backup-box\/\">\u00bfQuieres energ\u00eda solar en un apag\u00f3n? Utiliza una caja de seguridad<\/a><\/h2>\n\n<div class=\"gb-container gb-container-f1567b27\">\n<div class=\"gb-container gb-container-1ee92ed2\">\n<figure class=\"gb-block-image gb-block-image-409ccc41\"><img loading=\"lazy\" decoding=\"async\" src=\"https:\/\/marblancsolar.ludeni.dev\/wp-content\/uploads\/2025\/05\/Adam-Millington-150x150.jpg?wsr\" width=\"30\" height=\"30\" srcset=\"https:\/\/marblancsolar.ludeni.dev\/wp-content\/uploads\/2025\/05\/Adam-Millington-150x150.jpg?wsr 2x\" alt=\"Adam Millington\" class=\"avatar avatar-30 wp-user-avatar wp-user-avatar-30 alignnone photo gb-image-409ccc41\" \/><\/figure>\n<\/div>\n\n<div class=\"gb-container gb-container-3c22c750\">\n<div class=\"gb-headline gb-headline-403a241a gb-headline-text\"><a href=\"https:\/\/marblancsolar.ludeni.dev\/es\/author\/adam-millington\/\">Adam Millington<\/a><\/div>\n<\/div>\n<\/div>\n\n<p class=\"gb-headline gb-headline-8082861b gb-headline-text\"><time class=\"entry-date published\" datetime=\"2025-05-26T15:14:26+00:00\">26 de May de 2025<\/time><\/p>\n\n<div class=\"gb-headline gb-headline-3f588a2c gb-headline-text\">Inf\u00f3rmate sobre c\u00f3mo una caja de reserva puede mantener la luz cuando se corta la red.<\/div>\n<\/div><\/div>\n<\/div>\n\n<\/div>\n<\/div><p><\/body><\/html><\/p>\n","protected":false},"excerpt":{"rendered":"","protected":false},"author":4,"featured_media":2620,"parent":2005,"menu_order":0,"comment_status":"closed","ping_status":"closed","template":"","meta":{"_acf_changed":false,"footnotes":""},"class_list":{"0":"post-2936","1":"page","2":"type-page","3":"status-publish","4":"has-post-thumbnail","6":"no-featured-image-padding"},"acf":[],"aioseo_notices":[],"_links":{"self":[{"href":"https:\/\/marblancsolar.ludeni.dev\/es\/wp-json\/wp\/v2\/pages\/2936","targetHints":{"allow":["GET"]}}],"collection":[{"href":"https:\/\/marblancsolar.ludeni.dev\/es\/wp-json\/wp\/v2\/pages"}],"about":[{"href":"https:\/\/marblancsolar.ludeni.dev\/es\/wp-json\/wp\/v2\/types\/page"}],"author":[{"embeddable":true,"href":"https:\/\/marblancsolar.ludeni.dev\/es\/wp-json\/wp\/v2\/users\/4"}],"replies":[{"embeddable":true,"href":"https:\/\/marblancsolar.ludeni.dev\/es\/wp-json\/wp\/v2\/comments?post=2936"}],"version-history":[{"count":10,"href":"https:\/\/marblancsolar.ludeni.dev\/es\/wp-json\/wp\/v2\/pages\/2936\/revisions"}],"predecessor-version":[{"id":5399,"href":"https:\/\/marblancsolar.ludeni.dev\/es\/wp-json\/wp\/v2\/pages\/2936\/revisions\/5399"}],"up":[{"embeddable":true,"href":"https:\/\/marblancsolar.ludeni.dev\/es\/wp-json\/wp\/v2\/pages\/2005"}],"wp:featuredmedia":[{"embeddable":true,"href":"https:\/\/marblancsolar.ludeni.dev\/es\/wp-json\/wp\/v2\/media\/2620"}],"wp:attachment":[{"href":"https:\/\/marblancsolar.ludeni.dev\/es\/wp-json\/wp\/v2\/media?parent=2936"}],"curies":[{"name":"wp","href":"https:\/\/api.w.org\/{rel}","templated":true}]}}