{"id":3945,"date":"2025-06-08T11:48:41","date_gmt":"2025-06-08T11:48:41","guid":{"rendered":"https:\/\/marblancsolar.com\/nuestro-equipo\/marc-owens\/"},"modified":"2025-06-15T06:48:15","modified_gmt":"2025-06-15T06:48:15","slug":"marc-owen","status":"publish","type":"page","link":"https:\/\/marblancsolar.ludeni.dev\/es\/nuestro-equipo\/marc-owen\/","title":{"rendered":"Marc Owen"},"content":{"rendered":"<div class=\"gb-container gb-container-dc9395b4\">\n<div class=\"gb-container gb-container-25b16727\">\n<div class=\"gb-container gb-container-23ed7c7e\">\n<div class=\"gb-container gb-container-123dfc85\">\n<div class=\"gb-container gb-container-b2037456\">\n<div class=\"gb-container gb-container-eee3455a team-container\"><\/div>\n\n\n<h1 class=\"gb-headline gb-headline-85e2f650 gb-headline-text\">Marc Owen<\/h1>\n\n\n\n<p class=\"gb-headline gb-headline-883941f2 gb-headline-text\">Marc Owen es instalador solar senior y electricista de <a href=\"https:\/\/marblancsolar.ludeni.dev\/es\/\" title=\"Inicio\">Marblanc Solar.<\/a> Tiene 20 a\u00f1os de experiencia en el Reino Unido, donde obtuvo <a href=\"https:\/\/www.ecscard.org.uk\/card-types\/electrotechnical\/installation-electrician\">la tarjeta JIB Gold<\/a>. <\/p>\n\n<\/div>\n<\/div>\n<\/div>\n<\/div>\n<div class=\"gb-shapes\"><div class=\"gb-shape gb-shape-1\"><svg preserveAspectRatio=\"none\" viewBox=\"0 0 1200 350\" xmlns=\"http:\/\/www.w3.org\/2000\/svg\">\n  <defs>\n    \n    \n    <linearGradient y2=\"0%\" x2=\"0%\" y1=\"0%\" x1=\"100%\" id=\"myShapeGradient\">\n      \n      <stop stop-color=\"#052c64\" offset=\"0%\"><\/stop>\n      <stop stop-color=\"#5785e8\" offset=\"100%\"><\/stop>\n    <\/linearGradient>\n  <\/defs>\n\n  \n  <path d=\"M1200 350V0C22.4 60.3 0 336.7 0 336.7V350h1200z\" fill=\"url(#myShapeGradient)\"><\/path>\n<\/svg><\/div><\/div><\/div>\n\n<div class=\"gb-container gb-container-0ef2e187\">\n<div class=\"gb-container gb-container-48a7c540\">\n\n<h3 class=\"gb-headline gb-headline-c14f72cd gb-headline-text\">\u00faltimos art\u00ed\u00adculos<\/h3>\n\n<\/div>\n<\/div>\n\n<div class=\"gb-container gb-container-27d93a79\">\n<div class=\"gb-container gb-container-241dc8c4\">\n\n<div class=\"gb-grid-wrapper gb-grid-wrapper-5a66c4f7 gb-query-loop-wrapper\">\n<div class=\"gb-grid-column gb-grid-column-650cdda7 gb-query-loop-item post-4310 post type-post status-publish format-standard has-post-thumbnail hentry category-blog-es category-guia\"><div class=\"gb-container gb-container-650cdda7\">\n<figure class=\"gb-block-image gb-block-image-9d2b95a3\"><img loading=\"lazy\" decoding=\"async\" width=\"1800\" height=\"1200\" src=\"https:\/\/marblancsolar.ludeni.dev\/wp-content\/uploads\/2025\/06\/what-best-brand-solar-inverter-spain.png?wsr\" class=\"gb-image-9d2b95a3\" alt=\"Un hombre agachado, trabajando o inspeccionando un aparato blanco montado en la pared con tubos alrededor en una habitaci\u00f3n.\" srcset=\"https:\/\/marblancsolar.ludeni.dev\/wp-content\/uploads\/2025\/06\/what-best-brand-solar-inverter-spain.png 1800w, https:\/\/marblancsolar.ludeni.dev\/wp-content\/uploads\/2025\/06\/what-best-brand-solar-inverter-spain-300x200.png 300w, https:\/\/marblancsolar.ludeni.dev\/wp-content\/uploads\/2025\/06\/what-best-brand-solar-inverter-spain-1024x683.png 1024w, https:\/\/marblancsolar.ludeni.dev\/wp-content\/uploads\/2025\/06\/what-best-brand-solar-inverter-spain-768x512.png 768w, https:\/\/marblancsolar.ludeni.dev\/wp-content\/uploads\/2025\/06\/what-best-brand-solar-inverter-spain-1536x1024.png 1536w\" sizes=\"auto, (max-width: 1800px) 100vw, 1800px\" \/><\/figure>\n\n<h2 class=\"gb-headline gb-headline-c2397258 gb-headline-text\"><a href=\"https:\/\/marblancsolar.ludeni.dev\/es\/marca-mas-fiable-inversores-solares-espana\/\">\u00bfCu\u00e1l es la marca m\u00e1s fiable de inversores solares en Espa\u00f1a?<\/a><\/h2>\n\n<div class=\"gb-container gb-container-f1567b27\">\n<div class=\"gb-container gb-container-1ee92ed2\">\n<figure class=\"gb-block-image gb-block-image-409ccc41\"><img loading=\"lazy\" decoding=\"async\" src=\"https:\/\/marblancsolar.ludeni.dev\/wp-content\/uploads\/2025\/06\/Marc-Owens-Marblanc-150x150.jpeg?wsr\" width=\"30\" height=\"30\" srcset=\"https:\/\/marblancsolar.ludeni.dev\/wp-content\/uploads\/2025\/06\/Marc-Owens-Marblanc-150x150.jpeg?wsr 2x\" alt=\"Marc Owen\" class=\"avatar avatar-30 wp-user-avatar wp-user-avatar-30 alignnone photo gb-image-409ccc41\" \/><\/figure>\n<\/div>\n\n<div class=\"gb-container gb-container-3c22c750\">\n<div class=\"gb-headline gb-headline-403a241a gb-headline-text\"><a href=\"https:\/\/marblancsolar.ludeni.dev\/es\/author\/marc\/\">Marc Owen<\/a><\/div>\n<\/div>\n<\/div>\n\n<p class=\"gb-headline gb-headline-8082861b gb-headline-text\"><time class=\"entry-date published\" datetime=\"2025-06-08T11:55:28+00:00\">8 de June de 2025<\/time><\/p>\n\n<div class=\"gb-headline gb-headline-3f588a2c gb-headline-text\">Descubre las ocho consideraciones clave a la hora de elegir un inversor solar en Espa\u00f1a, y por qu\u00e9 recomendamos Huawei.<\/div>\n<\/div><\/div>\n<\/div>\n\n<\/div>\n<\/div>\n\n<p><\/body><\/html><\/p>","protected":false},"excerpt":{"rendered":"","protected":false},"author":2,"featured_media":3942,"parent":2005,"menu_order":0,"comment_status":"closed","ping_status":"closed","template":"","meta":{"_acf_changed":false,"footnotes":""},"class_list":{"0":"post-3945","1":"page","2":"type-page","3":"status-publish","4":"has-post-thumbnail","6":"no-featured-image-padding"},"acf":[],"aioseo_notices":[],"_links":{"self":[{"href":"https:\/\/marblancsolar.ludeni.dev\/es\/wp-json\/wp\/v2\/pages\/3945","targetHints":{"allow":["GET"]}}],"collection":[{"href":"https:\/\/marblancsolar.ludeni.dev\/es\/wp-json\/wp\/v2\/pages"}],"about":[{"href":"https:\/\/marblancsolar.ludeni.dev\/es\/wp-json\/wp\/v2\/types\/page"}],"author":[{"embeddable":true,"href":"https:\/\/marblancsolar.ludeni.dev\/es\/wp-json\/wp\/v2\/users\/2"}],"replies":[{"embeddable":true,"href":"https:\/\/marblancsolar.ludeni.dev\/es\/wp-json\/wp\/v2\/comments?post=3945"}],"version-history":[{"count":8,"href":"https:\/\/marblancsolar.ludeni.dev\/es\/wp-json\/wp\/v2\/pages\/3945\/revisions"}],"predecessor-version":[{"id":4307,"href":"https:\/\/marblancsolar.ludeni.dev\/es\/wp-json\/wp\/v2\/pages\/3945\/revisions\/4307"}],"up":[{"embeddable":true,"href":"https:\/\/marblancsolar.ludeni.dev\/es\/wp-json\/wp\/v2\/pages\/2005"}],"wp:featuredmedia":[{"embeddable":true,"href":"https:\/\/marblancsolar.ludeni.dev\/es\/wp-json\/wp\/v2\/media\/3942"}],"wp:attachment":[{"href":"https:\/\/marblancsolar.ludeni.dev\/es\/wp-json\/wp\/v2\/media?parent=3945"}],"curies":[{"name":"wp","href":"https:\/\/api.w.org\/{rel}","templated":true}]}}