{"id":5376,"date":"2025-09-05T13:43:40","date_gmt":"2025-09-05T13:43:40","guid":{"rendered":"https:\/\/marblancsolar.com\/guias-solares\/"},"modified":"2026-01-04T07:13:14","modified_gmt":"2026-01-04T07:13:14","slug":"blog-2","status":"publish","type":"page","link":"https:\/\/marblancsolar.ludeni.dev\/es\/blog-2\/","title":{"rendered":"Blog"},"content":{"rendered":"<div class=\"gb-container gb-container-dc9395b4\">\n<div class=\"gb-container gb-container-25b16727\">\n<div class=\"gb-container gb-container-23ed7c7e\">\n<div class=\"gb-container gb-container-371305cf\">\n<div class=\"gb-container gb-container-af6d521f\">\n<div class=\"gb-container gb-container-48278461\">\n\n<h2 class=\"gb-headline gb-headline-db5ed219 gb-headline-text\">Blogs en profundidad para conocer la energ\u00eda solar en Espa\u00f1a<\/h2>\n\n<\/div>\n<\/div>\n\n<div class=\"gb-container gb-container-ea7effb2\">\n\n<p class=\"gb-headline gb-headline-429d01f6 gb-headline-text\">Aqu\u00ed puedes explorar las \u00faltimas gu\u00edas solares de <a href=\"https:\/\/marblancsolar.ludeni.dev\/es\/\" title=\"Inicio\">Marblanc<\/a> Solar, que te ayudar\u00e1n a conocer la energ\u00eda solar en Espa\u00f1a.  <\/p>\n\n\n\n<p class=\"gb-headline gb-headline-2081e6e7 gb-headline-text\">Tratamos temas como los<a href=\"https:\/\/marblancsolar.ludeni.dev\/es\/costes-detallados-de-la-instalacion-de-paneles-solares-en-espana\/\" title=\"Costes detallados de la instalaci\u00f3n de paneles solares en Espa\u00f1a\"> costes desglosados de los paneles solares en Espa\u00f1a<\/a>, <a href=\"https:\/\/marblancsolar.ludeni.dev\/es\/guia-3-pasos-dimensionar-instalacion-fotovoltaica-en-costa-del-sol\/\" title=\"Gu\u00eda en 3 pasos: Dimensionar una instalaci\u00f3n solar para ahorrar un 80% en la Costa del Sol\">c\u00f3mo dimensionar tu instalaci\u00f3n de paneles solares<\/a> para ahorrar un 80%, explicaciones sobre equipos como <a href=\"https:\/\/marblancsolar.ludeni.dev\/es\/marca-mas-fiable-inversores-solares-espana\/\" title=\"\u00bfCu\u00e1l es la marca m\u00e1s fiable de inversores solares en Espa\u00f1a?\">inversores solares<\/a> y <a href=\"https:\/\/marblancsolar.ludeni.dev\/es\/quieres-energia-solar-en-un-apagon-utiliza-un-backup-box\/\" title=\"\u00bfQuieres energ\u00eda solar en un apag\u00f3n? Utiliza una caja de seguridad\">cajas de respaldo<\/a>, y mucho m\u00e1s.<\/p>\n\n\n\n<p class=\"gb-headline gb-headline-93c88761 gb-headline-text\">Para m\u00e1s informaci\u00f3n, no dudes en <a href=\"https:\/\/marblancsolar.ludeni.dev\/es\/contacto\/\" title=\"Ponte en contacto con\">ponerte en contacto con nosotros<\/a>.<\/p>\n\n<\/div>\n<\/div>\n<\/div>\n<\/div>\n<\/div><div class=\"gb-container gb-container-0ef2e187\">\n<div class=\"gb-container gb-container-48a7c540\">\n\n<h3 class=\"gb-headline gb-headline-c14f72cd gb-headline-text\">Nuestro \u00faltimo blog<\/h3>\n\n<\/div>\n<\/div><div class=\"gb-container gb-container-10316c9a\" id=\"see-projects\">\n<div class=\"gb-container gb-container-73c0ca63\">\n\n<div class=\"gb-grid-wrapper gb-grid-wrapper-7cf66965 gb-query-loop-wrapper\">\n<div class=\"gb-grid-column gb-grid-column-9b42971a gb-query-loop-item post-6396 post type-post status-publish format-standard has-post-thumbnail hentry category-blog-es\"><div class=\"gb-container gb-container-9b42971a\">\n<div class=\"gb-container gb-container-80c3833e\" style=\"background-image: url(https:\/\/marblancsolar.ludeni.dev\/wp-content\/uploads\/2025\/11\/14-solar-panel-installation-istan-close.jpg?wsr);\"><a class=\"gb-container-link\" href=\"https:\/\/marblancsolar.ludeni.dev\/es\/cuanto-ahorran-los-paneles-solares-en-espana-5-casos-reales\/\"><\/a>\n<div class=\"gb-container gb-container-16493c53\">\n<h4 class=\"gb-headline gb-headline-d571b26a gb-headline-text\">\u00bfCu\u00e1nto ahorran los paneles solares en Espa\u00f1a? 5 casos reales<\/h4>\n<\/div>\n<\/div>\n<\/div><\/div>\n\n<div class=\"gb-grid-column gb-grid-column-9b42971a gb-query-loop-item post-6318 post type-post status-publish format-standard has-post-thumbnail hentry category-blog-es category-guia\"><div class=\"gb-container gb-container-9b42971a\">\n<div class=\"gb-container gb-container-80c3833e\" style=\"background-image: url(https:\/\/marblancsolar.ludeni.dev\/wp-content\/uploads\/2025\/11\/solar-installation-11-solar-panels-urbanizacion-riviera-del-sol-mijas-close-scaled.jpg?wsr);\"><a class=\"gb-container-link\" href=\"https:\/\/marblancsolar.ludeni.dev\/es\/mijas-caso-exito-financiacion-sistema-solar\/\"><\/a>\n<div class=\"gb-container gb-container-16493c53\">\n<h4 class=\"gb-headline gb-headline-d571b26a gb-headline-text\">C\u00f3mo un propietario de Mijas carga su VE &#8220;gratis&#8221; con un acuerdo de financiaci\u00f3n solar<\/h4>\n<\/div>\n<\/div>\n<\/div><\/div>\n\n<div class=\"gb-grid-column gb-grid-column-9b42971a gb-query-loop-item post-5563 post type-post status-publish format-standard has-post-thumbnail hentry category-blog-es category-guia\"><div class=\"gb-container gb-container-9b42971a\">\n<div class=\"gb-container gb-container-80c3833e\" style=\"background-image: url(https:\/\/marblancsolar.ludeni.dev\/wp-content\/uploads\/2025\/09\/solar-panel-installation-residential-villa-torreblanca-fuengirola-south-east.jpg?wsr);\"><a class=\"gb-container-link\" href=\"https:\/\/marblancsolar.ludeni.dev\/es\/ahorra-entre-un-20-50-incentivos-fiscales-por-instalar-paneles-solares-en-andalucia-espana\/\"><\/a>\n<div class=\"gb-container gb-container-16493c53\">\n<h4 class=\"gb-headline gb-headline-d571b26a gb-headline-text\">Ahorra entre un 20-50% &#8211; Incentivos fiscales por instalar paneles solares en Andaluc\u00eda, Espa\u00f1a<\/h4>\n<\/div>\n<\/div>\n<\/div><\/div>\n\n<div class=\"gb-grid-column gb-grid-column-9b42971a gb-query-loop-item post-5579 post type-post status-publish format-standard has-post-thumbnail hentry category-blog-es category-guia\"><div class=\"gb-container gb-container-9b42971a\">\n<div class=\"gb-container gb-container-80c3833e\" style=\"background-image: url(https:\/\/marblancsolar.ludeni.dev\/wp-content\/uploads\/2025\/08\/solar-panel-installation-residential-finca-mijas-pueblo.jpg?wsr);\"><a class=\"gb-container-link\" href=\"https:\/\/marblancsolar.ludeni.dev\/es\/costes-detallados-de-la-instalacion-de-paneles-solares-en-espana\/\"><\/a>\n<div class=\"gb-container gb-container-16493c53\">\n<h4 class=\"gb-headline gb-headline-d571b26a gb-headline-text\">Costes detallados de la instalaci\u00f3n de paneles solares en Espa\u00f1a<\/h4>\n<\/div>\n<\/div>\n<\/div><\/div>\n\n<div class=\"gb-grid-column gb-grid-column-9b42971a gb-query-loop-item post-4310 post type-post status-publish format-standard has-post-thumbnail hentry category-blog-es category-guia\"><div class=\"gb-container gb-container-9b42971a\">\n<div class=\"gb-container gb-container-80c3833e\" style=\"background-image: url(https:\/\/marblancsolar.ludeni.dev\/wp-content\/uploads\/2025\/06\/what-best-brand-solar-inverter-spain.png?wsr);\"><a class=\"gb-container-link\" href=\"https:\/\/marblancsolar.ludeni.dev\/es\/marca-mas-fiable-inversores-solares-espana\/\"><\/a>\n<div class=\"gb-container gb-container-16493c53\">\n<h4 class=\"gb-headline gb-headline-d571b26a gb-headline-text\">\u00bfCu\u00e1l es la marca m\u00e1s fiable de inversores solares en Espa\u00f1a?<\/h4>\n<\/div>\n<\/div>\n<\/div><\/div>\n\n<div class=\"gb-grid-column gb-grid-column-9b42971a gb-query-loop-item post-4317 post type-post status-publish format-standard has-post-thumbnail hentry category-blog-es category-guia\"><div class=\"gb-container gb-container-9b42971a\">\n<div class=\"gb-container gb-container-80c3833e\" style=\"background-image: url(https:\/\/marblancsolar.ludeni.dev\/wp-content\/uploads\/2025\/05\/Sizing-a-solar-system-in-Costa-del-Sol.jpg?wsr);\"><a class=\"gb-container-link\" href=\"https:\/\/marblancsolar.ludeni.dev\/es\/guia-3-pasos-dimensionar-instalacion-fotovoltaica-en-costa-del-sol\/\"><\/a>\n<div class=\"gb-container gb-container-16493c53\">\n<h4 class=\"gb-headline gb-headline-d571b26a gb-headline-text\">Gu\u00eda en 3 pasos: Dimensionar una instalaci\u00f3n solar para ahorrar un 80% en la Costa del Sol<\/h4>\n<\/div>\n<\/div>\n<\/div><\/div>\n\n<div class=\"gb-grid-column gb-grid-column-9b42971a gb-query-loop-item post-4313 post type-post status-publish format-standard has-post-thumbnail hentry category-blog-es category-guia\"><div class=\"gb-container gb-container-9b42971a\">\n<div class=\"gb-container gb-container-80c3833e\" style=\"background-image: url(https:\/\/marblancsolar.ludeni.dev\/wp-content\/uploads\/2025\/05\/24-Solar-Panels-in-Mijas-Costa-1.jpg?wsr);\"><a class=\"gb-container-link\" href=\"https:\/\/marblancsolar.ludeni.dev\/es\/quieres-energia-solar-en-un-apagon-utiliza-un-backup-box\/\"><\/a>\n<div class=\"gb-container gb-container-16493c53\">\n<h4 class=\"gb-headline gb-headline-d571b26a gb-headline-text\">\u00bfQuieres energ\u00eda solar en un apag\u00f3n? Utiliza una caja de seguridad<\/h4>\n<\/div>\n<\/div>\n<\/div><\/div>\n\n<div class=\"gb-grid-column gb-grid-column-9b42971a gb-query-loop-item post-4330 post type-post status-publish format-standard has-post-thumbnail hentry category-blog-es category-guia\"><div class=\"gb-container gb-container-9b42971a\">\n<div class=\"gb-container gb-container-80c3833e\" style=\"background-image: url(https:\/\/marblancsolar.ludeni.dev\/wp-content\/uploads\/2024\/02\/solar-panel-installation-in-marbella.webp?wsr);\"><a class=\"gb-container-link\" href=\"https:\/\/marblancsolar.ludeni.dev\/es\/guia-5-pasos-instalar-paneles-solares-en-marbella\/\"><\/a>\n<div class=\"gb-container gb-container-16493c53\">\n<h4 class=\"gb-headline gb-headline-d571b26a gb-headline-text\">Gu\u00eda en 5 pasos: Todo lo que hay que saber sobre la instalaci\u00f3n de paneles solares en Marbella<\/h4>\n<\/div>\n<\/div>\n<\/div><\/div>\n<\/div>\n\n<\/div>\n<\/div>","protected":false},"excerpt":{"rendered":"<p>Aqu\u00ed puedes explorar las \u00faltimas gu\u00edas solares de Marblanc Solar, que te ayudar\u00e1n a conocer la energ\u00eda solar en Espa\u00f1a. <\/p>\n","protected":false},"author":4,"featured_media":0,"parent":0,"menu_order":0,"comment_status":"closed","ping_status":"closed","template":"","meta":{"_acf_changed":false,"footnotes":""},"class_list":{"0":"post-5376","1":"page","2":"type-page","3":"status-publish","5":"no-featured-image-padding"},"acf":[],"aioseo_notices":[],"_links":{"self":[{"href":"https:\/\/marblancsolar.ludeni.dev\/es\/wp-json\/wp\/v2\/pages\/5376","targetHints":{"allow":["GET"]}}],"collection":[{"href":"https:\/\/marblancsolar.ludeni.dev\/es\/wp-json\/wp\/v2\/pages"}],"about":[{"href":"https:\/\/marblancsolar.ludeni.dev\/es\/wp-json\/wp\/v2\/types\/page"}],"author":[{"embeddable":true,"href":"https:\/\/marblancsolar.ludeni.dev\/es\/wp-json\/wp\/v2\/users\/4"}],"replies":[{"embeddable":true,"href":"https:\/\/marblancsolar.ludeni.dev\/es\/wp-json\/wp\/v2\/comments?post=5376"}],"version-history":[{"count":5,"href":"https:\/\/marblancsolar.ludeni.dev\/es\/wp-json\/wp\/v2\/pages\/5376\/revisions"}],"predecessor-version":[{"id":6317,"href":"https:\/\/marblancsolar.ludeni.dev\/es\/wp-json\/wp\/v2\/pages\/5376\/revisions\/6317"}],"wp:attachment":[{"href":"https:\/\/marblancsolar.ludeni.dev\/es\/wp-json\/wp\/v2\/media?parent=5376"}],"curies":[{"name":"wp","href":"https:\/\/api.w.org\/{rel}","templated":true}]}}