{"id":5394,"date":"2025-04-08T10:34:02","date_gmt":"2025-04-08T10:34:02","guid":{"rendered":"https:\/\/marblancsolar.com\/calculadora-de-amortizacion-de-la-financiacion-solar\/"},"modified":"2025-10-21T20:22:55","modified_gmt":"2025-10-21T20:22:55","slug":"calculadora-de-amortizacion-de-la-financiacion-solar","status":"publish","type":"page","link":"https:\/\/marblancsolar.ludeni.dev\/es\/calculadora-de-amortizacion-de-la-financiacion-solar\/","title":{"rendered":"Calculadora de amortizaci\u00f3n de la financiaci\u00f3n solar"},"content":{"rendered":"<div class=\"gb-container gb-container-a545d068\">\n<div class=\"gb-container gb-container-4dcd2a90\">\n<div class=\"gb-container gb-container-2bc86431\">\n\n<h2 class=\"gb-headline gb-headline-bb6b5b59 gb-headline-text\">Consigue una reducci\u00f3n instant\u00e1nea de la factura sin coste inicial<\/h2>\n\n\n\n<p class=\"gb-headline gb-headline-aeaf4e7d gb-headline-text\">Imagina que, a partir del mes que viene, tu factura de la luz disminuyera considerablemente. Podr\u00edas disfrutar del ahorro de una instalaci\u00f3n solar, pero sin costes iniciales. <\/p>\n\n\n\n<p class=\"has-contrast-color has-text-color\">Esto es ahora posible gracias a las instalaciones solares financiadas de Marblanc Solar.<\/p>\n\n\n\n<p class=\"gb-headline gb-headline-b1c5c776 gb-headline-text\">Trabajamos con socios financieros para ofrecer un pr\u00e9stamo a 20 a\u00f1os adaptado espec\u00edficamente a la energ\u00eda solar. Si decides vender tu propiedad, el pr\u00e9stamo puede transferirse al nuevo propietario con facilidad. <\/p>\n\n\n\n<p class=\"gb-headline gb-headline-0b6601ac gb-headline-text\">La financiaci\u00f3n solar con Marblanc no implica complicadas evaluaciones de ingresos ni c\u00e1lculos de poder adquisitivo.  <\/p>\n\n\n\n<p class=\"gb-headline gb-headline-6a98d8e4 gb-headline-text\">Las principales ventajas de nuestro modelo de financiaci\u00f3n son<\/p>\n\n\n\n<ul class=\"wp-block-list has-contrast-color has-text-color has-link-color wp-elements-d1580b96411eb3c5922048676b24b928\">\n<li>No se requiere pago por adelantado<\/li>\n\n\n\n<li>Cuotas mensuales fijas y asequibles durante 20 a\u00f1os<\/li>\n\n\n\n<li>La titularidad del pr\u00e9stamo puede transferirse al vender tu casa<\/li>\n\n\n\n<li>Sin restricciones basadas en los ingresos, c\u00e1lculos de asequibilidad o l\u00edmites de cr\u00e9dito<\/li>\n\n\n\n<li>No afecta a tu capacidad para conseguir otros tipos de pr\u00e9stamos<\/li>\n<\/ul>\n\n<\/div>\n<\/div>\n<\/div><div class=\"gb-container gb-container-8090531d\">\n<div class=\"gb-container gb-container-d2f2b547\">\n<div class=\"gb-container gb-container-82754a08\">\n\n<h2 class=\"gb-headline gb-headline-86c646a4 gb-headline-text\">Empieza aqu\u00ed \u2193<\/h2>\n\n\n<div class=\"gb-container gb-container-0dc7975c\">\n\n<div class=\"calculator\" data-calc-id=\"t7DsoQD39CvXwFjhi\" data-type=\"framed\"><\/div>\n<script src=\"https:\/\/scripts.convertcalculator.com\/embed.js\" async=\"true\"><\/script>\n\n<\/div>\n\n<div class=\"gb-container gb-container-70b7b9c0\">\n\n<div class=\"calculator\" data-calc-id=\"6AcGkQQjyajDpnanE\" data-type=\"framed\"><\/div>\n<script src=\"https:\/\/scripts.convertcalculator.com\/embed.js\" async=\"true\"><\/script><script src=\"https:\/\/scripts.convertcalculator.com\/embed.js\" async=\"true\"><\/script>\n\n<\/div>\n<\/div>\n<\/div>\n<\/div>\n<p><\/p>\n","protected":false},"excerpt":{"rendered":"","protected":false},"author":4,"featured_media":1864,"parent":0,"menu_order":0,"comment_status":"closed","ping_status":"closed","template":"","meta":{"_acf_changed":false,"footnotes":""},"class_list":{"0":"post-5394","1":"page","2":"type-page","3":"status-publish","4":"has-post-thumbnail","6":"no-featured-image-padding"},"acf":[],"aioseo_notices":[],"_links":{"self":[{"href":"https:\/\/marblancsolar.ludeni.dev\/es\/wp-json\/wp\/v2\/pages\/5394","targetHints":{"allow":["GET"]}}],"collection":[{"href":"https:\/\/marblancsolar.ludeni.dev\/es\/wp-json\/wp\/v2\/pages"}],"about":[{"href":"https:\/\/marblancsolar.ludeni.dev\/es\/wp-json\/wp\/v2\/types\/page"}],"author":[{"embeddable":true,"href":"https:\/\/marblancsolar.ludeni.dev\/es\/wp-json\/wp\/v2\/users\/4"}],"replies":[{"embeddable":true,"href":"https:\/\/marblancsolar.ludeni.dev\/es\/wp-json\/wp\/v2\/comments?post=5394"}],"version-history":[{"count":3,"href":"https:\/\/marblancsolar.ludeni.dev\/es\/wp-json\/wp\/v2\/pages\/5394\/revisions"}],"predecessor-version":[{"id":5475,"href":"https:\/\/marblancsolar.ludeni.dev\/es\/wp-json\/wp\/v2\/pages\/5394\/revisions\/5475"}],"wp:featuredmedia":[{"embeddable":true,"href":"https:\/\/marblancsolar.ludeni.dev\/es\/wp-json\/wp\/v2\/media\/1864"}],"wp:attachment":[{"href":"https:\/\/marblancsolar.ludeni.dev\/es\/wp-json\/wp\/v2\/media?parent=5394"}],"curies":[{"name":"wp","href":"https:\/\/api.w.org\/{rel}","templated":true}]}}