{"id":5482,"date":"2025-08-11T13:21:39","date_gmt":"2025-08-11T13:21:39","guid":{"rendered":"https:\/\/marblancsolar.com\/cobertura-mediatica\/"},"modified":"2025-12-17T13:32:26","modified_gmt":"2025-12-17T13:32:26","slug":"cobertura-mediatica","status":"publish","type":"page","link":"https:\/\/marblancsolar.ludeni.dev\/es\/cobertura-mediatica\/","title":{"rendered":"Cobertura medi\u00e1tica"},"content":{"rendered":"<div class=\"gb-container gb-container-dc9395b4\">\n<div class=\"gb-container gb-container-25b16727\">\n<div class=\"gb-container gb-container-23ed7c7e\">\n<div class=\"gb-container gb-container-371305cf\">\n<div class=\"gb-container gb-container-af6d521f\">\n<div class=\"gb-container gb-container-48278461\">\n\n<h2 class=\"gb-headline gb-headline-db5ed219 gb-headline-text\">Marblanc Solar en los medios de comunicaci\u00f3n<\/h2>\n\n<\/div>\n<\/div>\n\n<div class=\"gb-container gb-container-ea7effb2\">\n\n<p class=\"gb-headline gb-headline-2081e6e7 gb-headline-text\">Desde art\u00edculos de prensa y entrevistas hasta comentarios de expertos, las publicaciones locales nos han presentado regularmente como una voz de confianza en energ\u00eda solar.<\/p>\n\n\n\n<p class=\"has-text-align-left\">Hasta la fecha, <a href=\"https:\/\/marblancsolar.ludeni.dev\/es\/\" title=\"Inicio\">Marblanc<\/a> Solar ha aparecido en algunos de los principales peri\u00f3dicos en ingl\u00e9s de Espa\u00f1a, como Olive Press, The Spanish Eye, Euro Weekly News, Sur en ingl\u00e9s, Bay Radio y muchos m\u00e1s. Tambi\u00e9n nos han entrevistado en podcasts de empresas locales, como el de Cloud Nine Spain. <\/p>\n\n\n\n<p class=\"has-text-align-left\">Estos art\u00edculos destacan nuestro trabajo, nuestro compromiso con un alto nivel profesional y nuestro papel a la hora de ayudar a los propietarios de viviendas y a las empresas a cambiar a la energ\u00eda limpia en Espa\u00f1a.<\/p>\n\n<\/div>\n<\/div>\n<\/div>\n<\/div>\n<\/div><section class=\"gb-container gb-container-e92ce807\"><\/section><div class=\"gb-container gb-container-0ef2e187\">\n<div class=\"gb-container gb-container-48a7c540\">\n\n<h3 class=\"gb-headline gb-headline-c14f72cd gb-headline-text\">Cobertura medi\u00e1tica seleccionada<\/h3>\n\n<\/div>\n<\/div><div class=\"gb-container gb-container-f1a91fa6\" id=\"see-projects\">\n<div class=\"gb-container gb-container-e882f824\">\n<div class=\"gb-grid-wrapper gb-grid-wrapper-55e3b2c5\">\n<div class=\"gb-grid-column gb-grid-column-ab85e09c\"><div class=\"gb-container gb-container-ab85e09c\">\n<div class=\"gb-container gb-container-375c0e91\" style=\"--background-image: url(https:\/\/marblancsolar.ludeni.dev\/wp-content\/uploads\/2025\/12\/euro-weekly-news-marblanc-solar-costa-christmas-collection.png?wsr);\"><a class=\"gb-container-link\" href=\"https:\/\/euroweeklynews.com\/2025\/11\/24\/costa-christmas-collection-urges-locals-to-donate-gifts-for-vulnerable-children\/\" rel=\"noopener noreferrer\" target=\"_blank\"><\/a>\n<div class=\"gb-container gb-container-22335cd8\">\n\n<h4 class=\"gb-headline gb-headline-f9a350af gb-headline-text\">Euro Noticias Semanales<\/h4>\n\n\n\n<p class=\"gb-headline gb-headline-8280c4a4 gb-headline-text\"><em>Reconocimiento a Marblanc Solar por su aportaci\u00f3n de 180 juguetes a la Colecta de Navidad de Costa organizada por Hadas Caradas<\/em>.<\/p>\n\n<\/div>\n<\/div>\n<\/div><\/div>\n\n<div class=\"gb-grid-column gb-grid-column-bbaf8058\"><div class=\"gb-container gb-container-bbaf8058\">\n<div class=\"gb-container gb-container-7ef43f59\" style=\"--background-image: url(https:\/\/marblancsolar.ludeni.dev\/wp-content\/uploads\/2025\/11\/image.png?wsr);\"><a class=\"gb-container-link\" href=\"https:\/\/euroweeklynews.com\/2025\/11\/04\/marblanc-solar-announces-e20000-competition-winner-and-surprises-costa-del-sol-with-new-real-estate-venture\/\" rel=\"noopener noreferrer\" target=\"_blank\"><\/a>\n<div class=\"gb-container gb-container-4b06698c\">\n\n<h4 class=\"gb-headline gb-headline-be790ba4 gb-headline-text\">Euro Noticias Semanales<\/h4>\n\n\n\n<p class=\"gb-headline gb-headline-2c837493 gb-headline-text\"><em>Marblanc Solar recibe cobertura nuestro ganador del sorteo de 20.000 euros y su nueva empresa inmobiliaria<\/em>.<\/p>\n\n<\/div>\n<\/div>\n<\/div><\/div>\n\n<div class=\"gb-grid-column gb-grid-column-2334d4fc\"><div class=\"gb-container gb-container-2334d4fc\">\n<div class=\"gb-container gb-container-cc22e39e\" style=\"--background-image: url(https:\/\/marblancsolar.ludeni.dev\/wp-content\/uploads\/2025\/11\/image-1.png?wsr);\"><a class=\"gb-container-link\" href=\"https:\/\/www.thespanisheye.com\/2025\/10\/09\/solar-energy-company-is-giving-away-e20000-worth-of-panels-for-a-home-on-the-costa-del-sol-heres-how-to-enter-competition\/\" rel=\"noopener noreferrer\" target=\"_blank\"><\/a>\n<div class=\"gb-container gb-container-8d371326\">\n\n<h4 class=\"gb-headline gb-headline-e6013b60 gb-headline-text\">El ojo espa\u00f1ol<\/h4>\n\n\n\n<p class=\"gb-headline gb-headline-1caffb23 gb-headline-text\"><em>Marblanc Solar aparece en nuestro sorteo de un sistema gratuito de 20.000 euros<\/em>.<\/p>\n\n<\/div>\n<\/div>\n<\/div><\/div>\n\n<div class=\"gb-grid-column gb-grid-column-6f8c0466\"><div class=\"gb-container gb-container-6f8c0466\">\n<div class=\"gb-container gb-container-f3929551\" style=\"--background-image: url(https:\/\/marblancsolar.ludeni.dev\/wp-content\/uploads\/2025\/08\/marblanc-solar-media-coverage-youtube-interview-cloudninespain.jpg?wsr);\"><a class=\"gb-container-link\" href=\"https:\/\/youtu.be\/wv81QJJ1DJ0?si=mQxIPHx9PXTy_eZL\" rel=\"noopener noreferrer\" target=\"_blank\"><\/a>\n<div class=\"gb-container gb-container-90de8c95\">\n\n<h4 class=\"gb-headline gb-headline-83347929 gb-headline-text\">Cloud Nine Espa\u00f1a<\/h4>\n\n\n\n<p class=\"gb-headline gb-headline-6b9eb807 gb-headline-text\"><em>Roman Mitchell, copropietario de Marblanc Solar, entrevistado por Darren Simons de Cloud Nine Spain.<\/em><\/p>\n\n<\/div>\n<\/div>\n<\/div><\/div>\n\n<div class=\"gb-grid-column gb-grid-column-a40cb9c0\"><div class=\"gb-container gb-container-a40cb9c0\">\n<div class=\"gb-container gb-container-8bc0cabd\" style=\"--background-image: url(https:\/\/marblancsolar.ludeni.dev\/wp-content\/uploads\/2025\/08\/marblanc-solar-media-coverage-in-the-olive-press-1.jpg?wsr);\"><a class=\"gb-container-link\" href=\"https:\/\/www.theolivepress.es\/spain-news\/2025\/05\/26\/marblanc-solar-the-marbella-installer-behind-a-3200-surge-in-solar-proposals\/\" rel=\"noopener noreferrer\" target=\"_blank\"><\/a>\n<div class=\"gb-container gb-container-5d64374e\">\n\n<h4 class=\"gb-headline gb-headline-d867fa8d gb-headline-text\">La prensa del olivo<\/h4>\n\n\n\n<p class=\"gb-headline gb-headline-db94ba9f gb-headline-text\"><em>Marblanc Solar entrevistado por The Olive Press sobre nuestro proceso de cotizaci\u00f3n solar.<\/em><\/p>\n\n<\/div>\n<\/div>\n<\/div><\/div>\n\n<div class=\"gb-grid-column gb-grid-column-4de96941\"><div class=\"gb-container gb-container-4de96941\">\n<div class=\"gb-container gb-container-47c7c9d9\" style=\"--background-image: url(https:\/\/marblancsolar.ludeni.dev\/wp-content\/uploads\/2025\/08\/marblanc-solar-media-coverage-in-sur-in-english-1.jpg?wsr);\"><a class=\"gb-container-link\" href=\"https:\/\/www.surinenglish.com\/lifestyle\/property\/cheapest-solar-panel-system-melts-costa-sol-20250714130702-nt.html\" rel=\"noopener noreferrer\" target=\"_blank\"><\/a>\n<div class=\"gb-container gb-container-062e0de8\">\n\n<h4 class=\"gb-headline gb-headline-14c11f8d gb-headline-text\">Sur en ingl\u00e9s<\/h4>\n\n\n\n<p class=\"gb-headline gb-headline-c5d2f557 gb-headline-text\"><em>Marblanc Solar entrevistado por Sur en ingl\u00e9s para dar a conocer las instalaciones solares de bajo coste.<\/em><\/p>\n\n<\/div>\n<\/div>\n<\/div><\/div>\n\n<div class=\"gb-grid-column gb-grid-column-3698fda6\"><div class=\"gb-container gb-container-3698fda6\">\n<div class=\"gb-container gb-container-197fef6b\" style=\"--background-image: url(https:\/\/marblancsolar.ludeni.dev\/wp-content\/uploads\/2025\/08\/marblanc-media-coverage-olive-press-newspaper.jpg?wsr);\"><a class=\"gb-container-link\" href=\"https:\/\/www.theolivepress.es\/spain-news\/2025\/04\/03\/the-4-best-solar-panel-installers-in-marbella\/\" rel=\"noopener noreferrer\" target=\"_blank\"><\/a>\n<div class=\"gb-container gb-container-3ab44e1c\">\n\n<h4 class=\"gb-headline gb-headline-25696372 gb-headline-text\">La prensa del olivo<\/h4>\n\n\n\n<p class=\"gb-headline gb-headline-f5122e1e gb-headline-text\"><em>Marblanc Solar nombrado por The Olive Press mejor instalador de habla inglesa en Marbella.<\/em><\/p>\n\n<\/div>\n<\/div>\n<\/div><\/div>\n\n<div class=\"gb-grid-column gb-grid-column-4319638c\"><div class=\"gb-container gb-container-4319638c\">\n<div class=\"gb-container gb-container-7e1467e3\" style=\"--background-image: url(https:\/\/marblancsolar.ludeni.dev\/wp-content\/uploads\/2025\/08\/marblanc-media-coverage-the-spanish-eye-online.jpg?wsr);\"><a class=\"gb-container-link\" href=\"https:\/\/www.thespanisheye.com\/2025\/04\/08\/renewable-energies-accounted-for-record-amount-of-electricity-in-spain-last-year-new-figures-show\/\" rel=\"noopener noreferrer\" target=\"_blank\"><\/a>\n<div class=\"gb-container gb-container-0ff5fec5\">\n\n<h4 class=\"gb-headline gb-headline-84be01ae gb-headline-text\">El ojo espa\u00f1ol<\/h4>\n\n\n\n<p class=\"gb-headline gb-headline-e29466d0 gb-headline-text\"><em>Marblanc Solar entrevistado por El Ojo Espa\u00f1ol para comentar la energ\u00eda solar residencial.<\/em><\/p>\n\n<\/div>\n<\/div>\n<\/div><\/div>\n\n<div class=\"gb-grid-column gb-grid-column-773d0476\"><div class=\"gb-container gb-container-773d0476\">\n<div class=\"gb-container gb-container-3f546b69\" style=\"--background-image: url(https:\/\/marblancsolar.ludeni.dev\/wp-content\/uploads\/2025\/08\/marblanc-solar-media-coverage-in-bay-radio.jpg?wsr);\"><a class=\"gb-container-link\" href=\"https:\/\/www.bayradio.fm\/2025\/01\/09\/electric-bills-to-rise-in-2025-are-you-paying-30-more-than-necessary\/\" rel=\"noopener noreferrer\" target=\"_blank\"><\/a>\n<div class=\"gb-container gb-container-c9d33595\">\n\n<h4 class=\"gb-headline gb-headline-e6d854d1 gb-headline-text\">Radio de la Bah\u00eda<\/h4>\n\n\n\n<p class=\"gb-headline gb-headline-1054afc0 gb-headline-text\"><em>Marblanc Solar entrevistado por Bay Radio para dar nuestra opini\u00f3n sobre la subida de la factura energ\u00e9tica a principios de 2025.<\/em><\/p>\n\n<\/div>\n<\/div>\n<\/div><\/div>\n<\/div>\n<\/div>\n<\/div>","protected":false},"excerpt":{"rendered":"<p>Aqu\u00ed puedes explorar las menciones de Marblanc Solar en los medios de comunicaci\u00f3n locales, mostrando nuestra presencia como instalador de paneles solares de confianza en la Costa del Sol.  <\/p>\n","protected":false},"author":2,"featured_media":10157,"parent":0,"menu_order":0,"comment_status":"closed","ping_status":"closed","template":"","meta":{"_acf_changed":false,"footnotes":""},"class_list":{"0":"post-5482","1":"page","2":"type-page","3":"status-publish","4":"has-post-thumbnail","6":"no-featured-image-padding"},"acf":[],"aioseo_notices":[],"_links":{"self":[{"href":"https:\/\/marblancsolar.ludeni.dev\/es\/wp-json\/wp\/v2\/pages\/5482","targetHints":{"allow":["GET"]}}],"collection":[{"href":"https:\/\/marblancsolar.ludeni.dev\/es\/wp-json\/wp\/v2\/pages"}],"about":[{"href":"https:\/\/marblancsolar.ludeni.dev\/es\/wp-json\/wp\/v2\/types\/page"}],"author":[{"embeddable":true,"href":"https:\/\/marblancsolar.ludeni.dev\/es\/wp-json\/wp\/v2\/users\/2"}],"replies":[{"embeddable":true,"href":"https:\/\/marblancsolar.ludeni.dev\/es\/wp-json\/wp\/v2\/comments?post=5482"}],"version-history":[{"count":3,"href":"https:\/\/marblancsolar.ludeni.dev\/es\/wp-json\/wp\/v2\/pages\/5482\/revisions"}],"predecessor-version":[{"id":6279,"href":"https:\/\/marblancsolar.ludeni.dev\/es\/wp-json\/wp\/v2\/pages\/5482\/revisions\/6279"}],"wp:featuredmedia":[{"embeddable":true,"href":"https:\/\/marblancsolar.ludeni.dev\/es\/wp-json\/wp\/v2\/media\/10157"}],"wp:attachment":[{"href":"https:\/\/marblancsolar.ludeni.dev\/es\/wp-json\/wp\/v2\/media?parent=5482"}],"curies":[{"name":"wp","href":"https:\/\/api.w.org\/{rel}","templated":true}]}}