{"id":5486,"date":"2025-07-23T19:48:10","date_gmt":"2025-07-23T19:48:10","guid":{"rendered":"https:\/\/marblancsolar.com\/programa-de-afiliacion\/"},"modified":"2025-10-21T20:34:25","modified_gmt":"2025-10-21T20:34:25","slug":"programa-de-afiliacion","status":"publish","type":"page","link":"https:\/\/marblancsolar.ludeni.dev\/es\/programa-de-afiliacion\/","title":{"rendered":"Programa de Afiliaci\u00f3n"},"content":{"rendered":"\n<div class=\"gb-element-943878f0\">\n<span class=\"gb-shape gb-shape-5439171e gb-shape--divider\"><svg xmlns=\"http:\/\/www.w3.org\/2000\/svg\" viewbox=\"0 0 1200 350\" preserveaspectratio=\"none\">\n  <defs>\n    \n    \n    <lineargradient id=\"myShapeGradient\" x1=\"100%\" y1=\"0%\" x2=\"0%\" y2=\"0%\">\n      \n      <stop offset=\"0%\" stop-color=\"#052c64\"><\/stop>\n      <stop offset=\"100%\" stop-color=\"#5785e8\"><\/stop>\n    <\/lineargradient>\n  <\/defs>\n\n  \n  <path fill=\"url(#myShapeGradient)\" d=\"M1200 350V0C22.4 60.3 0 336.7 0 336.7V350h1200z\"><\/path>\n<\/svg><\/span>\n\n\n\n<div class=\"gb-element-caac5bb5\">\n<div class=\"gb-element-1c1ac1b0\">\n<div class=\"gb-text gb-text-da02e413\">PARA AGENTES Y ADMINISTRADORES DE FINCAS CON CLIENTES INTERESADOS EN LA ENERG\u00cdA SOLAR<\/div>\n\n\n\n<h1 class=\"gb-text gb-text-9063ee88\">Presenta a tus clientes al instalador solar n\u00ba 1 de la Costa del Sol y obt\u00e9n una recompensa<\/h1>\n<\/div>\n\n\n\n<div class=\"gb-element-4c3d1abb\">\n<a class=\"gb-button gb-button-5cc3304f gb-button-text\" href=\"#affiliate\">\u00danete al programa de afiliados<\/a>\n\n\n\n<p class=\"gb-text gb-text-f27da170\"><em>*Ponte<em>en contacto para saber cu\u00e1nto podr\u00edas ganar como afiliado<\/em>.<\/em><\/p>\n<\/div>\n<\/div>\n\n\n<div class=\"gb-container gb-container-ef558e9c\">\n<div class=\"gb-container gb-container-0b610781\">\n\n<figure class=\"wp-block-embed is-type-video is-provider-vimeo wp-block-embed-vimeo wp-embed-aspect-9-16 wp-has-aspect-ratio\"><div class=\"wp-block-embed__wrapper\">\n<iframe loading=\"lazy\" title=\"Marblanc Solar: New Affiliate Program for Real Estate Agents\" src=\"https:\/\/player.vimeo.com\/video\/1103903486?dnt=1&amp;app_id=122963\" width=\"563\" height=\"1000\" frameborder=\"0\" allow=\"autoplay; fullscreen; picture-in-picture; clipboard-write; encrypted-media; web-share\" referrerpolicy=\"strict-origin-when-cross-origin\"><\/iframe>\n<\/div><\/figure>\n\n<\/div>\n<\/div><\/div>\n<section class=\"gb-container gb-container-8f3f1171\">\n<div class=\"gb-container gb-container-b6ed79fc\">\n<div class=\"gb-container gb-container-e3eb232c\">\n\n<h2 class=\"gb-headline gb-headline-347e7a7c gb-headline-text\">Una nueva forma de <mark style=\"background-color:rgba(0, 0, 0, 0)\" class=\"has-inline-color has-accent-color\">a\u00f1adir valor a tus clientes y a<\/mark>tu cuenta de resultados<\/h2>\n\n<\/div>\n\n<div class=\"gb-container gb-container-3f5071a0\">\n\n<p><strong>\u00bfTe interesa poner en contacto a tus clientes con el instalador solar n\u00ba 1 de la Costa del Sol&#8230; y ser recompensado por ello?<\/strong><\/p>\n\n\n\n<p><a href=\"https:\/\/marblancsolar.ludeni.dev\/es\/\" title=\"Inicio\">Marblanc<\/a> Solar se enorgullece de anunciar el lanzamiento de nuestro Programa de Afiliaci\u00f3n, que ofrece una nueva forma de que los profesionales inmobiliarios ofrezcan servicios adicionales a sus clientes.<\/p>\n\n\n\n<p>Tanto si administras propiedades como si ayudas a la gente a comprar la casa de sus sue\u00f1os en la Costa del Sol, muchos de tus clientes ya est\u00e1n pensando en la energ\u00eda solar. Ahora puedes ponerles en contacto con el instalador solar de habla inglesa mejor valorado de la regi\u00f3n, y ganar con cada instalaci\u00f3n realizada con \u00e9xito. <\/p>\n\n\n\n<p>Es muy sencillo:<\/p>\n\n\n\n<ul class=\"wp-block-list\">\n<li>Presenta al cliente.<\/li>\n\n\n\n<li>Nosotros nos encargamos del resto: desde el estudio hasta la instalaci\u00f3n y el mantenimiento posterior.<\/li>\n\n\n\n<li>Y te pagan.<\/li>\n<\/ul>\n\n\n\n<p class=\"gb-headline gb-headline-1b84e4a7 gb-headline-text\">No se requieren conocimientos t\u00e9cnicos. S\u00f3lo tienes que <a href=\"#affiliate\" title=\"\">rellenar el formulario<\/a> y recibir\u00e1s una llamada de <a href=\"https:\/\/marblancsolar.ludeni.dev\/es\/nuestro-equipo\/roman-mitchell\/\" title=\"Roman Mitchell\">Roman Mitchell<\/a>, copropietario de Marblanc Solar, que te explicar\u00e1 exactamente qu\u00e9 se ofrece y cu\u00e1nto podr\u00edas ganar por cada recomendaci\u00f3n. <\/p>\n\n<\/div>\n<\/div>\n<\/section><div class=\"gb-container gb-container-a00a6d44\">\n<div class=\"gb-grid-wrapper gb-grid-wrapper-cec4bd47\">\n<div class=\"gb-grid-column gb-grid-column-589fb47f\"><div class=\"gb-container gb-container-589fb47f\"><\/div><\/div>\n\n<div class=\"gb-grid-column gb-grid-column-b64d7cd5\"><div class=\"gb-container gb-container-b64d7cd5\">\n\n<p class=\"gb-headline gb-headline-16128234 gb-headline-text\">\u00b7<\/p>\n\n<\/div><\/div>\n\n<div class=\"gb-grid-column gb-grid-column-5b72b4db\"><div class=\"gb-container gb-container-5b72b4db\"><\/div><\/div>\n<\/div>\n<\/div><section class=\"gb-container gb-container-f80e05ea\">\n<div class=\"gb-container gb-container-ee75c940\">\n<div class=\"gb-container gb-container-94f28f0c\">\n\n<h2 class=\"gb-headline gb-headline-726de13c gb-headline-text\">\u00bfPor qu\u00e9 asociarse con <mark style=\"background-color:rgba(0, 0, 0, 0)\" class=\"has-inline-color has-accent-color\">Marblanc Solar<\/mark>?<\/h2>\n\n<\/div>\n\n<div class=\"gb-container gb-container-6928e94c\">\n\n<p>Marblanc Solar es una empresa solar en la Costa del Sol como ninguna otra:<\/p>\n\n\n\n<ul class=\"wp-block-list\">\n<li><strong>Equipo propio:<\/strong> Contamos con nuestro propio equipo interno de instaladores e ingenieros top\u00f3grafos plenamente cualificados.<\/li>\n\n\n\n<li><strong>Satisfacci\u00f3n garantizada:<\/strong> Ofrecemos garant\u00edas de mano de obra de 25 a\u00f1os, algo que la mayor\u00eda de los dem\u00e1s no tocan<\/li>\n\n\n\n<li><strong>Asistencia posventa:<\/strong> Todos los clientes disponen de un canal directo de WhatsApp para recibir asistencia posventa 24 horas al d\u00eda, 7 d\u00edas a la semana.<\/li>\n\n\n\n<li><strong>Grandes ahorros:<\/strong> Optimizamos su tarifa de alimentaci\u00f3n e incluso les ayudamos a reducir el consumo de energ\u00eda con temporizadores de enchufe inteligentes<\/li>\n\n\n\n<li><strong>El instalador mejor valorado:<\/strong> Somos la empresa de energ\u00eda solar de habla inglesa mejor valorada de la regi\u00f3n, con una puntuaci\u00f3n de 4,9\/5,0 en Google y m\u00e1s de 70 opiniones de cinco estrellas.<\/li>\n<\/ul>\n\n\n<div class=\"gb-container gb-container-2d407053\">\n\n<p class=\"gb-headline gb-headline-d9dd1c5d gb-headline-text\">Our innovative <a href=\"https:\/\/marblancsolar.ludeni.dev\/es\/pedir-presupuesto\/#free-solar-survey\" title=\"Free Solar Survey\">free solar survey<\/a> includes drone scans, 3D models, savings analysis and more\u2014so your clients feel confident they\u2019re getting the best value.<\/p>\n\n<\/div>\n\n\n<p>En otras palabras, asociarse con Marblanc Solar beneficia a todos: tus clientes tienen acceso a instalaciones de la mejor calidad, y t\u00fa no oir\u00e1s m\u00e1s que agradecimientos por la conexi\u00f3n.<\/p>\n\n\n\n<p><strong>ATENCI\u00d3N: Hay algunos requisitos para unirse a nuestro Programa de Afiliaci\u00f3n, as\u00ed que rellena el formulario ahora para ver si cumples los requisitos.<\/strong><\/p>\n\n<\/div>\n<\/div>\n<\/section><div class=\"gb-container gb-container-a00a6d44\">\n<div class=\"gb-grid-wrapper gb-grid-wrapper-cec4bd47\">\n<div class=\"gb-grid-column gb-grid-column-589fb47f\"><div class=\"gb-container gb-container-589fb47f\"><\/div><\/div>\n\n<div class=\"gb-grid-column gb-grid-column-b64d7cd5\"><div class=\"gb-container gb-container-b64d7cd5\">\n\n<p class=\"gb-headline gb-headline-16128234 gb-headline-text\">\u00b7<\/p>\n\n<\/div><\/div>\n\n<div class=\"gb-grid-column gb-grid-column-5b72b4db\"><div class=\"gb-container gb-container-5b72b4db\"><\/div><\/div>\n<\/div>\n<\/div><section class=\"gb-container gb-container-e92ce807\">\n<div class=\"gb-container gb-container-371305cf\">\n<div class=\"gb-container gb-container-af6d521f\">\n\n<h2 class=\"gb-headline gb-headline-db5ed219 gb-headline-text\">Comprueba si re\u00fanes los requisitos para <mark style=\"background-color:rgba(0, 0, 0, 0)\" class=\"has-inline-color has-accent-color\">unirte al programa de afiliados<\/mark><\/h2>\n\n<\/div>\n\n<div class=\"gb-container gb-container-ea7effb2\">\n\n<p class=\"gb-headline gb-headline-429d01f6 gb-headline-text\">Rellena el formulario y recibir\u00e1s una llamada de Roman Mitchell, copropietario de Marblanc Solar, que te explicar\u00e1 exactamente qu\u00e9 se ofrece y cu\u00e1nto podr\u00edas ganar por cada recomendaci\u00f3n.<\/p>\n\n<\/div>\n<\/div>\n<\/section><div class=\"gb-container gb-container-c2f65c7c\" id=\"affiliate\">\n<div class=\"gb-container gb-container-80d2ee4b\" id=\"survey\">\n<div class=\"gb-container gb-container-8afc3053\">\n\n<h3 class=\"gb-headline gb-headline-09f2d697 gb-headline-text\">Programa de Afiliaci\u00f3n de Marblanc Solar<\/h3>\n\n<\/div>\n\n<div class=\"gb-container gb-container-a3c60e8d\">\n\n<div class=\"calculator\" data-calc-id=\"vXB2E63JyfefhMzCi\" data-type=\"framed\"><\/div>\n<script src=\"https:\/\/scripts.convertcalculator.com\/embed.js\" async=\"true\"><\/script>\n\n<\/div>\n<\/div>\n<\/div>","protected":false},"excerpt":{"rendered":"","protected":false},"author":4,"featured_media":0,"parent":0,"menu_order":0,"comment_status":"closed","ping_status":"closed","template":"","meta":{"_acf_changed":false,"footnotes":""},"class_list":{"0":"post-5486","1":"page","2":"type-page","3":"status-publish","5":"no-featured-image-padding"},"acf":[],"aioseo_notices":[],"_links":{"self":[{"href":"https:\/\/marblancsolar.ludeni.dev\/es\/wp-json\/wp\/v2\/pages\/5486","targetHints":{"allow":["GET"]}}],"collection":[{"href":"https:\/\/marblancsolar.ludeni.dev\/es\/wp-json\/wp\/v2\/pages"}],"about":[{"href":"https:\/\/marblancsolar.ludeni.dev\/es\/wp-json\/wp\/v2\/types\/page"}],"author":[{"embeddable":true,"href":"https:\/\/marblancsolar.ludeni.dev\/es\/wp-json\/wp\/v2\/users\/4"}],"replies":[{"embeddable":true,"href":"https:\/\/marblancsolar.ludeni.dev\/es\/wp-json\/wp\/v2\/comments?post=5486"}],"version-history":[{"count":3,"href":"https:\/\/marblancsolar.ludeni.dev\/es\/wp-json\/wp\/v2\/pages\/5486\/revisions"}],"predecessor-version":[{"id":5502,"href":"https:\/\/marblancsolar.ludeni.dev\/es\/wp-json\/wp\/v2\/pages\/5486\/revisions\/5502"}],"wp:attachment":[{"href":"https:\/\/marblancsolar.ludeni.dev\/es\/wp-json\/wp\/v2\/media?parent=5486"}],"curies":[{"name":"wp","href":"https:\/\/api.w.org\/{rel}","templated":true}]}}