{"id":5499,"date":"2025-07-14T19:02:46","date_gmt":"2025-07-14T19:02:46","guid":{"rendered":"https:\/\/marblancsolar.com\/10-preguntas-que-debes-hacer-a-tu-instalador-solar\/"},"modified":"2025-10-21T20:34:29","modified_gmt":"2025-10-21T20:34:29","slug":"10-preguntas-que-debes-hacer-a-tu-instalador-solar","status":"publish","type":"page","link":"https:\/\/marblancsolar.ludeni.dev\/es\/10-preguntas-que-debes-hacer-a-tu-instalador-solar\/","title":{"rendered":"10 preguntas que debes hacer a tu instalador solar"},"content":{"rendered":"<div class=\"gb-container gb-container-dc9395b4\">\n<div class=\"gb-container gb-container-25b16727\">\n<div class=\"gb-container gb-container-23ed7c7e\">\n<div class=\"gb-container gb-container-123dfc85\">\n\n<h1 class=\"gb-headline gb-headline-464eca5a gb-headline-text\"><strong>gu\u00eda gratuita<\/strong>: 10 preguntas que debes hacer a tu instalador solar  <\/h1>\n\n\n\n<p class=\"gb-headline gb-headline-d43ad4d4 gb-headline-text\">\u00bfEst\u00e1s pensando en instalarte en la Costa del Sol? Aseg\u00farate de hacer las preguntas correctas. Obt\u00e9n acceso instant\u00e1neo a nuestra gu\u00eda gratuita en esta p\u00e1gina y prot\u00e9gete de costosos errores.  <\/p>\n\n<\/div>\n<\/div>\n<div class=\"gb-shapes\"><div class=\"gb-shape gb-shape-1\"><svg preserveAspectRatio=\"none\" viewBox=\"0 0 1200 350\" xmlns=\"http:\/\/www.w3.org\/2000\/svg\">\n  <defs>\n    \n    \n    <linearGradient y2=\"0%\" x2=\"0%\" y1=\"0%\" x1=\"100%\" id=\"myShapeGradient\">\n      \n      <stop stop-color=\"#052c64\" offset=\"0%\"><\/stop>\n      <stop stop-color=\"#5785e8\" offset=\"100%\"><\/stop>\n    <\/linearGradient>\n  <\/defs>\n\n  \n  <path d=\"M1200 350V0C22.4 60.3 0 336.7 0 336.7V350h1200z\" fill=\"url(#myShapeGradient)\"><\/path>\n<\/svg><\/div><\/div><\/div>\n<\/div><div class=\"gb-container gb-container-91226893\">\n<div class=\"gb-container gb-container-c46c8efc\">\n\n<figure class=\"gb-block-image gb-block-image-9b4f8a97\"><img loading=\"lazy\" decoding=\"async\" width=\"595\" height=\"842\" class=\"gb-image gb-image-9b4f8a97\" src=\"https:\/\/marblancsolar.ludeni.dev\/wp-content\/uploads\/2025\/07\/10-questions-to-ask-your-solar-installer.jpg\" alt=\"\" title=\"10 preguntas que debes hacer a tu instalador solar\" srcset=\"https:\/\/marblancsolar.ludeni.dev\/wp-content\/uploads\/2025\/07\/10-questions-to-ask-your-solar-installer.jpg 595w, https:\/\/marblancsolar.ludeni.dev\/wp-content\/uploads\/2025\/07\/10-questions-to-ask-your-solar-installer-212x300.jpg 212w\" sizes=\"auto, (max-width: 595px) 100vw, 595px\" \/><\/figure>\n\n<\/div>\n<\/div><section class=\"gb-container gb-container-562aef2a\">\n<div class=\"gb-container gb-container-8128fcd8\">\n<div class=\"gb-container gb-container-aad7b4c8\">\n\n<h2 class=\"gb-headline gb-headline-d3d7bfe7 gb-headline-text\">Acerca de la gu\u00eda &#8220;10 preguntas<\/h2>\n\n<\/div>\n\n<div class=\"gb-container gb-container-876eb6e4\">\n\n<p class=\"gb-headline gb-headline-fdd1e650 gb-headline-text\">Con tantas empresas de energ\u00eda solar en la Costa del Sol que ofrecen distintos <a href=\"https:\/\/marblancsolar.ludeni.dev\/es\/servicios\/paneles-solares\/\" title=\"Paneles solares\">sistemas de paneles solares<\/a>, precios y promesas, es f\u00e1cil sentirse abrumado o tomar una decisi\u00f3n basada en consejos enga\u00f1osos.<\/p>\n\n\n\n<p>Hemos creado esta gu\u00eda gratuita para ayudarte a identificar a un <a href=\"https:\/\/marblancsolar.ludeni.dev\/es\/\" title=\"Inicio\">instalador de paneles solares en la Costa del Sol<\/a> en el que puedas confiar.  <\/p>\n\n\n\n<p>En esta gu\u00eda, aprender\u00e1s c\u00f3mo:<\/p>\n\n\n\n<p class=\"gb-headline gb-headline-e8143062\"><span class=\"gb-icon\"><svg xmlns=\"http:\/\/www.w3.org\/2000\/svg\" aria-hidden=\"true\" role=\"img\" height=\"1em\" width=\"1em\" viewbox=\"0 0 512 512\"><path fill=\"currentColor\" d=\"M173.898 439.404l-166.4-166.4c-9.997-9.997-9.997-26.206 0-36.204l36.203-36.204c9.997-9.998 26.207-9.998 36.204 0L192 312.69 432.095 72.596c9.997-9.997 26.207-9.997 36.204 0l36.203 36.204c9.997 9.997 9.997 26.206 0 36.204l-294.4 294.401c-9.998 9.997-26.207 9.997-36.204-.001z\"><\/path><\/svg><\/span><span class=\"gb-headline-text\">Detectar si un instalador utiliza subcontratistas (y <strong>por qu\u00e9 es una se\u00f1al de alarma<\/strong>)<\/span><\/p>\n\n\n\n<p class=\"gb-headline gb-headline-15dd6191\"><span class=\"gb-icon\"><svg xmlns=\"http:\/\/www.w3.org\/2000\/svg\" aria-hidden=\"true\" role=\"img\" height=\"1em\" width=\"1em\" viewbox=\"0 0 512 512\"><path fill=\"currentColor\" d=\"M173.898 439.404l-166.4-166.4c-9.997-9.997-9.997-26.206 0-36.204l36.203-36.204c9.997-9.998 26.207-9.998 36.204 0L192 312.69 432.095 72.596c9.997-9.997 26.207-9.997 36.204 0l36.203 36.204c9.997 9.997 9.997 26.206 0 36.204l-294.4 294.401c-9.998 9.997-26.207 9.997-36.204-.001z\"><\/path><\/svg><\/span><span class=\"gb-headline-text\"><strong>Comprende las cualificaciones<\/strong> que debe tener un equipo solar<\/span><\/p>\n\n\n\n<p class=\"gb-headline gb-headline-fc152d89\"><span class=\"gb-icon\"><svg xmlns=\"http:\/\/www.w3.org\/2000\/svg\" aria-hidden=\"true\" role=\"img\" height=\"1em\" width=\"1em\" viewbox=\"0 0 512 512\"><path fill=\"currentColor\" d=\"M173.898 439.404l-166.4-166.4c-9.997-9.997-9.997-26.206 0-36.204l36.203-36.204c9.997-9.998 26.207-9.998 36.204 0L192 312.69 432.095 72.596c9.997-9.997 26.207-9.997 36.204 0l36.203 36.204c9.997 9.997 9.997 26.206 0 36.204l-294.4 294.401c-9.998 9.997-26.207 9.997-36.204-.001z\"><\/path><\/svg><\/span><span class=\"gb-headline-text\"><strong>Se\u00f1ales reveladoras<\/strong> de que el sistema que te est\u00e1n cotizando no cumplir\u00e1 sus promesas<\/span><\/p>\n\n\n\n<p class=\"gb-headline gb-headline-79c903ab\"><span class=\"gb-icon\"><svg xmlns=\"http:\/\/www.w3.org\/2000\/svg\" aria-hidden=\"true\" role=\"img\" height=\"1em\" width=\"1em\" viewbox=\"0 0 512 512\"><path fill=\"currentColor\" d=\"M173.898 439.404l-166.4-166.4c-9.997-9.997-9.997-26.206 0-36.204l36.203-36.204c9.997-9.998 26.207-9.998 36.204 0L192 312.69 432.095 72.596c9.997-9.997 26.207-9.997 36.204 0l36.203 36.204c9.997 9.997 9.997 26.206 0 36.204l-294.4 294.401c-9.998 9.997-26.207 9.997-36.204-.001z\"><\/path><\/svg><\/span><span class=\"gb-headline-text\">C\u00f3mo saber si tu sistema ser\u00e1 legal y por qu\u00e9 es <strong>crucial para maximizar tus ahorros<\/strong><\/span><\/p>\n\n\n\n<p class=\"gb-headline gb-headline-e73dfcda gb-headline-text\">Es r\u00e1pida de leer, sencilla de entender y podr\u00eda ahorrarte miles de euros a largo plazo. <strong>Haz clic abajo para obtener acceso instant\u00e1neo <\/strong>a la gu\u00eda.<\/p>\n\n<\/div>\n<\/div>\n<\/section><div class=\"gb-container gb-container-a545d068\">\n<div class=\"gb-container gb-container-458af321\">\n<div class=\"gb-container gb-container-ec9bc90c\">\n<div class=\"gb-grid-wrapper gb-grid-wrapper-f1d610e8\">\n<div class=\"gb-grid-column gb-grid-column-01cc02b0\"><div class=\"gb-container gb-container-01cc02b0\">\n\n<h3 class=\"gb-headline gb-headline-8a1562b9 gb-headline-text\">Consigue la gu\u00eda ahora<\/h3>\n\n<\/div><\/div>\n\n<div class=\"gb-grid-column gb-grid-column-1c6411f1\"><div class=\"gb-container gb-container-1c6411f1\">\n\n<p class=\"gb-headline gb-headline-760e172d gb-headline-text\">Haz clic a continuaci\u00f3n para obtener un ejemplar gratuito de la Gu\u00eda &#8220;10 preguntas que debes hacer a tu instalador de energ\u00eda solar&#8221;. El enlace se abrir\u00e1 en una nueva ventana. <\/p>\n\n\n\n<a class=\"gb-button gb-button-01a578fa gb-button-text\" href=\"https:\/\/marblancsolar.ludeni.dev\/es\/10-preguntas-que-debes-hacer-a-tu-instalador-solar\/version-1\/\" target=\"_blank\" rel=\"nofollow noopener noreferrer\">Consigue la gu\u00eda<\/a>\n\n<\/div><\/div>\n<\/div>\n<\/div>\n<\/div>\n<\/div><div class=\"gb-container gb-container-a00a6d44\">\n<div class=\"gb-grid-wrapper gb-grid-wrapper-cec4bd47\">\n<div class=\"gb-grid-column gb-grid-column-589fb47f\"><div class=\"gb-container gb-container-589fb47f\"><\/div><\/div>\n\n<div class=\"gb-grid-column gb-grid-column-b64d7cd5\"><div class=\"gb-container gb-container-b64d7cd5\">\n\n<p class=\"gb-headline gb-headline-16128234 gb-headline-text\">\u00b7<\/p>\n\n<\/div><\/div>\n\n<div class=\"gb-grid-column gb-grid-column-5b72b4db\"><div class=\"gb-container gb-container-5b72b4db\"><\/div><\/div>\n<\/div>\n<\/div><section class=\"gb-container gb-container-d8924d82\">\n\n<h2 class=\"gb-headline gb-headline-e831ee2a gb-headline-text\">Preguntas frecuentes<\/h2>\n\n\n<div class=\"gb-container gb-container-3a164766\">\n\n<h4 class=\"gb-headline gb-headline-9c09586e gb-headline-text\">\u00bfEs realmente gratuita esta gu\u00eda?<\/h4>\n\n\n\n<p class=\"has-text-align-left\">S\u00ed, completamente. Sin costes ni obligaciones. Hemos creado esta gu\u00eda para ayudar a los propietarios a tomar decisiones informadas sobre la energ\u00eda solar y evitar errores comunes que hemos visto con demasiada frecuencia.  <\/p>\n\n<\/div>\n\n<div class=\"gb-container gb-container-9e77d76b\">\n\n<h4 class=\"gb-headline gb-headline-052359cd gb-headline-text\">\u00bfA qui\u00e9n va dirigida esta gu\u00eda?<\/h4>\n\n\n\n<p class=\"has-text-align-left\">Esta gu\u00eda es para cualquier propietario que est\u00e9 pensando en instalar energ\u00eda solar en la Costa del Sol, tanto si est\u00e1s investigando, comparando presupuestos o listo para elegir un instalador.<\/p>\n\n<\/div>\n\n<div class=\"gb-container gb-container-12c638a9\">\n\n<h4 class=\"gb-headline gb-headline-2756ed92 gb-headline-text\">\u00bfTengo que dar mi informaci\u00f3n de contacto?<\/h4>\n\n\n\n<p class=\"has-text-align-left\">Tienes que facilitar una direcci\u00f3n de correo electr\u00f3nico. Recibir\u00e1s un ejemplar de la gu\u00eda en tu correo electr\u00f3nico para que lo conserves. <\/p>\n\n<\/div>\n\n<div class=\"gb-container gb-container-c71c0820\">\n\n<h4 class=\"gb-headline gb-headline-8d78deab gb-headline-text\">\u00bfQu\u00e9 ocurre despu\u00e9s de rellenar el formulario?<\/h4>\n\n\n\n<p class=\"has-text-align-left\">Recibir\u00e1s un enlace instant\u00e1neo para ver o descargar el PDF. Tambi\u00e9n recibir\u00e1s una copia del PDF instant\u00e1neamente por correo electr\u00f3nico. En el correo electr\u00f3nico tendr\u00e1s la opci\u00f3n de reservar una <a href=\"https:\/\/marblancsolar.ludeni.dev\/es\/pedir-presupuesto\/#free-solar-survey\" title=\"Estudio solar gratuito\">encuesta solar gratuita<\/a> con nuestro equipo, pero eso depende totalmente de ti. <\/p>\n\n<\/div>\n<\/section><div class=\"gb-container gb-container-d39ff845\">\n<div class=\"gb-container gb-container-92652506\">\n<div class=\"gb-container gb-container-c8f256df\">\n<div class=\"gb-grid-wrapper gb-grid-wrapper-1c6c8ea4\">\n<div class=\"gb-grid-column gb-grid-column-389c3fb6\"><div class=\"gb-container gb-container-389c3fb6\">\n\n<h3 class=\"gb-headline gb-headline-aa60672f gb-headline-text\">Consigue la gu\u00eda ahora<\/h3>\n\n<\/div><\/div>\n\n<div class=\"gb-grid-column gb-grid-column-4fe66eaa\"><div class=\"gb-container gb-container-4fe66eaa\">\n\n<p class=\"gb-headline gb-headline-b56919d4 gb-headline-text\">Haz clic a continuaci\u00f3n para obtener un ejemplar gratuito de la Gu\u00eda &#8220;10 preguntas que debes hacer a tu instalador de energ\u00eda solar&#8221;. El enlace se abrir\u00e1 en una nueva ventana. <\/p>\n\n\n\n<a class=\"gb-button gb-button-fea64859 gb-button-text\" href=\"https:\/\/marblancsolar.ludeni.dev\/es\/10-preguntas-que-debes-hacer-a-tu-instalador-solar\/version-1\/\" target=\"_blank\" rel=\"nofollow noopener noreferrer\">Consigue la gu\u00eda<\/a>\n\n<\/div><\/div>\n<\/div>\n<\/div>\n<\/div>\n<\/div>","protected":false},"excerpt":{"rendered":"<p>\u00bfEst\u00e1s pensando en la energ\u00eda solar? Aseg\u00farate de hacer las preguntas correctas. Haz clic a continuaci\u00f3n para obtener acceso instant\u00e1neo a nuestra gu\u00eda gratuita y protegerte de costosos errores y malas instalaciones.  <\/p>\n","protected":false},"author":4,"featured_media":10241,"parent":0,"menu_order":0,"comment_status":"closed","ping_status":"closed","template":"","meta":{"_acf_changed":false,"footnotes":""},"class_list":{"0":"post-5499","1":"page","2":"type-page","3":"status-publish","4":"has-post-thumbnail","6":"no-featured-image-padding"},"acf":[],"aioseo_notices":[],"_links":{"self":[{"href":"https:\/\/marblancsolar.ludeni.dev\/es\/wp-json\/wp\/v2\/pages\/5499","targetHints":{"allow":["GET"]}}],"collection":[{"href":"https:\/\/marblancsolar.ludeni.dev\/es\/wp-json\/wp\/v2\/pages"}],"about":[{"href":"https:\/\/marblancsolar.ludeni.dev\/es\/wp-json\/wp\/v2\/types\/page"}],"author":[{"embeddable":true,"href":"https:\/\/marblancsolar.ludeni.dev\/es\/wp-json\/wp\/v2\/users\/4"}],"replies":[{"embeddable":true,"href":"https:\/\/marblancsolar.ludeni.dev\/es\/wp-json\/wp\/v2\/comments?post=5499"}],"version-history":[{"count":3,"href":"https:\/\/marblancsolar.ludeni.dev\/es\/wp-json\/wp\/v2\/pages\/5499\/revisions"}],"predecessor-version":[{"id":5504,"href":"https:\/\/marblancsolar.ludeni.dev\/es\/wp-json\/wp\/v2\/pages\/5499\/revisions\/5504"}],"wp:featuredmedia":[{"embeddable":true,"href":"https:\/\/marblancsolar.ludeni.dev\/es\/wp-json\/wp\/v2\/media\/10241"}],"wp:attachment":[{"href":"https:\/\/marblancsolar.ludeni.dev\/es\/wp-json\/wp\/v2\/media?parent=5499"}],"curies":[{"name":"wp","href":"https:\/\/api.w.org\/{rel}","templated":true}]}}