{"id":6019,"date":"2025-11-21T10:10:07","date_gmt":"2025-11-21T10:10:07","guid":{"rendered":"https:\/\/marblancsolar.com\/instalaciones\/alora\/"},"modified":"2026-03-03T15:43:32","modified_gmt":"2026-03-03T15:43:32","slug":"alora","status":"publish","type":"page","link":"https:\/\/marblancsolar.ludeni.dev\/es\/instalaciones-fotovoltaicas\/alora\/","title":{"rendered":"\u00c1lora"},"content":{"rendered":"<div class=\"gb-container gb-container-dc9395b4\">\n\n<video loop=\"\" muted=\"\" autoplay=\"\" playsinline=\"\" poster=\"https:\/\/marblancsolar.ludeni.dev\/wp-content\/uploads\/2025\/05\/Benahavis-Solar-Install-1.webp\" class=\"background-video\">\n<source src=\"https:\/\/player.vimeo.com\/progressive_redirect\/playback\/1087825926\/rendition\/1080p\/file.mp4?loc=external&#038;signature=5c0bc495ccaeaf7e97f48552b674b57ac27ce5eb50b9199463eb5fb9ee590101\" type=\"video\/mp4\">\n<\/source><\/video>\n<div class=\"background-video-content\">\nEl contenido de tu Elemento aqu\u00ed.\n<\/div>\n\n\n<div class=\"gb-container gb-container-25b16727\">\n<div class=\"gb-container gb-container-23ed7c7e\">\n<div class=\"gb-container gb-container-123dfc85\">\n\n<h1 class=\"gb-headline gb-headline-2879f6ea gb-headline-text\">Instalaci\u00f3n de placas solares en \u00c1lora<\/h1>\n\n\n\n<script defer=\"defer\" async=\"\" src=\"https:\/\/cdn.trustindex.io\/loader.js?8c094e8393c46725f1960b95771\"><\/script>\n\n<\/div>\n\n<div class=\"gb-container gb-container-40f1a379\">\n\n<h1 class=\"gb-headline gb-headline-db6659ca gb-headline-text\">Instalaci\u00f3n de placas solares en \u00c1lora<\/h1>\n\n\n\n<script defer=\"defer\" async=\"\" src=\"https:\/\/cdn.trustindex.io\/loader.js?a933d2c42ab5535d8186242fbb3\"><\/script>\n\n<\/div>\n<\/div>\n<div class=\"gb-shapes\"><div class=\"gb-shape gb-shape-1\"><svg preserveAspectRatio=\"none\" viewBox=\"0 0 1200 350\" xmlns=\"http:\/\/www.w3.org\/2000\/svg\">\n  <defs>\n    \n    \n    <linearGradient y2=\"0%\" x2=\"0%\" y1=\"0%\" x1=\"100%\" id=\"myShapeGradient\">\n      \n      <stop stop-color=\"#052c64\" offset=\"0%\"><\/stop>\n      <stop stop-color=\"#5785e8\" offset=\"100%\"><\/stop>\n    <\/linearGradient>\n  <\/defs>\n\n  \n  <path d=\"M1200 350V0C22.4 60.3 0 336.7 0 336.7V350h1200z\" fill=\"url(#myShapeGradient)\"><\/path>\n<\/svg><\/div><\/div><\/div>\n<\/div><div class=\"gb-container gb-container-c2f65c7c\">\n<div class=\"gb-container gb-container-c2f65c7c\">\n<div class=\"gb-container gb-container-80d2ee4b\">\n<div class=\"gb-grid-wrapper gb-grid-wrapper-baab2a8f\">\n<div class=\"gb-grid-column gb-grid-column-8afc3053\"><div class=\"gb-container gb-container-8afc3053\">\n\n<h3 class=\"gb-headline gb-headline-09f2d697 gb-headline-text\">Pedir presupuesto<\/h3>\n\n<\/div><\/div>\n\n<div class=\"gb-grid-column gb-grid-column-a3c60e8d\"><div class=\"gb-container gb-container-a3c60e8d\">\n\n<p class=\"gb-headline gb-headline-48782da1 gb-headline-text\">Los presupuestos incluyen una visita a domicilio sin compromiso, una inspecci\u00f3n con dron, un modelo de rendimiento en 3D, dos propuestas personalizadas y una estimaci\u00f3n del umbral de rentabilidad para cada una.<\/p>\n\n<\/div><\/div>\n\n<div class=\"gb-grid-column gb-grid-column-7ac5293f\"><div class=\"gb-container gb-container-7ac5293f\">\n\n<a class=\"gb-button gb-button-5cc3304f gb-button-text button-cta\" href=\"https:\/\/marblancsolar.ludeni.dev\/es\/pedir-presupuesto\/\">Pedir presupuesto<\/a>\n\n\n\n<p class=\"gb-headline gb-headline-6e999531 gb-headline-text\"><em>*El presupuesto incluye inspecci\u00f3n gratuita con dron, modelo 3D y <strong>estimaci\u00f3n del umbral de rentabilidad.<\/strong><\/em><\/p>\n\n<\/div><\/div>\n<\/div>\n<\/div>\n<\/div>\n<\/div><section class=\"gb-container gb-container-562aef2a\">\n<div class=\"gb-container gb-container-8128fcd8\">\n<div class=\"gb-container gb-container-aad7b4c8\">\n\n<h2 class=\"gb-headline gb-headline-d3d7bfe7 gb-headline-text\">\u00bfPor qu\u00e9 elegir <mark style=\"background-color:rgba(0, 0, 0, 0)\" class=\"has-inline-color has-accent-color\">Marblanc Solar<\/mark> para tu Sistema de Energ\u00eda Solar en \u00e1lora?<\/h2>\n\n<\/div>\n\n<div class=\"gb-container gb-container-876eb6e4\">\n\n<p>\u00bfBuscas un instalador de paneles solares cerca de ti?<\/p>\n\n\n\n<p class=\"gb-headline gb-headline-fdd1e650 gb-headline-text\"><a href=\"http:\/\/home\" title=\"\">Marblanc Solar<\/a> es una empresa instaladora de energ\u00eda solar con sede cerca de<a href=\"https:\/\/maps.app.goo.gl\/avpdeWNAaBrT9dZ99\" title=\"\"> \u00c1lora<\/a>, en la Costa del Sol. Hemos realizado muchas instalaciones solares en poblaciones cercanas como Alhaur\u00edn de la Torre, Alhaur\u00edn el Grande, <a href=\"https:\/\/marblancsolar.ludeni.dev\/solar-installations\/marbella-fotovoltaicas\/benalmadena\/\" title=\"Benalm\u00e1dena\">Benalm\u00e1dena<\/a>, <a href=\"https:\/\/marblancsolar.ludeni.dev\/solar-installations\/marbella-fotovoltaicas\/fuengirola\/\" title=\"Fuengirola\">Fuengirola<\/a> y <a href=\"https:\/\/marblancsolar.ludeni.dev\/solar-installations\/marbella-fotovoltaicas\/mijas\/\" title=\"Mijas\">Mijas<\/a>.<\/p>\n\n\n\n<p>We&#8217;re also proud to be the top-rated solar installer in the local area, with 100+ <a href=\"https:\/\/maps.app.goo.gl\/6ynuXSvSAngRyetR7\" target=\"_blank\" rel=\"noopener\" title=\"\">five-star reviews<\/a> on Google.<\/p>\n\n\n\n<p class=\"gb-headline gb-headline-09e93f1f gb-headline-text\">Instalamos <a href=\"https:\/\/marblancsolar.ludeni.dev\/es\/servicios\/paneles-solares\/\" title=\"Paneles solares\">paneles solares<\/a>, <a href=\"https:\/\/marblancsolar.ludeni.dev\/es\/servicios\/baterias-solares\/\" title=\"Bater\u00eda solar\">bater\u00edas solares<\/a> e inversores solares, y te ayudamos a cambiar a una nueva tarifa regulada con una <a href=\"https:\/\/marblancsolar.ludeni.dev\/es\/servicios\/bateria-virtual\/\" title=\"Bater\u00eda virtual\">bater\u00eda virtual<\/a>. Como parte de nuestros servicios de <a href=\"https:\/\/marblancsolar.ludeni.dev\/es\/servicios\/servicios-posventa\/\" title=\"Asistencia posterior a la instalaci\u00f3n\">asistencia postinstalaci\u00f3n <\/a>, te ayudamos a configurar los temporizadores de los enchufes y a optimizar tus circuitos el\u00e9ctricos para reducir tu consumo y maximizar el ahorro.  <\/p>\n\n\n\n<p class=\"gb-headline gb-headline-406e6b63 gb-headline-text\">A continuaci\u00f3n puedes ver una selecci\u00f3n de nuestras \u00faltimas instalaciones solares en la zona de \u00c1lora.<\/p>\n\n<\/div>\n<\/div>\n<\/section><div class=\"gb-container gb-container-d10517aa\">\n<div class=\"gb-container gb-container-037f8664\">\n<div class=\"gb-container gb-container-445a532b\">\n<div class=\"gb-container gb-container-4df732dc\">\n\n<iframe src=\"https:\/\/www.google.com\/maps\/embed?pb=!1m18!1m12!1m3!1d404225.54505610187!2d-5.032154272695528!3d36.82731827275616!2m3!1f0!2f0!3f0!3m2!1i1024!2i768!4f13.1!3m3!1m2!1s0xd72eaf2ec2681a9%3A0xe9f50fdd43a6531e!2zMjk1MDAgw4Fsb3JhLCBNw6FsYWdh!5e0!3m2!1sen!2ses!4v1763719600995!5m2!1sen!2ses\" width=\"900\" height=\"450\" style=\"border:0;\" allowfullscreen=\"\" loading=\"lazy\" referrerpolicy=\"no-referrer-when-downgrade\"><\/iframe>\n\n<\/div>\n<\/div>\n<\/div>\n<\/div><div class=\"gb-container gb-container-d94bcf3e\">\n<div class=\"gb-container gb-container-f986c0d8\">\n<div class=\"gb-container gb-container-d79a9457\">\n<div class=\"gb-container gb-container-ec379ab9\">\n\n<iframe src=\"https:\/\/www.google.com\/maps\/embed?pb=!1m18!1m12!1m3!1d404225.54505610187!2d-5.032154272695528!3d36.82731827275616!2m3!1f0!2f0!3f0!3m2!1i1024!2i768!4f13.1!3m3!1m2!1s0xd72eaf2ec2681a9%3A0xe9f50fdd43a6531e!2zMjk1MDAgw4Fsb3JhLCBNw6FsYWdh!5e0!3m2!1sen!2ses!4v1763719600995!5m2!1sen!2ses\" width=\"300\" height=\"400\" style=\"border:0;\" allowfullscreen=\"\" loading=\"lazy\" referrerpolicy=\"no-referrer-when-downgrade\"><\/iframe>\n\n<\/div>\n<\/div>\n<\/div>\n<\/div><div class=\"gb-container gb-container-c6765599\">\n<div class=\"gb-container gb-container-3b9f5694\">\n<div class=\"gb-container gb-container-04c73d89\">\n\n<h2 class=\"gb-headline gb-headline-9f18569e gb-headline-text\">Consulta nuestras \u00faltimas instalaciones solares en \u00c1lora<\/h2>\n\n<\/div>\n\n<div class=\"gb-container gb-container-240ee1e7\">\n\n<p class=\"gb-headline gb-headline-1dcf1e97 gb-headline-text\">A continuaci\u00f3n, encontrar\u00e1s una selecci\u00f3n de instalaciones recientes de paneles solares en \u00c1lora.<\/p>\n\n\n\n<p class=\"gb-headline gb-headline-d9f10409 gb-headline-text\">Tambi\u00e9n instalamos paneles solares en otras zonas de la Costa del Sol, como <a href=\"https:\/\/marblancsolar.ludeni.dev\/solar-installations\/marbella-fotovoltaicas\/benahavis\/\"><strong>Benahav\u00eds<\/strong><\/a><a href=\"https:\/\/marblancsolar.ludeni.dev\/solar-installations\/marbella-fotovoltaicas\/estepona\/\" title=\"Estepona\">Estepona<\/a>, <a href=\"https:\/\/marblancsolar.ludeni.dev\/solar-installations\/marbella-fotovoltaicas\/istan\/\" title=\"Ist\u00e1n\">Ist\u00e1n<\/a><a href=\"https:\/\/marblancsolar.ludeni.dev\/solar-installations\/marbella-fotovoltaicas\/manilva\/\"><strong>Manilva<\/strong><\/a><a href=\"https:\/\/marblancsolar.ludeni.dev\/solar-installations\/marbella-fotovoltaicas\/marbella\/\" title=\"Marbella\">Marbella<\/a>, <a href=\"https:\/\/marblancsolar.ludeni.dev\/solar-installations\/marbella-fotovoltaicas\/ojen\/\" title=\"Oj\u00e9n\">Oj\u00e9n<\/a>, <a href=\"https:\/\/marblancsolar.ludeni.dev\/solar-installations\/marbella-fotovoltaicas\/sotogrande\/\"><strong>Sotogrande<\/strong><\/a> y mucho m\u00e1s. Para ver m\u00e1s proyectos, visita nuestra <a href=\"https:\/\/marblancsolar.ludeni.dev\/solar-installations\/marbella\/\"><strong>Instalaciones<\/strong><\/a> p\u00e1gina.<\/p>\n\n<\/div>\n<\/div>\n<\/div><div class=\"gb-container gb-container-0ef2e187\">\n<div class=\"gb-container gb-container-48a7c540\">\n\n<h3 class=\"gb-headline gb-headline-c14f72cd gb-headline-text\">Instalaciones solares seleccionadas en \u00c1lora<\/h3>\n\n<\/div>\n<\/div><div class=\"gb-container gb-container-10316c9a\" id=\"see-projects\">\n<div class=\"gb-container gb-container-73c0ca63\">\n\n<div class=\"gb-grid-wrapper gb-grid-wrapper-7cf66965 gb-query-loop-wrapper\"><\/div>\n\n<\/div>\n<\/div>","protected":false},"excerpt":{"rendered":"<p>Marblanc Solar es el instalador solar n\u00ba 1 en \u00c1lora con m\u00e1s de 90 opiniones de 5 estrellas. Consulta aqu\u00ed nuestras instalaciones de paneles solares seleccionadas en \u00c1lora. <\/p>\n","protected":false},"author":2,"featured_media":5924,"parent":1073,"menu_order":0,"comment_status":"closed","ping_status":"closed","template":"","meta":{"_acf_changed":false,"footnotes":""},"class_list":{"0":"post-6019","1":"page","2":"type-page","3":"status-publish","4":"has-post-thumbnail","6":"no-featured-image-padding"},"acf":[],"aioseo_notices":[],"_links":{"self":[{"href":"https:\/\/marblancsolar.ludeni.dev\/es\/wp-json\/wp\/v2\/pages\/6019","targetHints":{"allow":["GET"]}}],"collection":[{"href":"https:\/\/marblancsolar.ludeni.dev\/es\/wp-json\/wp\/v2\/pages"}],"about":[{"href":"https:\/\/marblancsolar.ludeni.dev\/es\/wp-json\/wp\/v2\/types\/page"}],"author":[{"embeddable":true,"href":"https:\/\/marblancsolar.ludeni.dev\/es\/wp-json\/wp\/v2\/users\/2"}],"replies":[{"embeddable":true,"href":"https:\/\/marblancsolar.ludeni.dev\/es\/wp-json\/wp\/v2\/comments?post=6019"}],"version-history":[{"count":4,"href":"https:\/\/marblancsolar.ludeni.dev\/es\/wp-json\/wp\/v2\/pages\/6019\/revisions"}],"predecessor-version":[{"id":7417,"href":"https:\/\/marblancsolar.ludeni.dev\/es\/wp-json\/wp\/v2\/pages\/6019\/revisions\/7417"}],"up":[{"embeddable":true,"href":"https:\/\/marblancsolar.ludeni.dev\/es\/wp-json\/wp\/v2\/pages\/1073"}],"wp:featuredmedia":[{"embeddable":true,"href":"https:\/\/marblancsolar.ludeni.dev\/es\/wp-json\/wp\/v2\/media\/5924"}],"wp:attachment":[{"href":"https:\/\/marblancsolar.ludeni.dev\/es\/wp-json\/wp\/v2\/media?parent=6019"}],"curies":[{"name":"wp","href":"https:\/\/api.w.org\/{rel}","templated":true}]}}