{"id":6146,"date":"2025-11-26T16:59:54","date_gmt":"2025-11-26T16:59:54","guid":{"rendered":"https:\/\/marblancsolar.com\/comentarios\/"},"modified":"2026-05-07T09:58:53","modified_gmt":"2026-05-07T09:58:53","slug":"resenas","status":"publish","type":"page","link":"https:\/\/marblancsolar.ludeni.dev\/es\/resenas\/","title":{"rendered":"Rese\u00f1as"},"content":{"rendered":"<div class=\"gb-container gb-container-dc9395b4\">\n<div class=\"gb-container gb-container-25b16727\">\n<div class=\"gb-container gb-container-23ed7c7e\">\n<div class=\"gb-container gb-container-371305cf\">\n<div class=\"gb-container gb-container-af6d521f\">\n<div class=\"gb-container gb-container-48278461\">\n\n<h2 class=\"gb-headline gb-headline-db5ed219 gb-headline-text\">Lo que dicen los clientes sobre Marblanc Solar<\/h2>\n\n<\/div>\n<\/div>\n\n<div class=\"gb-container gb-container-ea7effb2\">\n\n<p class=\"gb-headline gb-headline-2081e6e7 gb-headline-text\"><a href=\"https:\/\/marblancsolar.ludeni.dev\/es\/\" title=\"Inicio\">Marblanc Solar<\/a> es uno de los instaladores de paneles solares mejor valorados de la Costa del Sol y la Costa Blanca en Espa\u00f1a.  <\/p>\n\n\n\n<p class=\"has-text-align-left\">Actualmente, somos el instalador solar mejor valorado de Marbella, con m\u00e1s de 90 opiniones en nuestro <a href=\"https:\/\/maps.app.goo.gl\/gMNyxB3B2dHKavoK7\" title=\"\">perfil de empresa de Google<\/a>.<\/p>\n\n\n\n<p class=\"has-text-align-left\">Tambi\u00e9n tenemos m\u00e1s opiniones de clientes en nuestra p\u00e1gina de <a href=\"https:\/\/www.facebook.com\/p\/Marblanc-Solar-100093673091068\/\" title=\"\">Facebook<\/a> y en nuestra p\u00e1gina de Yelp. Puedes consultar todas estas opiniones juntas en la <a href=\"https:\/\/www.trustindex.io\/reviews\/marblancsolar.com-1\" title=\"\">p\u00e1gina Trustindex de Marblanc<\/a> Solar, o ver m\u00e1s abajo un resumen completo. <\/p>\n\n\n\n<p class=\"has-text-align-left\">\u00bfQuieres experimentar el servicio de atenci\u00f3n al cliente de alta calidad por el que se conoce a Marblanc Solar? Haz clic aqu\u00ed para obtener un <a href=\"https:\/\/marblancsolar.ludeni.dev\/es\/estudio-solar-gratuito\/\" title=\"Estudio solar gratuito\">Estudio Solar Gratuito<\/a> ahora, y uno de nuestros ingenieros de estudios se pondr\u00e1 en contacto contigo en el plazo de 1 d\u00eda laborable. <\/p>\n\n<\/div>\n<\/div>\n<\/div>\n<\/div>\n<\/div>\n\n<div class=\"gb-container gb-container-4b47df1a\">\n<div class=\"gb-container gb-container-6efe605f\">\n\n<script defer async src='https:\/\/cdn.trustindex.io\/loader.js?04fd18859f55160c2d4660ad82e'><\/script>\n\n<\/div>\n<\/div>","protected":false},"excerpt":{"rendered":"<p>Lee todas las opiniones de clientes de Marblanc Solar en plataformas como Google, Facebook, Yelp y m\u00e1s.<\/p>\n","protected":false},"author":2,"featured_media":0,"parent":0,"menu_order":0,"comment_status":"closed","ping_status":"closed","template":"","meta":{"_acf_changed":false,"footnotes":""},"class_list":{"0":"post-6146","1":"page","2":"type-page","3":"status-publish","5":"no-featured-image-padding"},"acf":[],"aioseo_notices":[],"_links":{"self":[{"href":"https:\/\/marblancsolar.ludeni.dev\/es\/wp-json\/wp\/v2\/pages\/6146","targetHints":{"allow":["GET"]}}],"collection":[{"href":"https:\/\/marblancsolar.ludeni.dev\/es\/wp-json\/wp\/v2\/pages"}],"about":[{"href":"https:\/\/marblancsolar.ludeni.dev\/es\/wp-json\/wp\/v2\/types\/page"}],"author":[{"embeddable":true,"href":"https:\/\/marblancsolar.ludeni.dev\/es\/wp-json\/wp\/v2\/users\/2"}],"replies":[{"embeddable":true,"href":"https:\/\/marblancsolar.ludeni.dev\/es\/wp-json\/wp\/v2\/comments?post=6146"}],"version-history":[{"count":2,"href":"https:\/\/marblancsolar.ludeni.dev\/es\/wp-json\/wp\/v2\/pages\/6146\/revisions"}],"predecessor-version":[{"id":6149,"href":"https:\/\/marblancsolar.ludeni.dev\/es\/wp-json\/wp\/v2\/pages\/6146\/revisions\/6149"}],"wp:attachment":[{"href":"https:\/\/marblancsolar.ludeni.dev\/es\/wp-json\/wp\/v2\/media?parent=6146"}],"curies":[{"name":"wp","href":"https:\/\/api.w.org\/{rel}","templated":true}]}}