{"id":6232,"date":"2025-12-11T15:29:03","date_gmt":"2025-12-11T15:29:03","guid":{"rendered":"https:\/\/marblancsolar.com\/oficinas\/javea\/"},"modified":"2025-12-11T15:31:25","modified_gmt":"2025-12-11T15:31:25","slug":"javea","status":"publish","type":"page","link":"https:\/\/marblancsolar.ludeni.dev\/es\/oficinas\/javea\/","title":{"rendered":"Javea"},"content":{"rendered":"<section class=\"gb-container gb-container-562aef2a\">\n<div class=\"gb-container gb-container-8128fcd8\">\n<div class=\"gb-container gb-container-aad7b4c8\">\n\n<h2 class=\"gb-headline gb-headline-d3d7bfe7 gb-headline-text\">Instalador de paneles solares en Marbella<\/h2>\n\n<\/div>\n\n<div class=\"gb-container gb-container-876eb6e4\">\n\n<p>\u00bfBuscas un instalador de paneles solares en J\u00e1vea?<\/p>\n\n\n\n<p class=\"gb-headline gb-headline-fdd1e650 gb-headline-text\"><a href=\"http:\/\/home\" title=\"\">Marblanc Solar<\/a> es un instalador de paneles solares con sede en J\u00e1vea, en la Costa Blanca espa\u00f1ola. Estamos orgullosos de ser uno de los instaladores solares mejor valorados de la zona, con m\u00e1s de 90 <a href=\"https:\/\/marblancsolar.ludeni.dev\/es\/resenas\/\" title=\"Comentarios\">opiniones<\/a> de cinco estrellas en plataformas online. <\/p>\n\n\n\n<p>Puedes encontrar m\u00e1s informaci\u00f3n <a href=\"https:\/\/marblancsolar.ludeni.dev\/es\/sobre-nosotros\/\" title=\"Sobre nosotros\">sobre nosotros<\/a> aqu\u00ed.  <\/p>\n\n\n\n<p class=\"gb-headline gb-headline-09e93f1f gb-headline-text\">Instalamos <a href=\"https:\/\/marblancsolar.ludeni.dev\/es\/servicios\/paneles-solares\/\" title=\"Paneles solares\">paneles solares<\/a>, <a href=\"https:\/\/marblancsolar.ludeni.dev\/es\/servicios\/baterias-solares\/\" title=\"Bater\u00eda solar\">bater\u00edas solares<\/a> e inversores solares, y te ayudamos a cambiar a una nueva tarifa regulada con una <a href=\"https:\/\/marblancsolar.ludeni.dev\/es\/servicios\/bateria-virtual\/\" title=\"Bater\u00eda virtual\">bater\u00eda virtual<\/a>. Como parte de nuestros servicios de <a href=\"https:\/\/marblancsolar.ludeni.dev\/es\/servicios\/servicios-posventa\/\" title=\"Asistencia posterior a la instalaci\u00f3n\">asistencia postinstalaci\u00f3n <\/a>, te ayudamos a configurar los temporizadores de los enchufes y a optimizar tus circuitos el\u00e9ctricos para reducir tu consumo y maximizar el ahorro.  <\/p>\n\n\n\n<p class=\"gb-headline gb-headline-406e6b63 gb-headline-text\">Consulta aqu\u00ed una selecci\u00f3n de nuestras \u00faltimas instalaciones solares en J\u00e1vea (pr\u00f3ximamente).<\/p>\n\n<\/div>\n<\/div>\n<\/section><div class=\"gb-container gb-container-d10517aa\">\n<div class=\"gb-container gb-container-037f8664\">\n<div class=\"gb-container gb-container-445a532b\">\n<div class=\"gb-container gb-container-4df732dc\">\n\n<iframe src=\"https:\/\/www.google.com\/maps\/embed?pb=!1m18!1m12!1m3!1d164647.08783881075!2d0.046539650190348565!3d38.78332155839859!2m3!1f0!2f0!3f0!3m2!1i1024!2i768!4f13.1!3m3!1m2!1s0x129e0f6d1b80647b%3A0x6aa11a89a8c05e0e!2sMarblanc%20Solar!5e0!3m2!1sen!2ses!4v1765466733771!5m2!1sen!2ses\" width=\"900\" height=\"400\" style=\"border:0;\" allowfullscreen=\"\" loading=\"lazy\" referrerpolicy=\"no-referrer-when-downgrade\"><\/iframe>\n\n<\/div>\n<\/div>\n<\/div>\n<\/div><div class=\"gb-container gb-container-d94bcf3e\">\n<div class=\"gb-container gb-container-f986c0d8\">\n<div class=\"gb-container gb-container-d79a9457\">\n<div class=\"gb-container gb-container-ec379ab9\">\n\n<iframe src=\"https:\/\/www.google.com\/maps\/embed?pb=!1m18!1m12!1m3!1d164647.08783881075!2d0.046539650190348565!3d38.78332155839859!2m3!1f0!2f0!3f0!3m2!1i1024!2i768!4f13.1!3m3!1m2!1s0x129e0f6d1b80647b%3A0x6aa11a89a8c05e0e!2sMarblanc%20Solar!5e0!3m2!1sen!2ses!4v1765466733771!5m2!1sen!2ses\" width=\"400\" height=\"300\" style=\"border:0;\" allowfullscreen=\"\" loading=\"lazy\" referrerpolicy=\"no-referrer-when-downgrade\"><\/iframe>\n\n<\/div>\n<\/div>\n<\/div>\n<\/div><section class=\"gb-container gb-container-c14d7baa\">\n<div class=\"gb-container gb-container-83bdce43\">\n<div class=\"gb-container gb-container-ed536332\">\n\n<h2 class=\"gb-headline gb-headline-5aaec96f gb-headline-text\">Contacta con nosotros  <\/h2>\n\n<\/div>\n\n<div class=\"gb-container gb-container-29edea01\">\n\n<p>Ofrecemos a todos los clientes nuevos un Estudio Solar Gratuito que incluye:<\/p>\n\n\n\n<ul class=\"wp-block-list\">\n<li><strong>Visita a domicilio<\/strong> de uno de nuestros ingenieros top\u00f3grafos cualificados<\/li>\n\n\n\n<li><strong>Inspecci\u00f3n<\/strong> de tu tejado <strong>con un dron<\/strong> <\/li>\n\n\n\n<li><strong>Modelo de rendimiento 3D<\/strong> construido con el software solar l\u00edder del sector, Pylon<\/li>\n\n\n\n<li><strong>Dos propuestas personalizadas<\/strong> para comparar los costes y ahorros previstos<\/li>\n\n\n\n<li>La <strong>estimaci\u00f3n del umbral de rentabilidad<\/strong> se detalla en cada propuesta<\/li>\n<\/ul>\n\n\n\n<p>Si quieres reservar un estudio solar gratuito para tu propiedad en J\u00e1vea y alrededores, puedes hacerlo<strong><a href=\"https:\/\/marblancsolar.ludeni.dev\/es\/estudio-solar-gratuito\/\" title=\"Estudio solar gratuito\"> rellenando este formulario<\/a><\/strong>.<\/p>\n\n\n\n<p>Por lo dem\u00e1s, no dudes en ponerte en contacto con nosotros para cualquier pregunta por tel\u00e9fono, correo electr\u00f3nico o en nuestra oficina de Javea.<\/p>\n\n<\/div>\n<\/div>\n<\/section><section class=\"gb-container gb-container-7a3ca9c6\">\n<div class=\"gb-container gb-container-7c220c62\">\n<div class=\"gb-container gb-container-ef0950a9\">\n\n<h2 class=\"gb-headline gb-headline-8cb9d009 gb-headline-text\">Datos de contacto<\/h2>\n\n<\/div>\n\n<div class=\"gb-container gb-container-0b1f3b34\">\n\n<h4 class=\"gb-headline gb-headline-87b49931 gb-headline-text\">Ponte en contacto con<\/h4>\n\n\n\n<p class=\"gb-headline gb-headline-668777fe gb-headline-text\"><a href=\"https:\/\/maps.app.goo.gl\/5rptH1uzdpC1VWmT7\" title=\"\">Avinguda Augusta, 30, 03730 X\u00e0bia, Alicante<\/a><\/p>\n\n\n\n<div class=\"gb-headline gb-headline-83a4a4b6 gb-headline-text\"><a href=\"mailto:enquiries@marblancsolar.com\">enquiries@marblancsolar.com<\/a><\/div>\n\n\n\n<div class=\"gb-headline gb-headline-142f3436 gb-headline-text\"><a href=\"tel:+34951823083\" data-type=\"tel\" data-id=\"tel:+180088800\">+34 951 82 30 83<\/a><\/div>\n\n\n<div class=\"gb-container gb-container-f89c6d6d\">\n\n<a class=\"gb-button gb-button-bbbbc36b\" href=\"https:\/\/www.instagram.com\/marblancsolar\/\" aria-label=\"instagram link\"><span class=\"gb-icon\"><svg xmlns=\"http:\/\/www.w3.org\/2000\/svg\" viewbox=\"0 0 448 512\" width=\"1em\" height=\"1em\" aria-hidden=\"true\"><path d=\"M224.1 141c-63.6 0-114.9 51.3-114.9 114.9s51.3 114.9 114.9 114.9S339 319.5 339 255.9 287.7 141 224.1 141zm0 189.6c-41.1 0-74.7-33.5-74.7-74.7s33.5-74.7 74.7-74.7 74.7 33.5 74.7 74.7-33.6 74.7-74.7 74.7zm146.4-194.3c0 14.9-12 26.8-26.8 26.8-14.9 0-26.8-12-26.8-26.8s12-26.8 26.8-26.8 26.8 12 26.8 26.8zm76.1 27.2c-1.7-35.9-9.9-67.7-36.2-93.9-26.2-26.2-58-34.4-93.9-36.2-37-2.1-147.9-2.1-184.9 0-35.8 1.7-67.6 9.9-93.9 36.1s-34.4 58-36.2 93.9c-2.1 37-2.1 147.9 0 184.9 1.7 35.9 9.9 67.7 36.2 93.9s58 34.4 93.9 36.2c37 2.1 147.9 2.1 184.9 0 35.9-1.7 67.7-9.9 93.9-36.2 26.2-26.2 34.4-58 36.2-93.9 2.1-37 2.1-147.8 0-184.8zM398.8 388c-7.8 19.6-22.9 34.7-42.6 42.6-29.5 11.7-99.5 9-132.1 9s-102.7 2.6-132.1-9c-19.6-7.8-34.7-22.9-42.6-42.6-11.7-29.5-9-99.5-9-132.1s-2.6-102.7 9-132.1c7.8-19.6 22.9-34.7 42.6-42.6 29.5-11.7 99.5-9 132.1-9s102.7-2.6 132.1 9c19.6 7.8 34.7 22.9 42.6 42.6 11.7 29.5 9 99.5 9 132.1s2.7 102.7-9 132.1z\" fill=\"currentColor\"><\/path><\/svg><\/span><\/a>\n\n\n\n<a class=\"gb-button gb-button-f7984a53\" href=\"https:\/\/www.facebook.com\/p\/Marblanc-Electrical-100093673091068\/\" aria-label=\"facebook link\"><span class=\"gb-icon\"><svg xmlns=\"http:\/\/www.w3.org\/2000\/svg\" viewbox=\"0 0 320 512\" width=\"1em\" height=\"1em\" aria-hidden=\"true\"><path d=\"M279.14 288l14.22-92.66h-88.91v-60.13c0-25.35 12.42-50.06 52.24-50.06h40.42V6.26S260.43 0 225.36 0c-73.22 0-121.08 44.38-121.08 124.72v70.62H22.89V288h81.39v224h100.17V288z\" fill=\"currentColor\"><\/path><\/svg><\/span><\/a>\n\n\n\n<a class=\"gb-button gb-button-38904444\" href=\"https:\/\/www.tiktok.com\/@marblanc.solar\/\" aria-label=\"facebook link\"><span class=\"gb-icon\"><svg xmlns=\"http:\/\/www.w3.org\/2000\/svg\" viewbox=\"0 0 448 512\"><path d=\"M448 209.9a210.1 210.1 0 0 1 -122.8-39.3V349.4A162.6 162.6 0 1 1 185 188.3V278.2a74.6 74.6 0 1 0 52.2 71.2V0l88 0a121.2 121.2 0 0 0 1.9 22.2h0A122.2 122.2 0 0 0 381 102.4a121.4 121.4 0 0 0 67 20.1z\"><\/path><\/svg><\/span><\/a>\n\n<\/div>\n<\/div>\n<\/div>\n<\/section>","protected":false},"excerpt":{"rendered":"<p>Marblanc Solar es un instalador de paneles solares con sede en J\u00e1vea, en la Costa Blanca. Somos una de las empresas solares mejor valoradas, con m\u00e1s de 90 opiniones de 5 estrellas. <\/p>\n","protected":false},"author":4,"featured_media":6228,"parent":6123,"menu_order":0,"comment_status":"closed","ping_status":"closed","template":"","meta":{"_acf_changed":false,"footnotes":""},"class_list":{"0":"post-6232","1":"page","2":"type-page","3":"status-publish","4":"has-post-thumbnail","6":"no-featured-image-padding"},"acf":[],"aioseo_notices":[],"_links":{"self":[{"href":"https:\/\/marblancsolar.ludeni.dev\/es\/wp-json\/wp\/v2\/pages\/6232","targetHints":{"allow":["GET"]}}],"collection":[{"href":"https:\/\/marblancsolar.ludeni.dev\/es\/wp-json\/wp\/v2\/pages"}],"about":[{"href":"https:\/\/marblancsolar.ludeni.dev\/es\/wp-json\/wp\/v2\/types\/page"}],"author":[{"embeddable":true,"href":"https:\/\/marblancsolar.ludeni.dev\/es\/wp-json\/wp\/v2\/users\/4"}],"replies":[{"embeddable":true,"href":"https:\/\/marblancsolar.ludeni.dev\/es\/wp-json\/wp\/v2\/comments?post=6232"}],"version-history":[{"count":1,"href":"https:\/\/marblancsolar.ludeni.dev\/es\/wp-json\/wp\/v2\/pages\/6232\/revisions"}],"predecessor-version":[{"id":6233,"href":"https:\/\/marblancsolar.ludeni.dev\/es\/wp-json\/wp\/v2\/pages\/6232\/revisions\/6233"}],"up":[{"embeddable":true,"href":"https:\/\/marblancsolar.ludeni.dev\/es\/wp-json\/wp\/v2\/pages\/6123"}],"wp:featuredmedia":[{"embeddable":true,"href":"https:\/\/marblancsolar.ludeni.dev\/es\/wp-json\/wp\/v2\/media\/6228"}],"wp:attachment":[{"href":"https:\/\/marblancsolar.ludeni.dev\/es\/wp-json\/wp\/v2\/media?parent=6232"}],"curies":[{"name":"wp","href":"https:\/\/api.w.org\/{rel}","templated":true}]}}