{"id":6474,"date":"2026-01-04T08:57:55","date_gmt":"2026-01-04T08:57:55","guid":{"rendered":"https:\/\/marblancsolar.com\/servicios\/cajas-de-seguridad\/"},"modified":"2026-02-01T14:49:24","modified_gmt":"2026-02-01T14:49:24","slug":"cajas-de-seguridad","status":"publish","type":"page","link":"https:\/\/marblancsolar.ludeni.dev\/es\/servicios\/cajas-de-seguridad\/","title":{"rendered":"Cajas de seguridad"},"content":{"rendered":"<section class=\"gb-container gb-container-562aef2a\">\n<div class=\"gb-container gb-container-8128fcd8\">\n<div class=\"gb-container gb-container-aad7b4c8\">\n\n<h2 class=\"gb-headline gb-headline-d3d7bfe7 gb-headline-text\">Instalaciones de Cajas de Seguridad en la Costa del Sol y la Costa Blanca<\/h2>\n\n<\/div>\n\n<div class=\"gb-container gb-container-876eb6e4\">\n\n<p class=\"gb-headline gb-headline-49fd911e gb-headline-text\">Muchos propietarios asumen que si tienen paneles solares (o incluso una bater\u00eda solar), seguir\u00e1n <a href=\"https:\/\/marblancsolar.ludeni.dev\/es\/quieres-energia-solar-en-un-apagon-utiliza-un-backup-box\/\" title=\"\u00bfQuieres energ\u00eda solar en un apag\u00f3n? Utiliza una caja de seguridad\">teniendo energ\u00eda durante un apag\u00f3n<\/a>.<\/p>\n\n\n\n<p>En realidad, sin una caja de reserva, tu inversor se apaga cuando se cae la red -aunque brille el sol- como medida de seguridad para evitar que la electricidad vuelva a inyectarse en la red durante las reparaciones.<\/p>\n\n\n\n<p>Por eso <a href=\"https:\/\/marblancsolar.ludeni.dev\/es\/\" title=\"Inicio\">Marblanc Solar<\/a> instala sistemas de cajas de reserva que detectan un corte al instante y conmutan tu casa a energ\u00eda solar y\/o de bater\u00eda, para que los circuitos esenciales sigan funcionando sin problemas.<\/p>\n\n\n\n<p>\u00bfQuieres saber qu\u00e9 configuraci\u00f3n de copia de seguridad es la adecuada para tu casa, y cu\u00e1nto costar\u00e1?<\/p>\n\n\n\n<p>Solicita un <a href=\"https:\/\/marblancsolar.ludeni.dev\/es\/estudio-solar-gratuito\/\" title=\"Estudio solar gratuito\">Estudio Solar Gratuito<\/a> y evaluaremos tu configuraci\u00f3n el\u00e9ctrica, te explicaremos la diferencia entre respaldo est\u00e1ndar y SAI, mapearemos los circuitos prioritarios y te proporcionaremos un presupuesto de instalaci\u00f3n claro.<\/p>\n\n\n\n<p>O llama ahora a Marblanc Solar al <a href=\"tel:+34951823083\"><strong>+34 951 82 30 83<\/strong><\/a>.<\/p>\n\n<\/div>\n<\/div>\n<\/section><div class=\"gb-container gb-container-f8e9cf74\">\n<div class=\"gb-grid-wrapper gb-grid-wrapper-2d0a2122\">\n<div class=\"gb-grid-column gb-grid-column-f9dcd14e\"><div class=\"gb-container gb-container-f9dcd14e\"><\/div><\/div>\n\n<div class=\"gb-grid-column gb-grid-column-7b0f31a8\"><div class=\"gb-container gb-container-7b0f31a8\">\n\n<p class=\"gb-headline gb-headline-ac3882aa gb-headline-text\">&#8211;<\/p>\n\n<\/div><\/div>\n\n<div class=\"gb-grid-column gb-grid-column-7da620dc\"><div class=\"gb-container gb-container-7da620dc\"><\/div><\/div>\n<\/div>\n<\/div><section class=\"gb-container gb-container-726ba984\">\n<div class=\"gb-container gb-container-d2e38728\">\n<div class=\"gb-container gb-container-41fbba2c\">\n\n<h2 class=\"gb-headline gb-headline-4f63d110 gb-headline-text\">Por qu\u00e9 instalar tu caja de seguridad con Marblanc Solar<br><\/h2>\n\n<\/div>\n\n<div class=\"gb-container gb-container-b56f6841\">\n\n<p class=\"gb-headline gb-headline-f498572d gb-headline-text\"><a href=\"https:\/\/marblancsolar.ludeni.dev\/es\/\" title=\"Inicio\">Marblanc Solar<\/a> es uno de los instaladores solares mejor valorados de Espa\u00f1a. Tenemos oficinas en <a href=\"https:\/\/marblancsolar.ludeni.dev\/es\/oficinas\/marbella\/\" title=\"Marbella\">Marbella<\/a> y <a href=\"https:\/\/marblancsolar.ludeni.dev\/es\/oficinas\/javea\/\" title=\"Javea\">J\u00e1vea<\/a>, e instalamos sistemas a lo largo de la Costa del Sol y la Costa Blanca.   <\/p>\n\n\n\n<p>Marblanc Solar fue fundada en 2022 por <a href=\"https:\/\/marblancsolar.ludeni.dev\/es\/nuestro-equipo\/adam-millington-2\/#main#main\" title=\"Adam Millington\">el electricista cualificado Adam Millington<\/a>, y r\u00e1pidamente se convirti\u00f3 en uno de los instaladores solares mejor valorados de Marbella. Nuestro crecimiento se atribuye a nuestro proceso de <a href=\"https:\/\/marblancsolar.ludeni.dev\/es\/estudio-solar-gratuito\/\" title=\"Estudio solar gratuito\">Estudio Solar Gratuito<\/a> y a nuestro s\u00f3lido <a href=\"https:\/\/marblancsolar.ludeni.dev\/es\/servicios\/servicios-posventa\/\" title=\"Asistencia posterior a la instalaci&#xF3;n\">apoyo posterior a la instalaci\u00f3n<\/a>.   <\/p>\n\n\n\n<p class=\"gb-headline gb-headline-75ab8436 gb-headline-text\">\u00c9stas son las principales razones para elegir Marblanc Solar:<\/p>\n\n\n\n<ul class=\"wp-block-list\">\n<li>M\u00e1s de 95 <a href=\"https:\/\/marblancsolar.ludeni.dev\/es\/resenas\/\" title=\"\">opiniones<\/a> de cinco estrellas<\/li>\n\n\n\n<li><a href=\"https:\/\/marblancsolar.ludeni.dev\/es\/estudio-solar-gratuito\/\" title=\"Estudio solar gratuito\">Estudio solar gratuito<\/a> que incluye escaneado con dron, modelo de rendimiento, estimaci\u00f3n del ahorro y del periodo de amortizaci\u00f3n<\/li>\n\n\n\n<li>Equipo cualificado de electricistas, ingenieros top\u00f3grafos e ingenieros civiles<\/li>\n\n\n\n<li>25 a\u00f1os de garant\u00eda de mano de obra (garant\u00eda Marblanc Solar)<\/li>\n\n\n\n<li><a href=\"https:\/\/marblancsolar.ludeni.dev\/es\/servicios\/servicios-posventa\/\" title=\"Asistencia posterior a la instalaci&#xF3;n\">Servicios posteriores a la instalaci\u00f3n<\/a>, incluida la orientaci\u00f3n sobre supervisi\u00f3n, garant\u00edas y asistencia directa por WhatsApp<\/li>\n<\/ul>\n\n<\/div>\n<\/div>\n<\/section><div class=\"gb-container gb-container-2e145946\">\n<div class=\"gb-grid-wrapper gb-grid-wrapper-233c2d57\">\n<div class=\"gb-grid-column gb-grid-column-e019409a\"><div class=\"gb-container gb-container-e019409a\"><\/div><\/div>\n\n<div class=\"gb-grid-column gb-grid-column-e418395a\"><div class=\"gb-container gb-container-e418395a\">\n\n<p class=\"gb-headline gb-headline-ff3f32fe gb-headline-text\">&#8211;<\/p>\n\n<\/div><\/div>\n\n<div class=\"gb-grid-column gb-grid-column-756acbca\"><div class=\"gb-container gb-container-756acbca\"><\/div><\/div>\n<\/div>\n<\/div><div class=\"gb-container gb-container-1a3a9447\">\n<div class=\"gb-container gb-container-d8c8aee2\">\n<div class=\"gb-container gb-container-5ea24bd8\">\n\n<h2 class=\"gb-headline gb-headline-9b21198c gb-headline-text\">Instalaciones recientes de cajas de seguridad<\/h2>\n\n\n<div class=\"gb-container gb-container-ddd24ef3\">\n\n<p class=\"gb-headline gb-headline-895ced76 gb-headline-text\">Consulta nuestras recientes instalaciones de cajas de seguridad en la Costa del Sol y la Costa Blanca en Espa\u00f1a.<\/p>\n\n\n\n<p class=\"gb-headline gb-headline-30432086 gb-headline-text\">Consulta m\u00e1s proyectos en nuestra p\u00e1gina <a href=\"https:\/\/marblancsolar.ludeni.dev\/es\/servicios\/servicios-posventa\/\" title=\"Asistencia posterior a la instalaci\u00f3n\">Instalaciones<\/a>.<\/p>\n\n<\/div>\n<\/div>\n<\/div>\n<\/div><div class=\"gb-container gb-container-10316c9a\" id=\"see-projects\">\n<div class=\"gb-container gb-container-73c0ca63\">\n\n<div class=\"gb-grid-wrapper gb-grid-wrapper-7cf66965 gb-query-loop-wrapper\"><\/div>\n\n<\/div>\n<\/div><div class=\"gb-container gb-container-00b77f0a\">\n<div class=\"gb-grid-wrapper gb-grid-wrapper-3fba9247\">\n<div class=\"gb-grid-column gb-grid-column-0bb13e0b\"><div class=\"gb-container gb-container-0bb13e0b\"><\/div><\/div>\n\n<div class=\"gb-grid-column gb-grid-column-e9dbbccb\"><div class=\"gb-container gb-container-e9dbbccb\">\n\n<p class=\"gb-headline gb-headline-32d177cd gb-headline-text\">&#8211;<\/p>\n\n<\/div><\/div>\n\n<div class=\"gb-grid-column gb-grid-column-82c526df\"><div class=\"gb-container gb-container-82c526df\"><\/div><\/div>\n<\/div>\n<\/div><div class=\"gb-container gb-container-d9a3d49e\">\n<div class=\"gb-container gb-container-421c7073\">\n<div class=\"gb-container gb-container-05cd33a0\">\n\n<h2 class=\"gb-headline gb-headline-bdf6d29f gb-headline-text\">Servicios de caja de seguridad<\/h2>\n\n\n<div class=\"gb-container gb-container-47b42ae3\">\n\n<p class=\"gb-headline gb-headline-6b44bb91 gb-headline-text\">Inf\u00f3rmate sobre c\u00f3mo dise\u00f1amos e instalamos sistemas de cajas de reserva para viviendas con paneles solares (con o sin bater\u00edas).<\/p>\n\n<\/div>\n<\/div>\n<\/div>\n<\/div><div class=\"gb-container gb-container-edee0d6c\">\n<div class=\"gb-container gb-container-62650607\">\n<div class=\"gb-grid-wrapper gb-grid-wrapper-34c870cc\">\n<div class=\"gb-grid-column gb-grid-column-5ac1e6ca\"><div class=\"gb-container gb-container-5ac1e6ca\">\n<div class=\"gb-container gb-container-17971490\"><\/div>\n\n\n<h3 class=\"gb-headline gb-headline-eab7d5b5 gb-headline-text\">Estudio solar gratuito<\/h3>\n\n\n\n<p class=\"gb-headline gb-headline-b8c48246 gb-headline-text\">Todos los proyectos de respaldo empiezan con un <a href=\"https:\/\/marblancsolar.ludeni.dev\/es\/estudio-solar-gratuito\/\" title=\"Estudio solar gratuito\">Estudio Solar Gratuito<\/a>. Tambi\u00e9n te explicaremos exactamente qu\u00e9 puede (y qu\u00e9 no puede) alimentar una caja de respaldo, y te ayudaremos a elegir entre una caja de respaldo est\u00e1ndar (circuitos prioritarios) o una soluci\u00f3n de respaldo para toda la casa tipo SAI. <\/p>\n\n<\/div><\/div>\n\n<div class=\"gb-grid-column gb-grid-column-fbdf182a\"><div class=\"gb-container gb-container-fbdf182a\">\n<div class=\"gb-container gb-container-4d4920c4\"><\/div>\n\n\n<h3 class=\"gb-headline gb-headline-d411ae45 gb-headline-text\">Instalaciones profesionales<\/h3>\n\n\n\n<p class=\"gb-headline gb-headline-102bf8bd gb-headline-text\"><a href=\"https:\/\/marblancsolar.ludeni.dev\/es\/nuestro-equipo\/\" title=\"Nuestro equipo\">Nuestro equipo<\/a> de electricistas cualificados instala tu caja de seguridad utilizando m\u00e9todos probados que dan prioridad a la seguridad. Antes de la entrega, probamos a fondo el comportamiento de la conmutaci\u00f3n para que sepas exactamente qu\u00e9 ocurre en el momento en que se cae la red. <\/p>\n\n<\/div><\/div>\n\n<div class=\"gb-grid-column gb-grid-column-257a6841\"><div class=\"gb-container gb-container-257a6841\">\n<div class=\"gb-container gb-container-b7ed9c6e\"><\/div>\n\n\n<h3 class=\"gb-headline gb-headline-12ce4bad gb-headline-text\">Equipamiento y mejoras<\/h3>\n\n\n\n<p class=\"gb-headline gb-headline-88845541 gb-headline-text\">Suministramos e instalamos sistemas de respaldo que se ajustan a tus objetivos, tanto si quieres mantener en funcionamiento circuitos esenciales como si quieres alimentar toda la casa sin interrupciones.<br> Tambi\u00e9n instalamos <a href=\"https:\/\/marblancsolar.ludeni.dev\/es\/servicios\/baterias-solares\/\" title=\"Bater\u00eda solar\">bater\u00edas solares<\/a> y <a href=\"https:\/\/marblancsolar.ludeni.dev\/es\/servicios\/cargadores-de-ve\/\" title=\"Cargadores de VE\">cargadores de veh\u00edculos el\u00e9ctricos<\/a>.<\/p>\n\n<\/div><\/div>\n\n<div class=\"gb-grid-column gb-grid-column-b2037456\"><div class=\"gb-container gb-container-b2037456\">\n<div class=\"gb-container gb-container-eee3455a\"><\/div>\n\n\n<h3 class=\"gb-headline gb-headline-85e2f650 gb-headline-text\">Asistencia posterior a la instalaci\u00f3n<\/h3>\n\n\n\n<p class=\"gb-headline gb-headline-883941f2 gb-headline-text\">Proporcionamos <a href=\"https:\/\/marblancsolar.ludeni.dev\/es\/servicios\/servicios-posventa\/\" title=\"Asistencia posterior a la instalaci\u00f3n\">servicios continuos posteriores a la instalaci\u00f3n<\/a>: supervisi\u00f3n del sistema, garant\u00edas de 25 a\u00f1os para el equipo y la mano de obra, legalizaci\u00f3n completa, <a href=\"https:\/\/marblancsolar.ludeni.dev\/es\/servicios\/bateria-virtual\/\" title=\"Bater\u00eda virtual\">cambio virtual de bater\u00eda<\/a> y revisi\u00f3n anual gratuita. Tambi\u00e9n dispondr\u00e1s de un canal de asistencia directa por WhatsApp abierto los 7 d\u00edas de la semana. <\/p>\n\n<\/div><\/div>\n<\/div>\n<\/div>\n<\/div>","protected":false},"excerpt":{"rendered":"<p>Marblanc Solar instala sistemas de cajas de respaldo para instalaciones solares en la Costa del Sol y la Costa Blanca.  <\/p>\n","protected":false},"author":2,"featured_media":5785,"parent":1071,"menu_order":0,"comment_status":"closed","ping_status":"closed","template":"","meta":{"_acf_changed":false,"footnotes":""},"class_list":{"0":"post-6474","1":"page","2":"type-page","3":"status-publish","4":"has-post-thumbnail","6":"no-featured-image-padding"},"acf":[],"aioseo_notices":[],"_links":{"self":[{"href":"https:\/\/marblancsolar.ludeni.dev\/es\/wp-json\/wp\/v2\/pages\/6474","targetHints":{"allow":["GET"]}}],"collection":[{"href":"https:\/\/marblancsolar.ludeni.dev\/es\/wp-json\/wp\/v2\/pages"}],"about":[{"href":"https:\/\/marblancsolar.ludeni.dev\/es\/wp-json\/wp\/v2\/types\/page"}],"author":[{"embeddable":true,"href":"https:\/\/marblancsolar.ludeni.dev\/es\/wp-json\/wp\/v2\/users\/2"}],"replies":[{"embeddable":true,"href":"https:\/\/marblancsolar.ludeni.dev\/es\/wp-json\/wp\/v2\/comments?post=6474"}],"version-history":[{"count":2,"href":"https:\/\/marblancsolar.ludeni.dev\/es\/wp-json\/wp\/v2\/pages\/6474\/revisions"}],"predecessor-version":[{"id":6605,"href":"https:\/\/marblancsolar.ludeni.dev\/es\/wp-json\/wp\/v2\/pages\/6474\/revisions\/6605"}],"up":[{"embeddable":true,"href":"https:\/\/marblancsolar.ludeni.dev\/es\/wp-json\/wp\/v2\/pages\/1071"}],"wp:featuredmedia":[{"embeddable":true,"href":"https:\/\/marblancsolar.ludeni.dev\/es\/wp-json\/wp\/v2\/media\/5785"}],"wp:attachment":[{"href":"https:\/\/marblancsolar.ludeni.dev\/es\/wp-json\/wp\/v2\/media?parent=6474"}],"curies":[{"name":"wp","href":"https:\/\/api.w.org\/{rel}","templated":true}]}}