{"id":6537,"date":"2026-01-04T08:19:40","date_gmt":"2026-01-04T08:19:40","guid":{"rendered":"https:\/\/marblancsolar.com\/promesa-marblanc-sorteo-anual\/"},"modified":"2026-01-12T09:37:13","modified_gmt":"2026-01-12T09:37:13","slug":"promesa-marblanc-sorteo-anual","status":"publish","type":"page","link":"https:\/\/marblancsolar.ludeni.dev\/es\/promesa-marblanc-sorteo-anual\/","title":{"rendered":"Promesa Marblanc &#8211; Sorteo anual"},"content":{"rendered":"<div class=\"gb-container gb-container-347a3761 hero-section\">\n<div class=\"gb-container gb-container-ef0f9246\">\n<div class=\"gb-container gb-container-c46ef41d\"><\/div>\n<div class=\"gb-shapes\"><div class=\"gb-shape gb-shape-1\"><svg preserveAspectRatio=\"none\" viewBox=\"0 0 1200 350\" xmlns=\"http:\/\/www.w3.org\/2000\/svg\">\n  <defs>\n    \n    \n    <linearGradient y2=\"0%\" x2=\"0%\" y1=\"0%\" x1=\"100%\" id=\"myShapeGradient\">\n      \n      <stop stop-color=\"#052c64\" offset=\"0%\"><\/stop>\n      <stop stop-color=\"#5785e8\" offset=\"100%\"><\/stop>\n    <\/linearGradient>\n  <\/defs>\n\n  \n  <path d=\"M1200 350V0C22.4 60.3 0 336.7 0 336.7V350h1200z\" fill=\"url(#myShapeGradient)\"><\/path>\n<\/svg><\/div><\/div><\/div>\n<\/div><div class=\"gb-container gb-container-7572436b\">\n<div class=\"gb-container gb-container-e7edeac5\">\n\n<p class=\"gb-headline gb-headline-f9f6853e gb-headline-text\"><em><em>Mira a nuestro copropietario, Roman Mitchell, regalando un sistema solar a un cliente de M\u00e1laga en 2025.<\/em><\/em><\/p>\n\n<\/div>\n<\/div>\n<div class=\"gb-element-943878f0\"><div class=\"gb-container gb-container-ef558e9c\">\n<div class=\"gb-container gb-container-0b610781\">\n\n<figure class=\"wp-block-embed is-type-video is-provider-vimeo wp-block-embed-vimeo wp-embed-aspect-9-16 wp-has-aspect-ratio\"><div class=\"wp-block-embed__wrapper\">\n<iframe loading=\"lazy\" title=\"Shocked! You WON a Real Estate Giveaway Refund!noendphoto\" src=\"https:\/\/player.vimeo.com\/video\/1135885770?dnt=1&amp;app_id=122963\" width=\"563\" height=\"1000\" frameborder=\"0\" allow=\"autoplay; fullscreen; picture-in-picture; clipboard-write; encrypted-media; web-share\" referrerpolicy=\"strict-origin-when-cross-origin\"><\/iframe>\n<\/div><\/figure>\n\n<\/div>\n<\/div><\/div>\n<section class=\"gb-container gb-container-8f3f1171\">\n<div class=\"gb-container gb-container-b6ed79fc\">\n<div class=\"gb-container gb-container-e3eb232c\">\n\n<h2 class=\"gb-headline gb-headline-347e7a7c gb-headline-text\">La Promesa Marblanc: Regalo Anual y Noche de Entretenimiento  <\/h2>\n\n<\/div>\n\n<div class=\"gb-container gb-container-3f5071a0\">\n\n<p>Imag\u00ednate disfrutar de electricidad gratuita durante los pr\u00f3ximos 25 a\u00f1os. \u00bfTe parece demasiado bueno para ser verdad? Con la Promesa Marblanc, es una realidad para un afortunado propietario cada a\u00f1o.  <\/p>\n\n\n\n<p>En <a href=\"https:\/\/marblancsolar.ludeni.dev\/es\/\" title=\"Inicio\">Marblanc<\/a> Solar, nos comprometemos a que tu instalaci\u00f3n de paneles solares no s\u00f3lo sea rentable, sino tambi\u00e9n gratificante.  <\/p>\n\n\n\n<p>Por eso, cada diciembre, devolvemos el favor a uno de nuestros valiosos clientes ofreci\u00e9ndole un reembolso de hasta 10.000 euros en su instalaci\u00f3n solar.<\/p>\n\n\n\n<p>Pero la emoci\u00f3n no acaba ah\u00ed&#8230;<\/p>\n\n\n\n<p>Invitamos a todos nuestros clientes a una celebraci\u00f3n especial de Navidad en Marbella, donde nos reunimos para hacer girar la ruleta y elegir al ganador del a\u00f1o. Es un momento de alegr\u00eda, uni\u00f3n y retribuci\u00f3n, ya que tambi\u00e9n aprovechamos esta oportunidad para hacer regalos a ni\u00f1os desfavorecidos. En 2025, apoyamos la <a href=\"https:\/\/marblancsolar.ludeni.dev\/es\/marblanc-solar-dona-mas-de-180-regalos-a-la-colecta-navidena-de-costa-para-ayudar-a-5-orfanatos-y-180-familias\/\" title=\"Marblanc Solar dona m&#xE1;s de 180 regalos a la colecta navide&#xF1;a de Costa para ayudar a 5 orfanatos y 180 familias\">Colecta de Navidad de Costa<\/a>, y nos entusiasma seguir marcando la diferencia este a\u00f1o.  <\/p>\n\n\n\n<p>\u00bfTienes curiosidad por saber c\u00f3mo puedes participar en este emocionante acontecimiento? \u00a1Sigue leyendo para saber m\u00e1s! <\/p>\n\n<\/div>\n<\/div>\n<\/section><div class=\"gb-container gb-container-a00a6d44\">\n<div class=\"gb-grid-wrapper gb-grid-wrapper-cec4bd47\">\n<div class=\"gb-grid-column gb-grid-column-589fb47f\"><div class=\"gb-container gb-container-589fb47f\"><\/div><\/div>\n\n<div class=\"gb-grid-column gb-grid-column-b64d7cd5\"><div class=\"gb-container gb-container-b64d7cd5\">\n\n<p class=\"gb-headline gb-headline-16128234 gb-headline-text\">\u00b7<\/p>\n\n<\/div><\/div>\n\n<div class=\"gb-grid-column gb-grid-column-5b72b4db\"><div class=\"gb-container gb-container-5b72b4db\"><\/div><\/div>\n<\/div>\n<\/div><section class=\"gb-container gb-container-f80e05ea\">\n<div class=\"gb-container gb-container-ee75c940\">\n<div class=\"gb-container gb-container-94f28f0c\">\n\n<h2 class=\"gb-headline gb-headline-726de13c gb-headline-text\">C\u00f3mo solicitar la devoluci\u00f3n<\/h2>\n\n<\/div>\n\n<div class=\"gb-container gb-container-6928e94c\">\n\n<p>Conseguir una oportunidad para la Promesa Marblanc es sencillo, \u00a1y todo el mundo tiene una oportunidad justa! S\u00f3lo tienes que seguir estos sencillos pasos: <\/p>\n\n\n\n<ul class=\"wp-block-list\">\n<li><strong>Estudio solar gratuito<\/strong>: Programa tu <a href=\"https:\/\/marblancsolar.ludeni.dev\/es\/estudio-solar-gratuito\/\" title=\"Estudio solar gratuito\">estudio solar gratuito<\/a> con nosotros. Si ya lo has hecho en el a\u00f1o en curso, \u00a1est\u00e1s a mitad de camino! <\/li>\n\n\n\n<li><strong>Instalaci\u00f3n solar<\/strong>: Una vez que hayas elegido comprar o financiar un sistema solar con Marblanc Solar, podr\u00e1s acogerte a la promesa.<\/li>\n\n\n\n<li><strong>Consigue tu entrada<\/strong>: Asiste a nuestro evento en directo en Marbella o estate disponible para una llamada telef\u00f3nica si no puedes asistir. El lugar y el momento exacto de 2026 se anunciar\u00e1n pronto, pero una cosa es segura: es un acontecimiento que no querr\u00e1s perderte. <\/li>\n<\/ul>\n\n\n\n<p>Creemos que las instalaciones solares no s\u00f3lo sirven para ahorrar energ\u00eda, sino tambi\u00e9n para crear recuerdos duraderos y apoyar a la comunidad. La Promesa Marblanc es nuestra forma de retribuir a quienes nos conf\u00edan sus hogares y sus necesidades energ\u00e9ticas. <\/p>\n\n\n\n<p>Para m\u00e1s detalles o cualquier pregunta, \u00a1no dudes en ponerte en <a href=\"https:\/\/marblancsolar.ludeni.dev\/es\/contacto\/\" title=\"Ponte en contacto con\">contacto<\/a> con nosotros en Marblanc Solar!<\/p>\n\n<\/div>\n<\/div>\n<\/section><div class=\"gb-container gb-container-a00a6d44\">\n<div class=\"gb-grid-wrapper gb-grid-wrapper-cec4bd47\">\n<div class=\"gb-grid-column gb-grid-column-589fb47f\"><div class=\"gb-container gb-container-589fb47f\"><\/div><\/div>\n\n<div class=\"gb-grid-column gb-grid-column-b64d7cd5\"><div class=\"gb-container gb-container-b64d7cd5\">\n\n<p class=\"gb-headline gb-headline-16128234 gb-headline-text\">\u00b7<\/p>\n\n<\/div><\/div>\n\n<div class=\"gb-grid-column gb-grid-column-5b72b4db\"><div class=\"gb-container gb-container-5b72b4db\"><\/div><\/div>\n<\/div>\n<\/div><section class=\"gb-container gb-container-e92ce807\">\n<div class=\"gb-container gb-container-371305cf\">\n<div class=\"gb-container gb-container-af6d521f\">\n\n<h2 class=\"gb-headline gb-headline-db5ed219 gb-headline-text\">\u00bfTodav\u00eda no te has hecho un estudio solar gratuito?<\/h2>\n\n<\/div>\n\n<div class=\"gb-container gb-container-ea7effb2\">\n\n<p class=\"gb-headline gb-headline-429d01f6 gb-headline-text\">Para participar en el sorteo, tienes que reservar una <a href=\"https:\/\/marblancsolar.ludeni.dev\/es\/estudio-solar-gratuito\/\" title=\"Estudio solar gratuito\">Encuesta Solar Gratuita<\/a>.<\/p>\n\n\n\n<p class=\"gb-headline gb-headline-ed8720f6 gb-headline-text\">La encuesta es necesaria para conocer el coste total de una instalaci\u00f3n solar para tu propiedad.  <\/p>\n\n\n\n<p class=\"gb-headline gb-headline-a07b5615 gb-headline-text\">No te llevar\u00e1 m\u00e1s de 20 minutos.<\/p>\n\n<\/div>\n<\/div>\n<\/section><div class=\"gb-container gb-container-2c0ebd85\">\n<div class=\"gb-container gb-container-575e7f32\" id=\"giveaway\">\n<div class=\"gb-container gb-container-792a323c\">\n\n<h3 class=\"gb-headline gb-headline-1db6b91b gb-headline-text\">Reserva tu encuesta<\/h3>\n\n<\/div>\n\n<div class=\"gb-container gb-container-bf2fecb2\">\n<div class=\"gb-container gb-container-3ebb6d84\">\n\n<div class=\"calculator\" data-calc-id=\"dCsF7ZiLxGwxvwmif\" data-type=\"framed\"><\/div>\n\n<\/div>\n<\/div>\n<\/div>\n<\/div>","protected":false},"excerpt":{"rendered":"<p>Una vez al a\u00f1o, Marblanc Solar celebra un evento en el que reembolsamos a un cliente y hacemos una donaci\u00f3n ben\u00e9fica durante una hermosa noche de entretenimiento en Marbella.<\/p>\n","protected":false},"author":4,"featured_media":0,"parent":0,"menu_order":0,"comment_status":"closed","ping_status":"closed","template":"","meta":{"_acf_changed":false,"footnotes":""},"class_list":{"0":"post-6537","1":"page","2":"type-page","3":"status-publish","5":"no-featured-image-padding"},"acf":[],"aioseo_notices":[],"_links":{"self":[{"href":"https:\/\/marblancsolar.ludeni.dev\/es\/wp-json\/wp\/v2\/pages\/6537","targetHints":{"allow":["GET"]}}],"collection":[{"href":"https:\/\/marblancsolar.ludeni.dev\/es\/wp-json\/wp\/v2\/pages"}],"about":[{"href":"https:\/\/marblancsolar.ludeni.dev\/es\/wp-json\/wp\/v2\/types\/page"}],"author":[{"embeddable":true,"href":"https:\/\/marblancsolar.ludeni.dev\/es\/wp-json\/wp\/v2\/users\/4"}],"replies":[{"embeddable":true,"href":"https:\/\/marblancsolar.ludeni.dev\/es\/wp-json\/wp\/v2\/comments?post=6537"}],"version-history":[{"count":1,"href":"https:\/\/marblancsolar.ludeni.dev\/es\/wp-json\/wp\/v2\/pages\/6537\/revisions"}],"predecessor-version":[{"id":6538,"href":"https:\/\/marblancsolar.ludeni.dev\/es\/wp-json\/wp\/v2\/pages\/6537\/revisions\/6538"}],"wp:attachment":[{"href":"https:\/\/marblancsolar.ludeni.dev\/es\/wp-json\/wp\/v2\/media?parent=6537"}],"curies":[{"name":"wp","href":"https:\/\/api.w.org\/{rel}","templated":true}]}}